{"id":992,"date":"2026-02-20T13:33:23","date_gmt":"2026-02-20T13:33:23","guid":{"rendered":"https:\/\/www.dte-international.com\/?page_id=992"},"modified":"2026-04-08T13:49:32","modified_gmt":"2026-04-08T13:49:32","slug":"flux","status":"publish","type":"page","link":"https:\/\/www.dte-international.com\/en\/flux\/","title":{"rendered":"Flux"},"content":{"rendered":"<div data-elementor-type=\"wp-page\" data-elementor-id=\"992\" class=\"elementor elementor-992\" data-elementor-settings=\"{&quot;ha_cmc_init_switcher&quot;:&quot;no&quot;}\">\n\t\t\t\t<div class=\"elementor-element elementor-element-be061ad e-flex e-con-boxed wpr-particle-no wpr-jarallax-no wpr-parallax-no wpr-sticky-section-no wpr-equal-height-no e-con e-parent\" data-id=\"be061ad\" data-element_type=\"container\" data-e-type=\"container\" data-settings=\"{&quot;_ha_eqh_enable&quot;:false}\">\n\t\t\t\t\t<div class=\"e-con-inner\">\n\t\t\t\t<div class=\"elementor-element elementor-element-84d394b elementor-widget elementor-widget-heading\" data-id=\"84d394b\" data-element_type=\"widget\" data-e-type=\"widget\" data-widget_type=\"heading.default\">\n\t\t\t\t\t<h2 class=\"elementor-heading-title elementor-size-default\">Flux (Granules and Powder) <\/h2>\t\t\t\t<\/div>\n\t\t\t\t\t<\/div>\n\t\t\t\t<\/div>\n\t\t<div class=\"elementor-element elementor-element-6840ae0 e-flex e-con-boxed wpr-particle-no wpr-jarallax-no wpr-parallax-no wpr-sticky-section-no wpr-equal-height-no e-con e-parent\" data-id=\"6840ae0\" data-element_type=\"container\" data-e-type=\"container\" data-settings=\"{&quot;_ha_eqh_enable&quot;:false}\">\n\t\t\t\t\t<div class=\"e-con-inner\">\n\t\t<div class=\"elementor-element elementor-element-51c96e4 e-con-full e-flex wpr-particle-no wpr-jarallax-no wpr-parallax-no wpr-sticky-section-no wpr-equal-height-no e-con e-child\" data-id=\"51c96e4\" data-element_type=\"container\" data-e-type=\"container\" data-settings=\"{&quot;_ha_eqh_enable&quot;:false}\">\n\t\t\t\t<div class=\"elementor-element elementor-element-a926821 elementor-widget elementor-widget-image\" data-id=\"a926821\" data-element_type=\"widget\" data-e-type=\"widget\" data-widget_type=\"image.default\">\n\t\t\t\t\t\t\t\t\t\t\t\t\t\t\t<img fetchpriority=\"high\" decoding=\"async\" width=\"1024\" height=\"684\" src=\"https:\/\/www.dte-international.com\/wp-content\/uploads\/2026\/02\/1806cfd7-7210-4266-9f95-5392fc2cf1ea-1024x684.jpg\" class=\"attachment-large size-large wp-image-1002\" alt=\"\" srcset=\"https:\/\/www.dte-international.com\/wp-content\/uploads\/2026\/02\/1806cfd7-7210-4266-9f95-5392fc2cf1ea-1024x684.jpg 1024w, https:\/\/www.dte-international.com\/wp-content\/uploads\/2026\/02\/1806cfd7-7210-4266-9f95-5392fc2cf1ea-300x200.jpg 300w, https:\/\/www.dte-international.com\/wp-content\/uploads\/2026\/02\/1806cfd7-7210-4266-9f95-5392fc2cf1ea-768x513.jpg 768w, https:\/\/www.dte-international.com\/wp-content\/uploads\/2026\/02\/1806cfd7-7210-4266-9f95-5392fc2cf1ea-1536x1025.jpg 1536w, https:\/\/www.dte-international.com\/wp-content\/uploads\/2026\/02\/1806cfd7-7210-4266-9f95-5392fc2cf1ea-18x12.jpg 18w, https:\/\/www.dte-international.com\/wp-content\/uploads\/2026\/02\/1806cfd7-7210-4266-9f95-5392fc2cf1ea.jpg 1600w\" sizes=\"(max-width: 1024px) 100vw, 1024px\" \/>\t\t\t\t\t\t\t\t\t\t\t\t\t\t\t<\/div>\n\t\t\t\t<\/div>\n\t\t<div class=\"elementor-element elementor-element-f1a97fe e-con-full e-flex wpr-particle-no wpr-jarallax-no wpr-parallax-no wpr-sticky-section-no wpr-equal-height-no e-con e-child\" data-id=\"f1a97fe\" data-element_type=\"container\" data-e-type=\"container\" data-settings=\"{&quot;_ha_eqh_enable&quot;:false}\">\n\t\t\t\t<div class=\"elementor-element elementor-element-7b9e0b7 elementor-widget elementor-widget-image\" data-id=\"7b9e0b7\" data-element_type=\"widget\" data-e-type=\"widget\" data-widget_type=\"image.default\">\n\t\t\t\t\t\t\t\t\t\t\t\t\t\t\t<img decoding=\"async\" width=\"650\" height=\"309\" data-src=\"https:\/\/www.dte-international.com\/wp-content\/uploads\/2026\/02\/145d1921-30f5-4d36-9e43-e5ba4769cb1f.png\" class=\"attachment-large size-large wp-image-1001 lazyload\" alt=\"\" data-srcset=\"https:\/\/www.dte-international.com\/wp-content\/uploads\/2026\/02\/145d1921-30f5-4d36-9e43-e5ba4769cb1f.png 650w, https:\/\/www.dte-international.com\/wp-content\/uploads\/2026\/02\/145d1921-30f5-4d36-9e43-e5ba4769cb1f-300x143.png 300w, https:\/\/www.dte-international.com\/wp-content\/uploads\/2026\/02\/145d1921-30f5-4d36-9e43-e5ba4769cb1f-18x9.png 18w\" data-sizes=\"(max-width: 650px) 100vw, 650px\" src=\"data:image\/svg+xml;base64,PHN2ZyB3aWR0aD0iMSIgaGVpZ2h0PSIxIiB4bWxucz0iaHR0cDovL3d3dy53My5vcmcvMjAwMC9zdmciPjwvc3ZnPg==\" style=\"--smush-placeholder-width: 650px; --smush-placeholder-aspect-ratio: 650\/309;\" \/>\t\t\t\t\t\t\t\t\t\t\t\t\t\t\t<\/div>\n\t\t\t\t<\/div>\n\t\t\t\t\t<\/div>\n\t\t\t\t<\/div>\n\t\t<div class=\"elementor-element elementor-element-c8a704c e-flex e-con-boxed wpr-particle-no wpr-jarallax-no wpr-parallax-no wpr-sticky-section-no wpr-equal-height-no e-con e-parent\" data-id=\"c8a704c\" data-element_type=\"container\" data-e-type=\"container\" data-settings=\"{&quot;_ha_eqh_enable&quot;:false}\">\n\t\t\t\t\t<div class=\"e-con-inner\">\n\t\t\t\t<div class=\"elementor-element elementor-element-89b6cf2 elementor-widget elementor-widget-text-editor\" data-id=\"89b6cf2\" data-element_type=\"widget\" data-e-type=\"widget\" data-widget_type=\"text-editor.default\">\n\t\t\t\t\t\t\t\t\t<p data-start=\"484\" data-end=\"667\">Flux is a high-performance product developed for the effective separation of oxide layers, slag, and non-metallic residues formed during aluminum melting and holding processes.<\/p><p data-start=\"669\" data-end=\"884\">Thanks to its special formulation, it brings the oxidized structures formed in the liquid metal bath to the surface, facilitating easy cleaning. It minimizes metal loss while creating a cleaner, more homogeneous, and stable melting process.<\/p><p data-start=\"669\" data-end=\"884\">High slag formation and metal loss lead to significant productivity losses in foundries. The flux formulation we have developed effectively controls this problem.<\/p><h3 data-start=\"891\" data-end=\"910\">Process Additives<\/h3><ul data-start=\"912\" data-end=\"1122\"><li data-start=\"912\" data-end=\"947\"><p data-start=\"914\" data-end=\"947\">Effective control of slag formation<\/p><\/li><li data-start=\"948\" data-end=\"991\"><p data-start=\"950\" data-end=\"991\">Cleanliness and homogeneity in the metal bath.<\/p><\/li><li data-start=\"992\" data-end=\"1018\"><p data-start=\"994\" data-end=\"1018\">Reduced metal loss<\/p><\/li><li data-start=\"1046\" data-end=\"1079\"><p data-start=\"1048\" data-end=\"1079\">Improved surface quality<\/p><\/li><li data-start=\"1080\" data-end=\"1122\"><p data-start=\"1082\" data-end=\"1122\">More stable and controlled casting process.<\/p><\/li><\/ul><hr data-start=\"1124\" data-end=\"1127\" \/><h3 data-start=\"1129\" data-end=\"1149\">Technical Advantages<\/h3><ul data-start=\"1151\" data-end=\"1387\"><li data-start=\"1188\" data-end=\"1231\"><p data-start=\"1190\" data-end=\"1231\">A structure that increases the metal recovery rate.<\/p><\/li><li data-start=\"1232\" data-end=\"1283\"><p data-start=\"1234\" data-end=\"1283\">Compatible with various aluminum alloys.<\/p><\/li><li data-start=\"1335\" data-end=\"1387\"><p data-start=\"1337\" data-end=\"1387\">Performance that optimizes operational costs.<\/p><\/li><\/ul>\t\t\t\t\t\t\t\t<\/div>\n\t\t\t\t\t<\/div>\n\t\t\t\t<\/div>\n\t\t\t\t<\/div>","protected":false},"excerpt":{"rendered":"<p>Flux (Gran\u00fcl ve Toz) Al\u00fcminyum ergitme ve tutma proseslerinde olu\u015fan oksit tabakas\u0131, c\u00fcruf [&hellip;]<\/p>\n","protected":false},"author":1,"featured_media":0,"parent":0,"menu_order":0,"comment_status":"closed","ping_status":"closed","template":"","meta":{"_acf_changed":false,"_eb_attr":"","om_disable_all_campaigns":false,"_monsterinsights_skip_tracking":false,"_monsterinsights_sitenote_active":false,"_monsterinsights_sitenote_note":"","_monsterinsights_sitenote_category":0,"footnotes":""},"class_list":["post-992","page","type-page","status-publish","hentry"],"acf":[],"aioseo_notices":[],"_links":{"self":[{"href":"https:\/\/www.dte-international.com\/en\/wp-json\/wp\/v2\/pages\/992","targetHints":{"allow":["GET"]}}],"collection":[{"href":"https:\/\/www.dte-international.com\/en\/wp-json\/wp\/v2\/pages"}],"about":[{"href":"https:\/\/www.dte-international.com\/en\/wp-json\/wp\/v2\/types\/page"}],"author":[{"embeddable":true,"href":"https:\/\/www.dte-international.com\/en\/wp-json\/wp\/v2\/users\/1"}],"replies":[{"embeddable":true,"href":"https:\/\/www.dte-international.com\/en\/wp-json\/wp\/v2\/comments?post=992"}],"version-history":[{"count":14,"href":"https:\/\/www.dte-international.com\/en\/wp-json\/wp\/v2\/pages\/992\/revisions"}],"predecessor-version":[{"id":1403,"href":"https:\/\/www.dte-international.com\/en\/wp-json\/wp\/v2\/pages\/992\/revisions\/1403"}],"wp:attachment":[{"href":"https:\/\/www.dte-international.com\/en\/wp-json\/wp\/v2\/media?parent=992"}],"curies":[{"name":"wp","href":"https:\/\/api.w.org\/{rel}","templated":true}]}}