{"id":912,"date":"2026-01-23T13:06:48","date_gmt":"2026-01-23T13:06:48","guid":{"rendered":"https:\/\/www.dte-international.com\/?page_id=912"},"modified":"2026-04-08T13:37:45","modified_gmt":"2026-04-08T13:37:45","slug":"silcagrease-g220","status":"publish","type":"page","link":"https:\/\/www.dte-international.com\/en\/silcagrease-g220\/","title":{"rendered":"Silcagrease G220"},"content":{"rendered":"<div data-elementor-type=\"wp-page\" data-elementor-id=\"912\" class=\"elementor elementor-912\" data-elementor-settings=\"{&quot;ha_cmc_init_switcher&quot;:&quot;no&quot;}\">\n\t\t\t\t<div class=\"elementor-element elementor-element-d917609 e-flex e-con-boxed wpr-particle-no wpr-jarallax-no wpr-parallax-no wpr-sticky-section-no wpr-equal-height-no e-con e-parent\" data-id=\"d917609\" data-element_type=\"container\" data-e-type=\"container\" data-settings=\"{&quot;_ha_eqh_enable&quot;:false}\">\n\t\t\t\t\t<div class=\"e-con-inner\">\n\t\t\t\t<div class=\"elementor-element elementor-element-8c375a2 elementor-widget elementor-widget-heading\" data-id=\"8c375a2\" data-element_type=\"widget\" data-e-type=\"widget\" data-widget_type=\"heading.default\">\n\t\t\t\t\t<h2 class=\"elementor-heading-title elementor-size-default\">Graphite-Based Paste-Form Piston Oil \u2013 Silcagrease G220<\/h2>\t\t\t\t<\/div>\n\t\t\t\t\t<\/div>\n\t\t\t\t<\/div>\n\t\t<div class=\"elementor-element elementor-element-0903420 e-flex e-con-boxed wpr-particle-no wpr-jarallax-no wpr-parallax-no wpr-sticky-section-no wpr-equal-height-no e-con e-parent\" data-id=\"0903420\" data-element_type=\"container\" data-e-type=\"container\" data-settings=\"{&quot;_ha_eqh_enable&quot;:false}\">\n\t\t\t\t\t<div class=\"e-con-inner\">\n\t\t\t\t<div class=\"elementor-element elementor-element-326786f elementor-widget elementor-widget-image\" data-id=\"326786f\" data-element_type=\"widget\" data-e-type=\"widget\" data-widget_type=\"image.default\">\n\t\t\t\t\t\t\t\t\t\t\t\t\t\t\t<img fetchpriority=\"high\" decoding=\"async\" width=\"300\" height=\"300\" src=\"https:\/\/www.dte-international.com\/wp-content\/uploads\/2026\/04\/b62de60a-9068-4cdd-af43-d7e34b592ca1-300x300.png\" class=\"attachment-medium size-medium wp-image-1355\" alt=\"\" srcset=\"https:\/\/www.dte-international.com\/wp-content\/uploads\/2026\/04\/b62de60a-9068-4cdd-af43-d7e34b592ca1-300x300.png 300w, https:\/\/www.dte-international.com\/wp-content\/uploads\/2026\/04\/b62de60a-9068-4cdd-af43-d7e34b592ca1-1024x1024.png 1024w, https:\/\/www.dte-international.com\/wp-content\/uploads\/2026\/04\/b62de60a-9068-4cdd-af43-d7e34b592ca1-150x150.png 150w, https:\/\/www.dte-international.com\/wp-content\/uploads\/2026\/04\/b62de60a-9068-4cdd-af43-d7e34b592ca1-768x768.png 768w, https:\/\/www.dte-international.com\/wp-content\/uploads\/2026\/04\/b62de60a-9068-4cdd-af43-d7e34b592ca1-1536x1536.png 1536w, https:\/\/www.dte-international.com\/wp-content\/uploads\/2026\/04\/b62de60a-9068-4cdd-af43-d7e34b592ca1-12x12.png 12w, https:\/\/www.dte-international.com\/wp-content\/uploads\/2026\/04\/b62de60a-9068-4cdd-af43-d7e34b592ca1.png 2048w\" sizes=\"(max-width: 300px) 100vw, 300px\" \/>\t\t\t\t\t\t\t\t\t\t\t\t\t\t\t<\/div>\n\t\t\t\t\t<\/div>\n\t\t\t\t<\/div>\n\t\t<div class=\"elementor-element elementor-element-7389b37 e-flex e-con-boxed wpr-particle-no wpr-jarallax-no wpr-parallax-no wpr-sticky-section-no wpr-equal-height-no e-con e-parent\" data-id=\"7389b37\" data-element_type=\"container\" data-e-type=\"container\" data-settings=\"{&quot;_ha_eqh_enable&quot;:false}\">\n\t\t\t\t\t<div class=\"e-con-inner\">\n\t\t\t\t<div class=\"elementor-element elementor-element-5dc667a elementor-widget elementor-widget-text-editor\" data-id=\"5dc667a\" data-element_type=\"widget\" data-e-type=\"widget\" data-widget_type=\"text-editor.default\">\n\t\t\t\t\t\t\t\t\t<p data-start=\"86\" data-end=\"251\" class=\"translation-block\">Silcagrease G220 is a high-performance piston (plunger) lubricant developed for high-pressure die casting (HPDC) processes of mild metals.<\/p><p data-start=\"253\" data-end=\"527\" class=\"translation-block\">Its high-purity natural graphite content, combined with a synergistic special formulation created with white solid lubricants, provides superior lubrication on piston and shot sleeve surfaces. This structure reduces wear, significantly extending the service life of the equipment.<\/p>\t\t\t\t\t\t\t\t<\/div>\n\t\t\t\t\t<\/div>\n\t\t\t\t<\/div>\n\t\t<div class=\"elementor-element elementor-element-1dec9fe e-flex e-con-boxed wpr-particle-no wpr-jarallax-no wpr-parallax-no wpr-sticky-section-no wpr-equal-height-no e-con e-parent\" data-id=\"1dec9fe\" data-element_type=\"container\" data-e-type=\"container\" data-settings=\"{&quot;_ha_eqh_enable&quot;:false}\">\n\t\t\t\t\t<div class=\"e-con-inner\">\n\t\t\t\t<div class=\"elementor-element elementor-element-7ebc1b2 elementor-widget elementor-widget-text-editor\" data-id=\"7ebc1b2\" data-element_type=\"widget\" data-e-type=\"widget\" data-widget_type=\"text-editor.default\">\n\t\t\t\t\t\t\t\t\t<ul><li data-start=\"150\" data-end=\"248\"><p data-start=\"152\" data-end=\"248\" class=\"translation-block\">Specifically developed for High Pressure Die Casting (HPDC) processes of light metals.<\/p><\/li><li data-start=\"249\" data-end=\"336\"><p data-start=\"251\" data-end=\"336\" class=\"translation-block\">It provides superior lubrication performance thanks to its high-purity natural graphite content.<\/p><\/li><li data-start=\"337\" data-end=\"433\"><p data-start=\"339\" data-end=\"433\" class=\"translation-block\">It minimizes wear through a synergistic formulation created with white solid lubricants.<\/p><\/li><li data-start=\"434\" data-end=\"526\"><p data-start=\"436\" data-end=\"526\" class=\"translation-block\">It forms a long-lasting protective film on the surfaces of the piston (plunger) and shot sleeve.<\/p><\/li><li data-start=\"527\" data-end=\"605\"><p data-start=\"529\" data-end=\"605\" class=\"translation-block\">It extends piston and shot sleeve life, reducing maintenance and downtime.<\/p><\/li><li data-start=\"606\" data-end=\"671\"><p data-start=\"608\" data-end=\"671\" class=\"translation-block\">It offers stable and reliable performance at high temperatures.<\/p><\/li><li data-start=\"672\" data-end=\"754\"><p data-start=\"674\" data-end=\"754\" class=\"translation-block\">It provides more stable and repeatable casting by reducing metal-to-metal contact.<\/p><\/li><li data-start=\"755\" data-end=\"803\"><p data-start=\"757\" data-end=\"803\" class=\"translation-block\">Easy to implement, operator-friendly design.<\/p><\/li><li data-start=\"755\" data-end=\"803\"><p data-start=\"757\" data-end=\"803\">Increased piston and cylinder lifespan.<\/p><p data-start=\"757\" data-end=\"803\">\u27a2 Bright cast surfaces<\/p><p data-start=\"757\" data-end=\"803\">\u27a2 High temperature resistance thanks to the improved formula.<\/p><p data-start=\"757\" data-end=\"803\">\u27a2 Enhanced protection thanks to capillary action<\/p><p data-start=\"757\" data-end=\"803\">\u27a2 Reduction in porosity and viscosity in castings.<\/p><\/li><li data-start=\"755\" data-end=\"803\"><p data-start=\"757\" data-end=\"803\" class=\"translation-block\">Application area: Piston lubricant for aluminum, magnesium, and zinc alloys in high-pressure die casting processes.<\/p><\/li><li data-start=\"755\" data-end=\"803\"><p data-start=\"757\" data-end=\"803\"><strong>Colour:<\/strong>\u00a0Black \u2013 Grey<\/p><\/li><li data-start=\"755\" data-end=\"803\"><p data-start=\"757\" data-end=\"803\"><strong>Density:<\/strong>\u00a01.1g\/cm\u00b3<\/p><\/li><li data-start=\"755\" data-end=\"803\"><p data-start=\"757\" data-end=\"803\"><strong>Carrier:<\/strong>\u00a0Mineral Oil<\/p><\/li><\/ul>\t\t\t\t\t\t\t\t<\/div>\n\t\t\t\t\t<\/div>\n\t\t\t\t<\/div>\n\t\t<div class=\"elementor-element elementor-element-3ea8c83 e-flex e-con-boxed wpr-particle-no wpr-jarallax-no wpr-parallax-no wpr-sticky-section-no wpr-equal-height-no e-con e-parent\" data-id=\"3ea8c83\" data-element_type=\"container\" data-e-type=\"container\" data-settings=\"{&quot;_ha_eqh_enable&quot;:false}\">\n\t\t\t\t\t<div class=\"e-con-inner\">\n\t\t\t\t<div class=\"elementor-element elementor-element-e00b9c1 wpr-button-icon-style-inline wpr-button-icon-position-right elementor-widget elementor-widget-wpr-button\" data-id=\"e00b9c1\" data-element_type=\"widget\" data-e-type=\"widget\" data-widget_type=\"wpr-button.default\">\n\t\t\t\t\t\t\n\t\t\t\n\t\t\n\t\t<div class=\"wpr-button-wrap elementor-clearfix\">\n\t\t<a class=\"wpr-button wpr-button-effect wpr-button-none\" data-text=\"\" href=\"https:\/\/www.dte-international.com\/wp-content\/uploads\/2026\/04\/SILCA-TDS-Silcagrease-G220.pdf\" target=\"_blank\">\n\t\t\t\n\t\t\t<span class=\"wpr-button-content\">\n\t\t\t\t\t\t\t\t\t<span class=\"wpr-button-text\">Teknik D\u00f6k\u00fcman \u0130ndir<\/span>\n\t\t\t\t\t\t\t\t\n\t\t\t\t\t\t\t\t\t<span class=\"wpr-button-icon\"><i class=\"icon icon-download-button\"><\/i><\/span>\n\t\t\t\t\t\t\t<\/span>\n\t\t<\/a>\n\n\t\t\t\t<\/div>\n\t\n\t\n\t\t\t\t\t<\/div>\n\t\t\t\t\t<\/div>\n\t\t\t\t<\/div>\n\t\t\t\t<\/div>","protected":false},"excerpt":{"rendered":"<p>Grafit Bazl\u0131 Pasta Formunda Piston Ya\u011f\u0131 &#8211; Silcagrease G220 Silcagrease G220, hafif metallerin\u00a0y\u00fcksek [&hellip;]<\/p>\n","protected":false},"author":1,"featured_media":0,"parent":0,"menu_order":0,"comment_status":"closed","ping_status":"closed","template":"","meta":{"_acf_changed":false,"_eb_attr":"","om_disable_all_campaigns":false,"_monsterinsights_skip_tracking":false,"_monsterinsights_sitenote_active":false,"_monsterinsights_sitenote_note":"","_monsterinsights_sitenote_category":0,"footnotes":""},"class_list":["post-912","page","type-page","status-publish","hentry"],"acf":[],"aioseo_notices":[],"_links":{"self":[{"href":"https:\/\/www.dte-international.com\/en\/wp-json\/wp\/v2\/pages\/912","targetHints":{"allow":["GET"]}}],"collection":[{"href":"https:\/\/www.dte-international.com\/en\/wp-json\/wp\/v2\/pages"}],"about":[{"href":"https:\/\/www.dte-international.com\/en\/wp-json\/wp\/v2\/types\/page"}],"author":[{"embeddable":true,"href":"https:\/\/www.dte-international.com\/en\/wp-json\/wp\/v2\/users\/1"}],"replies":[{"embeddable":true,"href":"https:\/\/www.dte-international.com\/en\/wp-json\/wp\/v2\/comments?post=912"}],"version-history":[{"count":24,"href":"https:\/\/www.dte-international.com\/en\/wp-json\/wp\/v2\/pages\/912\/revisions"}],"predecessor-version":[{"id":1376,"href":"https:\/\/www.dte-international.com\/en\/wp-json\/wp\/v2\/pages\/912\/revisions\/1376"}],"wp:attachment":[{"href":"https:\/\/www.dte-international.com\/en\/wp-json\/wp\/v2\/media?parent=912"}],"curies":[{"name":"wp","href":"https:\/\/api.w.org\/{rel}","templated":true}]}}