{"id":909,"date":"2026-01-23T13:00:59","date_gmt":"2026-01-23T13:00:59","guid":{"rendered":"https:\/\/www.dte-international.com\/?page_id=909"},"modified":"2026-04-08T07:42:16","modified_gmt":"2026-04-08T07:42:16","slug":"maca-ve-kalip-alistirma-yagi-silcadur-aw","status":"publish","type":"page","link":"https:\/\/www.dte-international.com\/en\/maca-ve-kalip-alistirma-yagi-silcadur-aw\/","title":{"rendered":"Release Paste for Die-casting Moulds - Silcadur AW"},"content":{"rendered":"<div data-elementor-type=\"wp-page\" data-elementor-id=\"909\" class=\"elementor elementor-909\" data-elementor-settings=\"{&quot;ha_cmc_init_switcher&quot;:&quot;no&quot;}\">\n\t\t\t\t<div class=\"elementor-element elementor-element-f6036fa e-flex e-con-boxed wpr-particle-no wpr-jarallax-no wpr-parallax-no wpr-sticky-section-no wpr-equal-height-no e-con e-parent\" data-id=\"f6036fa\" data-element_type=\"container\" data-e-type=\"container\" data-settings=\"{&quot;_ha_eqh_enable&quot;:false}\">\n\t\t\t\t\t<div class=\"e-con-inner\">\n\t\t\t\t<div class=\"elementor-element elementor-element-6a34f55 elementor-widget elementor-widget-heading\" data-id=\"6a34f55\" data-element_type=\"widget\" data-e-type=\"widget\" data-widget_type=\"heading.default\">\n\t\t\t\t\t<h3 class=\"elementor-heading-title elementor-size-default\">Release Paste for Die-casting Moulds - Silcadur AW<\/h3>\t\t\t\t<\/div>\n\t\t\t\t\t<\/div>\n\t\t\t\t<\/div>\n\t\t<div class=\"elementor-element elementor-element-38eda09 e-flex e-con-boxed wpr-particle-no wpr-jarallax-no wpr-parallax-no wpr-sticky-section-no wpr-equal-height-no e-con e-parent\" data-id=\"38eda09\" data-element_type=\"container\" data-e-type=\"container\" data-settings=\"{&quot;_ha_eqh_enable&quot;:false}\">\n\t\t\t\t\t<div class=\"e-con-inner\">\n\t\t\t\t<div class=\"elementor-element elementor-element-53f3f84 elementor-widget elementor-widget-image\" data-id=\"53f3f84\" data-element_type=\"widget\" data-e-type=\"widget\" data-widget_type=\"image.default\">\n\t\t\t\t\t\t\t\t\t\t\t\t\t\t\t<img decoding=\"async\" data-src=\"http:\/\/www.dte-international.com\/wp-content\/uploads\/2026\/01\/Gemini_Generated_Image_2he0ev2he0ev2he0_upscayl_4x_upscayl-standard-4x-scaled.png\" title=\"\" alt=\"\" src=\"data:image\/svg+xml;base64,PHN2ZyB3aWR0aD0iMSIgaGVpZ2h0PSIxIiB4bWxucz0iaHR0cDovL3d3dy53My5vcmcvMjAwMC9zdmciPjwvc3ZnPg==\" class=\"lazyload\" \/>\t\t\t\t\t\t\t\t\t\t\t\t\t\t\t<\/div>\n\t\t\t\t\t<\/div>\n\t\t\t\t<\/div>\n\t\t<div class=\"elementor-element elementor-element-0800b7f e-flex e-con-boxed wpr-particle-no wpr-jarallax-no wpr-parallax-no wpr-sticky-section-no wpr-equal-height-no e-con e-parent\" data-id=\"0800b7f\" data-element_type=\"container\" data-e-type=\"container\" data-settings=\"{&quot;_ha_eqh_enable&quot;:false}\">\n\t\t\t\t\t<div class=\"e-con-inner\">\n\t\t\t\t<div class=\"elementor-element elementor-element-486c885 elementor-widget elementor-widget-text-editor\" data-id=\"486c885\" data-element_type=\"widget\" data-e-type=\"widget\" data-widget_type=\"text-editor.default\">\n\t\t\t\t\t\t\t\t\t<p data-start=\"153\" data-end=\"343\" class=\"translation-block\">Silcadur AW is a high-performance oil specifically developed for core and mold fitting processes used in high-pressure die casting (HPDC) of aluminum.<\/p><p data-start=\"345\" data-end=\"579\" class=\"translation-block\">By creating a controlled lubrication film on the mold and core surfaces, it prevents the metal from sticking to the surface during the initial run-in and break-in phases. This ensures that both the mold and core surfaces are prepared for production safely and evenly.<\/p>\t\t\t\t\t\t\t\t<\/div>\n\t\t\t\t\t<\/div>\n\t\t\t\t<\/div>\n\t\t<div class=\"elementor-element elementor-element-8efb6ed e-flex e-con-boxed wpr-particle-no wpr-jarallax-no wpr-parallax-no wpr-sticky-section-no wpr-equal-height-no e-con e-parent\" data-id=\"8efb6ed\" data-element_type=\"container\" data-e-type=\"container\" data-settings=\"{&quot;_ha_eqh_enable&quot;:false}\">\n\t\t\t\t\t<div class=\"e-con-inner\">\n\t\t\t\t<div class=\"elementor-element elementor-element-46c035d elementor-widget elementor-widget-text-editor\" data-id=\"46c035d\" data-element_type=\"widget\" data-e-type=\"widget\" data-widget_type=\"text-editor.default\">\n\t\t\t\t\t\t\t\t\t<ul data-start=\"599\" data-end=\"888\"><li data-start=\"599\" data-end=\"673\"><p data-start=\"601\" data-end=\"673\" class=\"translation-block\">It allows for the fitting of new or revised molds and cores.<\/p><\/li><li data-start=\"674\" data-end=\"744\"><p data-start=\"676\" data-end=\"744\" class=\"translation-block\">It prevents adhesion and surface damage that may occur during initial castings.<\/p><\/li><li data-start=\"745\" data-end=\"817\"><p data-start=\"747\" data-end=\"817\" class=\"translation-block\">It ensures stable production by creating homogeneous lubrication on the mold surface.<\/p><\/li><li data-start=\"818\" data-end=\"849\"><p data-start=\"820\" data-end=\"849\">It extends the life of the mold and plunger<\/p><\/li><li data-start=\"850\" data-end=\"888\"><p data-start=\"852\" data-end=\"888\">Improves casting surface quality.<\/p><\/li><\/ul><p data-start=\"890\" data-end=\"905\"><strong data-start=\"890\" data-end=\"905\">Advantages<\/strong><\/p><ul data-start=\"906\" data-end=\"1086\"><li data-start=\"906\" data-end=\"948\"><p data-start=\"908\" data-end=\"948\">High temperature resistant formulation<\/p><\/li><li data-start=\"949\" data-end=\"994\"><p data-start=\"951\" data-end=\"994\">Controlled and clean combustion, minimum residue.<\/p><\/li><li data-start=\"995\" data-end=\"1034\"><p data-start=\"997\" data-end=\"1034\">Easy to implement, operator-friendly.<\/p><\/li><li data-start=\"1035\" data-end=\"1086\"><p data-start=\"1037\" data-end=\"1086\">Safe process control in the initial production stages.<\/p><\/li><li data-start=\"1035\" data-end=\"1086\"><p data-start=\"1037\" data-end=\"1086\">Excellent mold release and metal flow.<\/p><p data-start=\"1037\" data-end=\"1086\">\u27a2 Bright cast surfaces when applied in small amounts.<\/p><p data-start=\"1037\" data-end=\"1086\">\u27a2 Exceptional appearance without carbon buildup<\/p><p data-start=\"1037\" data-end=\"1086\">\u27a2 High temperature resistance<\/p><\/li><li data-start=\"1035\" data-end=\"1086\"><strong>Colour:<\/strong>\u00a0Black<\/li><li data-start=\"1035\" data-end=\"1086\"><strong>Carrier:<\/strong>\u00a0Mineral Oil<\/li><li data-start=\"1035\" data-end=\"1086\"><strong>Density:<\/strong>\u00a00.90g\/cm\u00b3<\/li><\/ul>\t\t\t\t\t\t\t\t<\/div>\n\t\t\t\t\t<\/div>\n\t\t\t\t<\/div>\n\t\t<div class=\"elementor-element elementor-element-03cf331 e-flex e-con-boxed wpr-particle-no wpr-jarallax-no wpr-parallax-no wpr-sticky-section-no wpr-equal-height-no e-con e-parent\" data-id=\"03cf331\" data-element_type=\"container\" data-e-type=\"container\" data-settings=\"{&quot;_ha_eqh_enable&quot;:false}\">\n\t\t\t\t\t<div class=\"e-con-inner\">\n\t\t\t\t<div class=\"elementor-element elementor-element-575130a wpr-button-icon-style-inline wpr-button-icon-position-right elementor-widget elementor-widget-wpr-button\" data-id=\"575130a\" data-element_type=\"widget\" data-e-type=\"widget\" data-widget_type=\"wpr-button.default\">\n\t\t\t\t\t\t\n\t\t\t\n\t\t\n\t\t<div class=\"wpr-button-wrap elementor-clearfix\">\n\t\t<a class=\"wpr-button wpr-button-effect wpr-button-none\" data-text=\"\" href=\"https:\/\/www.dte-international.com\/wp-content\/uploads\/2026\/04\/SILCA-TDS-Silcadur-AW.pdf\" target=\"_blank\">\n\t\t\t\n\t\t\t<span class=\"wpr-button-content\">\n\t\t\t\t\t\t\t\t\t<span class=\"wpr-button-text\">Teknik D\u00f6k\u00fcman \u0130ndir<\/span>\n\t\t\t\t\t\t\t\t\n\t\t\t\t\t\t\t\t\t<span class=\"wpr-button-icon\"><i class=\"icon icon-download-button\"><\/i><\/span>\n\t\t\t\t\t\t\t<\/span>\n\t\t<\/a>\n\n\t\t\t\t<\/div>\n\t\n\t\n\t\t\t\t\t<\/div>\n\t\t\t\t\t<\/div>\n\t\t\t\t<\/div>\n\t\t\t\t<\/div>","protected":false},"excerpt":{"rendered":"<p>Ma\u00e7a ve Kal\u0131p Al\u0131\u015ft\u0131rma Ya\u011f\u0131 &#8211; Silcadur AW Silcadur AW, al\u00fcminyum\u00a0y\u00fcksek bas\u0131n\u00e7l\u0131 d\u00f6k\u00fcm [&hellip;]<\/p>\n","protected":false},"author":1,"featured_media":0,"parent":0,"menu_order":0,"comment_status":"closed","ping_status":"closed","template":"","meta":{"_acf_changed":false,"_eb_attr":"","om_disable_all_campaigns":false,"_monsterinsights_skip_tracking":false,"_monsterinsights_sitenote_active":false,"_monsterinsights_sitenote_note":"","_monsterinsights_sitenote_category":0,"footnotes":""},"class_list":["post-909","page","type-page","status-publish","hentry"],"acf":[],"aioseo_notices":[],"_links":{"self":[{"href":"https:\/\/www.dte-international.com\/en\/wp-json\/wp\/v2\/pages\/909","targetHints":{"allow":["GET"]}}],"collection":[{"href":"https:\/\/www.dte-international.com\/en\/wp-json\/wp\/v2\/pages"}],"about":[{"href":"https:\/\/www.dte-international.com\/en\/wp-json\/wp\/v2\/types\/page"}],"author":[{"embeddable":true,"href":"https:\/\/www.dte-international.com\/en\/wp-json\/wp\/v2\/users\/1"}],"replies":[{"embeddable":true,"href":"https:\/\/www.dte-international.com\/en\/wp-json\/wp\/v2\/comments?post=909"}],"version-history":[{"count":11,"href":"https:\/\/www.dte-international.com\/en\/wp-json\/wp\/v2\/pages\/909\/revisions"}],"predecessor-version":[{"id":1308,"href":"https:\/\/www.dte-international.com\/en\/wp-json\/wp\/v2\/pages\/909\/revisions\/1308"}],"wp:attachment":[{"href":"https:\/\/www.dte-international.com\/en\/wp-json\/wp\/v2\/media?parent=909"}],"curies":[{"name":"wp","href":"https:\/\/api.w.org\/{rel}","templated":true}]}}