{"id":748,"date":"2025-12-31T13:44:32","date_gmt":"2025-12-31T13:44:32","guid":{"rendered":"https:\/\/www.dte-international.com\/?page_id=748"},"modified":"2025-12-31T14:03:00","modified_gmt":"2025-12-31T14:03:00","slug":"gizlilik","status":"publish","type":"page","link":"https:\/\/www.dte-international.com\/en\/gizlilik\/","title":{"rendered":"Privacy"},"content":{"rendered":"<div data-elementor-type=\"wp-page\" data-elementor-id=\"748\" class=\"elementor elementor-748\" data-elementor-settings=\"{&quot;ha_cmc_init_switcher&quot;:&quot;no&quot;}\">\n\t\t\t\t<div class=\"elementor-element elementor-element-00020af e-flex e-con-boxed wpr-particle-no wpr-jarallax-no wpr-parallax-no wpr-sticky-section-no wpr-equal-height-no e-con e-parent\" data-id=\"00020af\" data-element_type=\"container\" data-e-type=\"container\" data-settings=\"{&quot;_ha_eqh_enable&quot;:false}\">\n\t\t\t\t\t<div class=\"e-con-inner\">\n\t\t\t\t<div class=\"elementor-element elementor-element-830432a elementor-widget elementor-widget-heading\" data-id=\"830432a\" data-element_type=\"widget\" data-e-type=\"widget\" data-widget_type=\"heading.default\">\n\t\t\t\t\t<h3 class=\"elementor-heading-title elementor-size-default\">Privacy Policy<\/h3>\t\t\t\t<\/div>\n\t\t\t\t\t<\/div>\n\t\t\t\t<\/div>\n\t\t<div class=\"elementor-element elementor-element-9a7beb6 e-con-full e-flex wpr-particle-no wpr-jarallax-no wpr-parallax-no wpr-sticky-section-no wpr-equal-height-no e-con e-parent\" data-id=\"9a7beb6\" data-element_type=\"container\" data-e-type=\"container\" data-settings=\"{&quot;_ha_eqh_enable&quot;:false}\">\n\t\t\t\t<div class=\"elementor-element elementor-element-49fed9e elementor-widget elementor-widget-text-editor\" data-id=\"49fed9e\" data-element_type=\"widget\" data-e-type=\"widget\" data-widget_type=\"text-editor.default\">\n\t\t\t\t\t\t\t\t\t<p data-start=\"255\" data-end=\"478\" class=\"translation-block\">This Privacy Policy describes the principles governing the collection, use, storage, and protection of personal data of users visiting the website operated by DTE International (\u201cthe Company\u201d).<\/p><p data-start=\"480\" data-end=\"591\">Web sitemizi ziyaret eden t\u00fcm kullan\u0131c\u0131lar, i\u015fbu Gizlilik Politikas\u0131\u2019nda yer alan \u015fartlar\u0131 kabul etmi\u015f say\u0131l\u0131r.<\/p><h4 data-start=\"598\" data-end=\"625\">\u00a0<\/h4><h4 style=\"color: #000000;\" data-start=\"598\" data-end=\"625\"><strong>Personal Data Collected<\/strong><\/h4><p style=\"color: #000000; font-size: medium;\" data-start=\"627\" data-end=\"694\">The following personal data may be collected through our website:<\/p><ul style=\"color: #000000; font-size: medium;\" data-start=\"696\" data-end=\"919\"><li data-start=\"696\" data-end=\"711\"><p data-start=\"698\" data-end=\"711\">Name and surname<\/p><\/li><li data-start=\"712\" data-end=\"730\"><p data-start=\"714\" data-end=\"730\">E-mail<\/p><\/li><li data-start=\"731\" data-end=\"751\"><p data-start=\"733\" data-end=\"751\">Phone number<\/p><\/li><li data-start=\"752\" data-end=\"796\"><p data-start=\"754\" data-end=\"796\">Company name and contact information<\/p><\/li><li data-start=\"797\" data-end=\"856\"><p data-start=\"799\" data-end=\"856\">IP address, browser information, and site usage data.<\/p><\/li><li data-start=\"857\" data-end=\"919\"><p data-start=\"859\" data-end=\"919\">Anonymous data obtained through cookies<\/p><\/li><\/ul><p style=\"color: #000000; font-size: medium;\" data-start=\"921\" data-end=\"1047\">Personal data is collected through contact forms, requests for quotes, email correspondence, and website analytics tools.<\/p><hr style=\"font-size: medium;\" data-start=\"1049\" data-end=\"1052\" \/><h4 data-start=\"1054\" data-end=\"1091\">\u00a0<\/h4><h4 style=\"color: #000000;\" data-start=\"1054\" data-end=\"1091\"><strong>Purposes of Processing Personal Data<\/strong><\/h4><p style=\"color: #000000; font-size: medium;\" data-start=\"1093\" data-end=\"1173\">The personal data collected is processed for the following purposes only:<\/p><ul style=\"color: #000000; font-size: medium;\" data-start=\"1175\" data-end=\"1475\"><li data-start=\"1175\" data-end=\"1235\"><p data-start=\"1177\" data-end=\"1235\">Evaluating and responding to user requests.<\/p><\/li><li data-start=\"1236\" data-end=\"1294\"><p data-start=\"1238\" data-end=\"1294\">Providing information about our products and services.<\/p><\/li><li data-start=\"1295\" data-end=\"1348\"><p data-start=\"1297\" data-end=\"1348\">Customer relations and business process management.<\/p><\/li><li data-start=\"1349\" data-end=\"1419\"><p data-start=\"1351\" data-end=\"1419\">Improving website performance and user experience.<\/p><\/li><li data-start=\"1420\" data-end=\"1475\"><p data-start=\"1422\" data-end=\"1475\">Fulfillment of obligations arising from legislation.<\/p><\/li><\/ul><p style=\"color: #000000; font-size: medium;\" data-start=\"1477\" data-end=\"1533\">Personal data will not be used for purposes other than those stated.<\/p><hr style=\"font-size: medium;\" data-start=\"1535\" data-end=\"1538\" \/><h4 data-start=\"1540\" data-end=\"1572\">\u00a0<\/h4><h4 style=\"color: #000000;\" data-start=\"1540\" data-end=\"1572\"><strong>Transfer of Personal Data<\/strong><\/h4><div>\u00a0<span style=\"color: #000000; font-family: 'Didact Gothic'; font-size: medium;\">Personal data belonging to users;<\/span><\/div><ul style=\"color: #000000; font-size: medium;\" data-start=\"1610\" data-end=\"1751\"><li data-start=\"1610\" data-end=\"1632\"><p data-start=\"1612\" data-end=\"1632\">Legal obligations,<\/p><\/li><li data-start=\"1633\" data-end=\"1682\"><p data-start=\"1635\" data-end=\"1682\">Requests from authorized public institutions and organizations,<\/p><\/li><li data-start=\"1683\" data-end=\"1751\"><p data-start=\"1685\" data-end=\"1751\">Technical infrastructure and hosting providers from whom services are obtained<\/p><\/li><\/ul><p style=\"color: #000000; font-size: medium;\" data-start=\"1753\" data-end=\"1790\">It is not shared with third parties outside of this scope.<\/p><hr style=\"font-size: medium;\" data-start=\"1792\" data-end=\"1795\" \/><h4 data-start=\"1797\" data-end=\"1826\">\u00a0<\/h4><h4 style=\"color: #000000;\" data-start=\"1797\" data-end=\"1826\"><strong>Cookie Policy<\/strong><\/h4><p style=\"color: #000000; font-size: medium;\" data-start=\"1828\" data-end=\"2030\">Our website uses cookies to improve user experience and analyze site traffic. Cookies collect anonymous information about users' site usage habits.<\/p><p style=\"color: #000000; font-size: medium;\" data-start=\"2032\" data-end=\"2213\">Users can restrict or completely disable the use of cookies through their browser settings. However, in this case, some parts of the website may operate in a limited way.<\/p><h4 data-start=\"2220\" data-end=\"2250\">\u00a0<\/h4><h4 style=\"color: #000000;\" data-start=\"2220\" data-end=\"2250\"><strong>Security of Personal Data<\/strong><\/h4><div class=\"translation-block\">DTE International takes appropriate technical and administrative security measures to ensure the privacy and security of personal data. Necessary protection mechanisms are implemented against the risks of unauthorized access, data loss, disclosure, or misuse.<\/div><hr style=\"font-size: medium;\" data-start=\"2512\" data-end=\"2515\" \/><h4 data-start=\"2517\" data-end=\"2545\">\u00a0<\/h4><h4 style=\"color: #000000;\" data-start=\"2517\" data-end=\"2545\"><strong>Third-Party Websites<\/strong><\/h4><p style=\"color: #000000; font-size: medium;\" data-start=\"2547\" data-end=\"2803\">Our website may contain links that lead to third-party websites. These sites are subject to their own privacy policies and practices. <strong data-start=\"2675\" data-end=\"2696\">DTE International<\/strong>\u2019\u0131n sorumlulu\u011funda de\u011fildir. Kullan\u0131c\u0131lar\u0131n ilgili sitelerin gizlilik politikalar\u0131n\u0131 incelemeleri \u00f6nerilir.<\/p><hr style=\"font-size: medium;\" data-start=\"2805\" data-end=\"2808\" \/><h4 data-start=\"2810\" data-end=\"2841\">\u00a0<\/h4><h4 style=\"color: #000000;\" data-start=\"2810\" data-end=\"2841\"><strong>Your Rights Under the Personal Data Protection Law (KVKK)<\/strong><\/h4><p style=\"color: #000000; font-size: medium;\" data-start=\"2843\" data-end=\"2923\" class=\"translation-block\">According to the Law No. 6698 on the Protection of Personal Data (KVKK), users;<\/p><ul style=\"color: #000000; font-size: medium;\" data-start=\"2925\" data-end=\"3138\"><li data-start=\"2925\" data-end=\"2978\"><p data-start=\"2927\" data-end=\"2978\">To find out whether your personal data is being processed.<\/p><\/li><li data-start=\"2979\" data-end=\"3023\"><p data-start=\"2981\" data-end=\"3023\">If it has been processed, request information about it.<\/p><\/li><li data-start=\"3024\" data-end=\"3076\"><p data-start=\"3026\" data-end=\"3076\">Requesting data correction or deletion.<\/p><\/li><li data-start=\"3077\" data-end=\"3101\"><p data-start=\"3079\" data-end=\"3101\">Object to the process<\/p><\/li><li data-start=\"3102\" data-end=\"3138\"><p data-start=\"3104\" data-end=\"3138\">Claim compensation for damages.<\/p><\/li><\/ul><p style=\"color: #000000; font-size: medium;\" data-start=\"3140\" data-end=\"3159\">They have rights.<\/p><p style=\"color: #000000; font-size: medium;\" data-start=\"3161\" data-end=\"3266\">Claims regarding these rights may be submitted to our Company through the communication channels specified below.<\/p><hr style=\"font-size: medium;\" data-start=\"3268\" data-end=\"3271\" \/><h4 data-start=\"3273\" data-end=\"3294\">\u00a0<\/h4><h4 style=\"color: #000000;\" data-start=\"3273\" data-end=\"3294\"><strong>Contact Information<\/strong><\/h4><p style=\"color: #000000; font-size: medium;\" data-start=\"3296\" data-end=\"3389\">For any questions or requests regarding our Privacy Policy, please contact us.<\/p><p style=\"color: #000000; font-size: medium;\" data-start=\"3391\" data-end=\"3488\"><strong data-start=\"3391\" data-end=\"3412\">DTE International<\/strong><br data-start=\"3412\" data-end=\"3415\" \/><img decoding=\"async\" class=\"emoji lazyload\" role=\"img\" draggable=\"false\" data-src=\"https:\/\/s.w.org\/images\/core\/emoji\/17.0.2\/svg\/1f4e7.svg\" alt=\"\ud83d\udce7\" src=\"data:image\/svg+xml;base64,PHN2ZyB3aWR0aD0iMSIgaGVpZ2h0PSIxIiB4bWxucz0iaHR0cDovL3d3dy53My5vcmcvMjAwMC9zdmciPjwvc3ZnPg==\" \/> E-mail: info@dte-international.com <a class=\"decorated-link cursor-pointer\" rel=\"noopener\" data-start=\"3427\" data-end=\"3452\">info@dteinternational.com<\/a><br data-start=\"3452\" data-end=\"3455\" \/><img decoding=\"async\" class=\"emoji lazyload\" role=\"img\" draggable=\"false\" data-src=\"https:\/\/s.w.org\/images\/core\/emoji\/17.0.2\/svg\/1f4de.svg\" alt=\"\ud83d\udcde\" src=\"data:image\/svg+xml;base64,PHN2ZyB3aWR0aD0iMSIgaGVpZ2h0PSIxIiB4bWxucz0iaHR0cDovL3d3dy53My5vcmcvMjAwMC9zdmciPjwvc3ZnPg==\" \/> Phone: +90 (216) 208 94 52<\/p><hr style=\"font-size: medium;\" data-start=\"3490\" data-end=\"3493\" \/><h4 data-start=\"3495\" data-end=\"3521\">\u00a0<\/h4><h4 style=\"color: #000000;\" data-start=\"3495\" data-end=\"3521\"><strong>Policy Updates<\/strong><\/h4><p style=\"color: #000000; font-size: medium;\" data-start=\"3523\" data-end=\"3696\">This Privacy Policy may be updated in accordance with changes in legislation and company practices. Updates will take effect on the date they are published on our website.<\/p><p data-start=\"480\" data-end=\"591\">\u00a0<\/p>\t\t\t\t\t\t\t\t<\/div>\n\t\t\t\t<\/div>\n\t\t\t\t<\/div>","protected":false},"excerpt":{"rendered":"<p>Gizlilik Politikas\u0131 (Privacy Policy) Bu Gizlilik Politikas\u0131, DTE International (\u201c\u015eirket\u201d) taraf\u0131ndan i\u015fletilen web [&hellip;]<\/p>\n","protected":false},"author":1,"featured_media":0,"parent":0,"menu_order":0,"comment_status":"closed","ping_status":"closed","template":"","meta":{"_acf_changed":false,"_eb_attr":"","om_disable_all_campaigns":false,"_monsterinsights_skip_tracking":false,"_monsterinsights_sitenote_active":false,"_monsterinsights_sitenote_note":"","_monsterinsights_sitenote_category":0,"footnotes":""},"class_list":["post-748","page","type-page","status-publish","hentry"],"acf":[],"aioseo_notices":[],"_links":{"self":[{"href":"https:\/\/www.dte-international.com\/en\/wp-json\/wp\/v2\/pages\/748","targetHints":{"allow":["GET"]}}],"collection":[{"href":"https:\/\/www.dte-international.com\/en\/wp-json\/wp\/v2\/pages"}],"about":[{"href":"https:\/\/www.dte-international.com\/en\/wp-json\/wp\/v2\/types\/page"}],"author":[{"embeddable":true,"href":"https:\/\/www.dte-international.com\/en\/wp-json\/wp\/v2\/users\/1"}],"replies":[{"embeddable":true,"href":"https:\/\/www.dte-international.com\/en\/wp-json\/wp\/v2\/comments?post=748"}],"version-history":[{"count":20,"href":"https:\/\/www.dte-international.com\/en\/wp-json\/wp\/v2\/pages\/748\/revisions"}],"predecessor-version":[{"id":769,"href":"https:\/\/www.dte-international.com\/en\/wp-json\/wp\/v2\/pages\/748\/revisions\/769"}],"wp:attachment":[{"href":"https:\/\/www.dte-international.com\/en\/wp-json\/wp\/v2\/media?parent=748"}],"curies":[{"name":"wp","href":"https:\/\/api.w.org\/{rel}","templated":true}]}}