{"id":717,"date":"2025-12-31T13:15:02","date_gmt":"2025-12-31T13:15:02","guid":{"rendered":"https:\/\/www.dte-international.com\/?page_id=717"},"modified":"2026-04-08T13:40:14","modified_gmt":"2026-04-08T13:40:14","slug":"boron-nitride-kaplama-malzemeleri-silcadur-nw400","status":"publish","type":"page","link":"https:\/\/www.dte-international.com\/en\/boron-nitride-kaplama-malzemeleri-silcadur-nw400\/","title":{"rendered":"Boron Nitride Coating Materials \u2013 Silcadur NW400"},"content":{"rendered":"<div data-elementor-type=\"wp-page\" data-elementor-id=\"717\" class=\"elementor elementor-717\" data-elementor-settings=\"{&quot;ha_cmc_init_switcher&quot;:&quot;no&quot;}\">\n\t\t\t\t<div class=\"elementor-element elementor-element-357db3a e-flex e-con-boxed wpr-particle-no wpr-jarallax-no wpr-parallax-no wpr-sticky-section-no wpr-equal-height-no e-con e-parent\" data-id=\"357db3a\" data-element_type=\"container\" data-e-type=\"container\" data-settings=\"{&quot;_ha_eqh_enable&quot;:false}\">\n\t\t\t\t\t<div class=\"e-con-inner\">\n\t\t\t\t<div class=\"elementor-element elementor-element-290abca elementor-widget elementor-widget-heading\" data-id=\"290abca\" data-element_type=\"widget\" data-e-type=\"widget\" data-widget_type=\"heading.default\">\n\t\t\t\t\t<h2 class=\"elementor-heading-title elementor-size-default\">Boron Nitride Coating Materials \u2013 Silcadur NW400<\/h2>\t\t\t\t<\/div>\n\t\t\t\t\t<\/div>\n\t\t\t\t<\/div>\n\t\t<div class=\"elementor-element elementor-element-fb2054d e-flex e-con-boxed wpr-particle-no wpr-jarallax-no wpr-parallax-no wpr-sticky-section-no wpr-equal-height-no e-con e-parent\" data-id=\"fb2054d\" data-element_type=\"container\" data-e-type=\"container\" data-settings=\"{&quot;_ha_eqh_enable&quot;:false}\">\n\t\t\t\t\t<div class=\"e-con-inner\">\n\t\t\t\t<div class=\"elementor-element elementor-element-f59cfcd elementor-widget elementor-widget-image\" data-id=\"f59cfcd\" data-element_type=\"widget\" data-e-type=\"widget\" data-widget_type=\"image.default\">\n\t\t\t\t\t\t\t\t\t\t\t\t\t\t\t<img fetchpriority=\"high\" decoding=\"async\" width=\"300\" height=\"300\" src=\"https:\/\/www.dte-international.com\/wp-content\/uploads\/2026\/04\/b62de60a-9068-4cdd-af43-d7e34b592ca1-300x300.png\" class=\"attachment-medium size-medium wp-image-1355\" alt=\"\" srcset=\"https:\/\/www.dte-international.com\/wp-content\/uploads\/2026\/04\/b62de60a-9068-4cdd-af43-d7e34b592ca1-300x300.png 300w, https:\/\/www.dte-international.com\/wp-content\/uploads\/2026\/04\/b62de60a-9068-4cdd-af43-d7e34b592ca1-1024x1024.png 1024w, https:\/\/www.dte-international.com\/wp-content\/uploads\/2026\/04\/b62de60a-9068-4cdd-af43-d7e34b592ca1-150x150.png 150w, https:\/\/www.dte-international.com\/wp-content\/uploads\/2026\/04\/b62de60a-9068-4cdd-af43-d7e34b592ca1-768x768.png 768w, https:\/\/www.dte-international.com\/wp-content\/uploads\/2026\/04\/b62de60a-9068-4cdd-af43-d7e34b592ca1-1536x1536.png 1536w, https:\/\/www.dte-international.com\/wp-content\/uploads\/2026\/04\/b62de60a-9068-4cdd-af43-d7e34b592ca1-12x12.png 12w, https:\/\/www.dte-international.com\/wp-content\/uploads\/2026\/04\/b62de60a-9068-4cdd-af43-d7e34b592ca1.png 2048w\" sizes=\"(max-width: 300px) 100vw, 300px\" \/>\t\t\t\t\t\t\t\t\t\t\t\t\t\t\t<\/div>\n\t\t\t\t\t<\/div>\n\t\t\t\t<\/div>\n\t\t<div class=\"elementor-element elementor-element-fe573f3 e-flex e-con-boxed wpr-particle-no wpr-jarallax-no wpr-parallax-no wpr-sticky-section-no wpr-equal-height-no e-con e-parent\" data-id=\"fe573f3\" data-element_type=\"container\" data-e-type=\"container\" data-settings=\"{&quot;_ha_eqh_enable&quot;:false}\">\n\t\t\t\t\t<div class=\"e-con-inner\">\n\t\t\t\t<div class=\"elementor-element elementor-element-8790fa2 elementor-widget elementor-widget-text-editor\" data-id=\"8790fa2\" data-element_type=\"widget\" data-e-type=\"widget\" data-widget_type=\"text-editor.default\">\n\t\t\t\t\t\t\t\t\t<h3 data-start=\"175\" data-end=\"224\">Silcadur NW400 Boron Nitride Coating Material<\/h3><div>\u00a0<\/div><p data-start=\"226\" data-end=\"549\" class=\"translation-block\">Silcadur NW400 is an advanced, boron nitride (BN) based coating material specifically developed for high-temperature metal casting and melting processes. It offers superior release and protective properties, particularly in equipment that comes into contact with aluminum and aluminum alloys.<\/p><p data-start=\"551\" data-end=\"750\" class=\"translation-block\">Thanks to its high heat resistance, low friction coefficient, and excellent chemical inert structure, Silcadur NW400 ensures long service life, process safety, and surface quality in industrial casting applications.<\/p><p data-start=\"551\" data-end=\"750\">\u00a0<\/p><hr data-start=\"752\" data-end=\"755\" \/><h3 data-start=\"757\" data-end=\"796\">Technical Specifications of Silcadur NW400<\/h3><div>\u00a0<\/div><ul data-start=\"798\" data-end=\"1104\"><li data-start=\"798\" data-end=\"835\"><p data-start=\"800\" data-end=\"835\">Boron Nitride-based formulation<\/p><\/li><li data-start=\"836\" data-end=\"881\"><p data-start=\"838\" data-end=\"881\">High temperature resistance (above 1000\u00b0C)<\/p><\/li><li data-start=\"882\" data-end=\"926\"><p data-start=\"884\" data-end=\"926\">Excellent separating (non-wetting) properties.<\/p><\/li><li data-start=\"927\" data-end=\"960\"><p data-start=\"929\" data-end=\"960\">Prevents aluminum adhesion.<\/p><\/li><li data-start=\"961\" data-end=\"991\"><p data-start=\"963\" data-end=\"991\">Low coefficient of friction<\/p><\/li><li data-start=\"1025\" data-end=\"1065\"><p data-start=\"1027\" data-end=\"1065\">Homogeneous and smooth coating surface.<\/p><\/li><li data-start=\"1066\" data-end=\"1104\"><p data-start=\"1068\" data-end=\"1104\">High resistance to thermal shock.<\/p><\/li><\/ul><div><span style=\"color: #717175; font-family: Didact Gothic;\">\u00a0<\/span><\/div><hr data-start=\"1106\" data-end=\"1109\" \/><h3 data-start=\"1111\" data-end=\"1131\">Areas of Application<\/h3><div>\u00a0<\/div><p data-start=\"1133\" data-end=\"1259\">Silcadur NW400 is preferred for the protection of surfaces that play a critical role in aluminum casting and melting processes:<\/p><ul data-start=\"1261\" data-end=\"1416\"><li data-start=\"1261\" data-end=\"1279\"><p data-start=\"1263\" data-end=\"1279\">Graphite crucibles<\/p><\/li><li data-start=\"1280\" data-end=\"1299\"><p data-start=\"1282\" data-end=\"1299\">Casting molds<\/p><\/li><li data-start=\"1300\" data-end=\"1332\"><p data-start=\"1302\" data-end=\"1332\">Ceramic and graphite components<\/p><\/li><li data-start=\"1333\" data-end=\"1363\"><p data-start=\"1335\" data-end=\"1363\">Nozzles and casting spouts<\/p><\/li><li data-start=\"1333\" data-end=\"1363\">Tandish<\/li><\/ul><ul data-start=\"1261\" data-end=\"1416\"><li data-start=\"1388\" data-end=\"1416\"><p data-start=\"1390\" data-end=\"1416\">Thermocouple protection tubes<\/p><\/li><\/ul><div><span style=\"color: #717175; font-family: Didact Gothic;\">\u00a0<\/span><\/div><hr data-start=\"1418\" data-end=\"1421\" \/><h3 data-start=\"1423\" data-end=\"1464\">Advantages of Using Silcadur NW400<\/h3><div>\u00a0<\/div><p data-start=\"1466\" data-end=\"1669\" class=\"translation-block\">\u2714 Extends equipment lifespan\n\u2714 Prevents metal adhesion\n\u2714 Improves surface quality\n\u2714 Reduces maintenance and cleaning times\n\u2714 Ensures production continuity\n\u2714 Reduces scrap rates<\/p><p data-start=\"1671\" data-end=\"1792\" class=\"translation-block\">Thanks to these features, the Silcadur NW400 reduces operational costs and increases production efficiency.<\/p><p data-start=\"1671\" data-end=\"1792\">\u00a0<\/p><hr data-start=\"1794\" data-end=\"1797\" \/><h3 data-start=\"1799\" data-end=\"1816\">Method of Application<\/h3><div>\u00a0<\/div><p data-start=\"1818\" data-end=\"2088\" class=\"translation-block\">Silcadur NW400 is generally applied by spraying or brushing. It is recommended that the surface be clean and dry before application. It can be diluted with water or suitable solvents as needed. Correct application directly affects the performance and lifespan of the coating.<\/p><p>\u00a0<\/p><hr data-start=\"2090\" data-end=\"2093\" \/><h3 data-start=\"2095\" data-end=\"2119\">Why Silcadur NW400?<\/h3><div>\u00a0<\/div><p data-start=\"2121\" data-end=\"2335\" class=\"translation-block\">If you are looking for a high-performance and reliable boron nitride coating for aluminum casting processes, Silcadur NW400 is the ideal solution with its technical durability, stable performance, and industrial reliability.<\/p>\t\t\t\t\t\t\t\t<\/div>\n\t\t\t\t\t<\/div>\n\t\t\t\t<\/div>\n\t\t<div class=\"elementor-element elementor-element-74e0e9a e-flex e-con-boxed wpr-particle-no wpr-jarallax-no wpr-parallax-no wpr-sticky-section-no wpr-equal-height-no e-con e-parent\" data-id=\"74e0e9a\" data-element_type=\"container\" data-e-type=\"container\" data-settings=\"{&quot;_ha_eqh_enable&quot;:false}\">\n\t\t\t\t\t<div class=\"e-con-inner\">\n\t\t\t\t<div class=\"elementor-element elementor-element-a9e9fce wpr-button-icon-style-inline wpr-button-icon-position-right elementor-widget elementor-widget-wpr-button\" data-id=\"a9e9fce\" data-element_type=\"widget\" data-e-type=\"widget\" data-widget_type=\"wpr-button.default\">\n\t\t\t\t\t\t\n\t\t\t\n\t\t\n\t\t<div class=\"wpr-button-wrap elementor-clearfix\">\n\t\t<a class=\"wpr-button wpr-button-effect wpr-button-none\" data-text=\"\" href=\"https:\/\/www.dte-international.com\/wp-content\/uploads\/2026\/04\/SILCA-TDS-Silcadur-NW-400-TDS.pdf\" target=\"_blank\">\n\t\t\t\n\t\t\t<span class=\"wpr-button-content\">\n\t\t\t\t\t\t\t\t\t<span class=\"wpr-button-text\">Teknik D\u00f6k\u00fcman \u0130ndir<\/span>\n\t\t\t\t\t\t\t\t\n\t\t\t\t\t\t\t\t\t<span class=\"wpr-button-icon\"><i class=\"icon icon-download-button\"><\/i><\/span>\n\t\t\t\t\t\t\t<\/span>\n\t\t<\/a>\n\n\t\t\t\t<\/div>\n\t\n\t\n\t\t\t\t\t<\/div>\n\t\t\t\t\t<\/div>\n\t\t\t\t<\/div>\n\t\t\t\t<\/div>","protected":false},"excerpt":{"rendered":"<p>Boron Nitride Kaplama Malzemeleri &#8211; Silcadur NW400 Silcadur NW400 Boron Nitride Kaplama Malzemesi [&hellip;]<\/p>\n","protected":false},"author":1,"featured_media":0,"parent":0,"menu_order":0,"comment_status":"closed","ping_status":"closed","template":"","meta":{"_acf_changed":false,"_eb_attr":"","om_disable_all_campaigns":false,"_monsterinsights_skip_tracking":false,"_monsterinsights_sitenote_active":false,"_monsterinsights_sitenote_note":"","_monsterinsights_sitenote_category":0,"footnotes":""},"class_list":["post-717","page","type-page","status-publish","hentry"],"acf":[],"aioseo_notices":[],"_links":{"self":[{"href":"https:\/\/www.dte-international.com\/en\/wp-json\/wp\/v2\/pages\/717","targetHints":{"allow":["GET"]}}],"collection":[{"href":"https:\/\/www.dte-international.com\/en\/wp-json\/wp\/v2\/pages"}],"about":[{"href":"https:\/\/www.dte-international.com\/en\/wp-json\/wp\/v2\/types\/page"}],"author":[{"embeddable":true,"href":"https:\/\/www.dte-international.com\/en\/wp-json\/wp\/v2\/users\/1"}],"replies":[{"embeddable":true,"href":"https:\/\/www.dte-international.com\/en\/wp-json\/wp\/v2\/comments?post=717"}],"version-history":[{"count":20,"href":"https:\/\/www.dte-international.com\/en\/wp-json\/wp\/v2\/pages\/717\/revisions"}],"predecessor-version":[{"id":1382,"href":"https:\/\/www.dte-international.com\/en\/wp-json\/wp\/v2\/pages\/717\/revisions\/1382"}],"wp:attachment":[{"href":"https:\/\/www.dte-international.com\/en\/wp-json\/wp\/v2\/media?parent=717"}],"curies":[{"name":"wp","href":"https:\/\/api.w.org\/{rel}","templated":true}]}}