{"id":701,"date":"2025-12-31T12:44:28","date_gmt":"2025-12-31T12:44:28","guid":{"rendered":"https:\/\/www.dte-international.com\/?page_id=701"},"modified":"2026-04-08T13:39:14","modified_gmt":"2026-04-08T13:39:14","slug":"dummy-block-yaglayici-silcagrease-g220","status":"publish","type":"page","link":"https:\/\/www.dte-international.com\/en\/dummy-block-yaglayici-silcagrease-g220\/","title":{"rendered":"Dummy Block Lubricant - Silcagrease G220"},"content":{"rendered":"<div data-elementor-type=\"wp-page\" data-elementor-id=\"701\" class=\"elementor elementor-701\" data-elementor-settings=\"{&quot;ha_cmc_init_switcher&quot;:&quot;no&quot;}\">\n\t\t\t\t<div class=\"elementor-element elementor-element-54c87f2 e-con-full e-flex wpr-particle-no wpr-jarallax-no wpr-parallax-no wpr-sticky-section-no wpr-equal-height-no e-con e-parent\" data-id=\"54c87f2\" data-element_type=\"container\" data-e-type=\"container\" data-settings=\"{&quot;_ha_eqh_enable&quot;:false}\">\n\t\t\t\t<div class=\"elementor-element elementor-element-fc2e3b3 elementor-widget-tablet__width-initial elementor-widget elementor-widget-heading\" data-id=\"fc2e3b3\" data-element_type=\"widget\" data-e-type=\"widget\" data-widget_type=\"heading.default\">\n\t\t\t\t\t<h2 class=\"elementor-heading-title elementor-size-default\">Dummy Block Lubricant - Silcagrease G220<\/h2>\t\t\t\t<\/div>\n\t\t\t\t<\/div>\n\t\t<div class=\"elementor-element elementor-element-e1a1314 e-flex e-con-boxed wpr-particle-no wpr-jarallax-no wpr-parallax-no wpr-sticky-section-no wpr-equal-height-no e-con e-parent\" data-id=\"e1a1314\" data-element_type=\"container\" data-e-type=\"container\" data-settings=\"{&quot;_ha_eqh_enable&quot;:false}\">\n\t\t\t\t\t<div class=\"e-con-inner\">\n\t\t\t\t<div class=\"elementor-element elementor-element-771b579 elementor-widget elementor-widget-image\" data-id=\"771b579\" data-element_type=\"widget\" data-e-type=\"widget\" data-widget_type=\"image.default\">\n\t\t\t\t\t\t\t\t\t\t\t\t\t\t\t<img fetchpriority=\"high\" decoding=\"async\" width=\"300\" height=\"300\" src=\"https:\/\/www.dte-international.com\/wp-content\/uploads\/2026\/04\/b62de60a-9068-4cdd-af43-d7e34b592ca1-300x300.png\" class=\"attachment-medium size-medium wp-image-1355\" alt=\"\" srcset=\"https:\/\/www.dte-international.com\/wp-content\/uploads\/2026\/04\/b62de60a-9068-4cdd-af43-d7e34b592ca1-300x300.png 300w, https:\/\/www.dte-international.com\/wp-content\/uploads\/2026\/04\/b62de60a-9068-4cdd-af43-d7e34b592ca1-1024x1024.png 1024w, https:\/\/www.dte-international.com\/wp-content\/uploads\/2026\/04\/b62de60a-9068-4cdd-af43-d7e34b592ca1-150x150.png 150w, https:\/\/www.dte-international.com\/wp-content\/uploads\/2026\/04\/b62de60a-9068-4cdd-af43-d7e34b592ca1-768x768.png 768w, https:\/\/www.dte-international.com\/wp-content\/uploads\/2026\/04\/b62de60a-9068-4cdd-af43-d7e34b592ca1-1536x1536.png 1536w, https:\/\/www.dte-international.com\/wp-content\/uploads\/2026\/04\/b62de60a-9068-4cdd-af43-d7e34b592ca1-12x12.png 12w, https:\/\/www.dte-international.com\/wp-content\/uploads\/2026\/04\/b62de60a-9068-4cdd-af43-d7e34b592ca1.png 2048w\" sizes=\"(max-width: 300px) 100vw, 300px\" \/>\t\t\t\t\t\t\t\t\t\t\t\t\t\t\t<\/div>\n\t\t\t\t\t<\/div>\n\t\t\t\t<\/div>\n\t\t<div class=\"elementor-element elementor-element-9bf256a e-flex e-con-boxed wpr-particle-no wpr-jarallax-no wpr-parallax-no wpr-sticky-section-no wpr-equal-height-no e-con e-parent\" data-id=\"9bf256a\" data-element_type=\"container\" data-e-type=\"container\" data-settings=\"{&quot;_ha_eqh_enable&quot;:false}\">\n\t\t\t\t\t<div class=\"e-con-inner\">\n\t\t\t\t<div class=\"elementor-element elementor-element-cd28e9b elementor-widget elementor-widget-text-editor\" data-id=\"cd28e9b\" data-element_type=\"widget\" data-e-type=\"widget\" data-widget_type=\"text-editor.default\">\n\t\t\t\t\t\t\t\t\t<p data-start=\"260\" data-end=\"603\" class=\"translation-block\">Silcagrease G220 is a high-performance lubricating grease specifically developed for dummy block applications in aluminum extrusion presses. Thanks to its high temperature and pressure resistant properties, it minimizes friction between the dummy block and billet during the extrusion process, extending equipment life.<\/p><p data-start=\"605\" data-end=\"742\" class=\"translation-block\">Silcagrease G220 enhances process safety by providing stable lubrication performance during press starts and continuous production conditions.<\/p><p data-start=\"605\" data-end=\"742\">\u00a0<\/p><h3 data-start=\"749\" data-end=\"805\">Specifications of Silcagrease G220 Dummy Block Lubricant<\/h3><div>\u00a0<\/div><p data-start=\"807\" data-end=\"867\">The key technical specifications of Silcagrease G220 are as follows:<\/p><ul data-start=\"869\" data-end=\"1159\"><li data-start=\"869\" data-end=\"916\"><p data-start=\"871\" data-end=\"916\">Special formulation resistant to high temperatures.<\/p><\/li><li data-start=\"917\" data-end=\"975\"><p data-start=\"919\" data-end=\"975\">Effective friction reduction between dummy block and billet.<\/p><\/li><li data-start=\"976\" data-end=\"1018\"><p data-start=\"978\" data-end=\"1018\">Strong adhesion to metal surfaces.<\/p><\/li><li data-start=\"1019\" data-end=\"1063\"><p data-start=\"1021\" data-end=\"1063\">Wear protection for press equipment.<\/p><\/li><li data-start=\"1064\" data-end=\"1109\"><p data-start=\"1066\" data-end=\"1109\">Long-lasting and stable lubrication performance.<\/p><\/li><li data-start=\"1110\" data-end=\"1159\"><p data-start=\"1112\" data-end=\"1159\">A structure that minimizes smoke and residue formation.<\/p><\/li><\/ul><p data-start=\"1161\" data-end=\"1271\">Thanks to these features, Silcagrease G220 is an ideal solution for high-volume and continuously operating extrusion lines.<\/p>\t\t\t\t\t\t\t\t<\/div>\n\t\t\t\t\t<\/div>\n\t\t\t\t<\/div>\n\t\t\t\t<\/div>","protected":false},"excerpt":{"rendered":"<p>Dummy Block Ya\u011flay\u0131c\u0131 &#8211; Silcagrease G220 Silcagrease G220, al\u00fcminyum ekstr\u00fczyon preslerinde kullan\u0131lan dummy [&hellip;]<\/p>\n","protected":false},"author":1,"featured_media":0,"parent":0,"menu_order":0,"comment_status":"closed","ping_status":"closed","template":"","meta":{"_acf_changed":false,"_eb_attr":"","om_disable_all_campaigns":false,"_monsterinsights_skip_tracking":false,"_monsterinsights_sitenote_active":false,"_monsterinsights_sitenote_note":"","_monsterinsights_sitenote_category":0,"footnotes":""},"class_list":["post-701","page","type-page","status-publish","hentry"],"acf":[],"aioseo_notices":[],"_links":{"self":[{"href":"https:\/\/www.dte-international.com\/en\/wp-json\/wp\/v2\/pages\/701","targetHints":{"allow":["GET"]}}],"collection":[{"href":"https:\/\/www.dte-international.com\/en\/wp-json\/wp\/v2\/pages"}],"about":[{"href":"https:\/\/www.dte-international.com\/en\/wp-json\/wp\/v2\/types\/page"}],"author":[{"embeddable":true,"href":"https:\/\/www.dte-international.com\/en\/wp-json\/wp\/v2\/users\/1"}],"replies":[{"embeddable":true,"href":"https:\/\/www.dte-international.com\/en\/wp-json\/wp\/v2\/comments?post=701"}],"version-history":[{"count":14,"href":"https:\/\/www.dte-international.com\/en\/wp-json\/wp\/v2\/pages\/701\/revisions"}],"predecessor-version":[{"id":1379,"href":"https:\/\/www.dte-international.com\/en\/wp-json\/wp\/v2\/pages\/701\/revisions\/1379"}],"wp:attachment":[{"href":"https:\/\/www.dte-international.com\/en\/wp-json\/wp\/v2\/media?parent=701"}],"curies":[{"name":"wp","href":"https:\/\/api.w.org\/{rel}","templated":true}]}}