{"id":670,"date":"2025-12-30T15:40:50","date_gmt":"2025-12-30T15:40:50","guid":{"rendered":"https:\/\/www.dte-international.com\/?page_id=670"},"modified":"2025-12-30T15:48:32","modified_gmt":"2025-12-30T15:48:32","slug":"yogunluk-kiti","status":"publish","type":"page","link":"https:\/\/www.dte-international.com\/en\/yogunluk-kiti\/","title":{"rendered":"Density Kit"},"content":{"rendered":"<div data-elementor-type=\"wp-page\" data-elementor-id=\"670\" class=\"elementor elementor-670\" data-elementor-settings=\"{&quot;ha_cmc_init_switcher&quot;:&quot;no&quot;}\">\n\t\t\t\t<div class=\"elementor-element elementor-element-a9344b6 e-flex e-con-boxed wpr-particle-no wpr-jarallax-no wpr-parallax-no wpr-sticky-section-no wpr-equal-height-no e-con e-parent\" data-id=\"a9344b6\" data-element_type=\"container\" data-e-type=\"container\" data-settings=\"{&quot;_ha_eqh_enable&quot;:false}\">\n\t\t\t\t\t<div class=\"e-con-inner\">\n\t\t\t\t<div class=\"elementor-element elementor-element-2931e35 elementor-widget elementor-widget-heading\" data-id=\"2931e35\" data-element_type=\"widget\" data-e-type=\"widget\" data-widget_type=\"heading.default\">\n\t\t\t\t\t<h3 class=\"elementor-heading-title elementor-size-default\">Density Kit <\/h3>\t\t\t\t<\/div>\n\t\t\t\t\t<\/div>\n\t\t\t\t<\/div>\n\t\t<div class=\"elementor-element elementor-element-1e31fb7 e-flex e-con-boxed wpr-particle-no wpr-jarallax-no wpr-parallax-no wpr-sticky-section-no wpr-equal-height-no e-con e-parent\" data-id=\"1e31fb7\" data-element_type=\"container\" data-e-type=\"container\" data-settings=\"{&quot;_ha_eqh_enable&quot;:false}\">\n\t\t\t\t\t<div class=\"e-con-inner\">\n\t\t\t\t<div class=\"elementor-element elementor-element-47db508 elementor-widget elementor-widget-image\" data-id=\"47db508\" data-element_type=\"widget\" data-e-type=\"widget\" data-widget_type=\"image.default\">\n\t\t\t\t\t\t\t\t\t\t\t\t\t\t\t<img fetchpriority=\"high\" decoding=\"async\" width=\"317\" height=\"422\" src=\"https:\/\/www.dte-international.com\/wp-content\/uploads\/2025\/12\/yogunluk-kiti.webp\" class=\"attachment-large size-large wp-image-672\" alt=\"\" srcset=\"https:\/\/www.dte-international.com\/wp-content\/uploads\/2025\/12\/yogunluk-kiti.webp 317w, https:\/\/www.dte-international.com\/wp-content\/uploads\/2025\/12\/yogunluk-kiti-225x300.webp 225w, https:\/\/www.dte-international.com\/wp-content\/uploads\/2025\/12\/yogunluk-kiti-9x12.webp 9w\" sizes=\"(max-width: 317px) 100vw, 317px\" \/>\t\t\t\t\t\t\t\t\t\t\t\t\t\t\t<\/div>\n\t\t\t\t\t<\/div>\n\t\t\t\t<\/div>\n\t\t<div class=\"elementor-element elementor-element-8eb522a e-flex e-con-boxed wpr-particle-no wpr-jarallax-no wpr-parallax-no wpr-sticky-section-no wpr-equal-height-no e-con e-parent\" data-id=\"8eb522a\" data-element_type=\"container\" data-e-type=\"container\" data-settings=\"{&quot;_ha_eqh_enable&quot;:false}\">\n\t\t\t\t\t<div class=\"e-con-inner\">\n\t\t\t\t<div class=\"elementor-element elementor-element-e851e5f elementor-widget elementor-widget-text-editor\" data-id=\"e851e5f\" data-element_type=\"widget\" data-e-type=\"widget\" data-widget_type=\"text-editor.default\">\n\t\t\t\t\t\t\t\t\t<table>\n<tbody>\n<tr>\n<td width=\"434\">\n<p class=\"translation-block\">\u2013 Automatic Density Calculation;<\/p>\n<\/td>\n<\/tr>\n<tr>\n<td width=\"434\">\n<p class=\"translation-block\">\u2013 0.02 gr precision weight measurement system (Redwag);<\/p>\n<\/td>\n<\/tr>\n<tr>\n<td width=\"434\">\n<p class=\"translation-block\">\u2013 Automatic Calibration;<\/p>\n<\/td>\n<\/tr>\n<tr>\n<td width=\"434\">\n<p>\u2013 Stainless steel density kit;<\/p>\n<\/td>\n<\/tr>\n<\/tbody>\n<\/table>\t\t\t\t\t\t\t\t<\/div>\n\t\t\t\t\t<\/div>\n\t\t\t\t<\/div>\n\t\t\t\t<\/div>","protected":false},"excerpt":{"rendered":"<p>Yo\u011funluk Kiti &#8211; \u00a0Otomatik Yo\u011funluk Hesaplama; &#8211; \u00a00,02 gr hassasiyetli a\u011f\u0131rl\u0131k \u00f6l\u00e7\u00fcm sistemi [&hellip;]<\/p>\n","protected":false},"author":1,"featured_media":0,"parent":0,"menu_order":0,"comment_status":"closed","ping_status":"closed","template":"","meta":{"_acf_changed":false,"_eb_attr":"","om_disable_all_campaigns":false,"_monsterinsights_skip_tracking":false,"_monsterinsights_sitenote_active":false,"_monsterinsights_sitenote_note":"","_monsterinsights_sitenote_category":0,"footnotes":""},"class_list":["post-670","page","type-page","status-publish","hentry"],"acf":[],"aioseo_notices":[],"_links":{"self":[{"href":"https:\/\/www.dte-international.com\/en\/wp-json\/wp\/v2\/pages\/670","targetHints":{"allow":["GET"]}}],"collection":[{"href":"https:\/\/www.dte-international.com\/en\/wp-json\/wp\/v2\/pages"}],"about":[{"href":"https:\/\/www.dte-international.com\/en\/wp-json\/wp\/v2\/types\/page"}],"author":[{"embeddable":true,"href":"https:\/\/www.dte-international.com\/en\/wp-json\/wp\/v2\/users\/1"}],"replies":[{"embeddable":true,"href":"https:\/\/www.dte-international.com\/en\/wp-json\/wp\/v2\/comments?post=670"}],"version-history":[{"count":5,"href":"https:\/\/www.dte-international.com\/en\/wp-json\/wp\/v2\/pages\/670\/revisions"}],"predecessor-version":[{"id":676,"href":"https:\/\/www.dte-international.com\/en\/wp-json\/wp\/v2\/pages\/670\/revisions\/676"}],"wp:attachment":[{"href":"https:\/\/www.dte-international.com\/en\/wp-json\/wp\/v2\/media?parent=670"}],"curies":[{"name":"wp","href":"https:\/\/api.w.org\/{rel}","templated":true}]}}