{"id":651,"date":"2025-12-30T15:04:54","date_gmt":"2025-12-30T15:04:54","guid":{"rendered":"https:\/\/www.dte-international.com\/?page_id=651"},"modified":"2025-12-30T15:23:55","modified_gmt":"2025-12-30T15:23:55","slug":"flux-feeder","status":"publish","type":"page","link":"https:\/\/www.dte-international.com\/en\/flux-feeder\/","title":{"rendered":"Flux Feeder"},"content":{"rendered":"<div data-elementor-type=\"wp-page\" data-elementor-id=\"651\" class=\"elementor elementor-651\" data-elementor-settings=\"{&quot;ha_cmc_init_switcher&quot;:&quot;no&quot;}\">\n\t\t\t\t<div class=\"elementor-element elementor-element-000804d e-flex e-con-boxed wpr-particle-no wpr-jarallax-no wpr-parallax-no wpr-sticky-section-no wpr-equal-height-no e-con e-parent\" data-id=\"000804d\" data-element_type=\"container\" data-e-type=\"container\" data-settings=\"{&quot;_ha_eqh_enable&quot;:false}\">\n\t\t\t\t\t<div class=\"e-con-inner\">\n\t\t\t\t<div class=\"elementor-element elementor-element-bdd9ffd elementor-widget elementor-widget-heading\" data-id=\"bdd9ffd\" data-element_type=\"widget\" data-e-type=\"widget\" data-widget_type=\"heading.default\">\n\t\t\t\t\t<h3 class=\"elementor-heading-title elementor-size-default\"><a href=\"https:\/\/www.dte-international.com\/en\/urunler\/\">FLUX FEEDER<\/a><\/h3>\t\t\t\t<\/div>\n\t\t\t\t\t<\/div>\n\t\t\t\t<\/div>\n\t\t<div class=\"elementor-element elementor-element-dbd1340 e-flex e-con-boxed wpr-particle-no wpr-jarallax-no wpr-parallax-no wpr-sticky-section-no wpr-equal-height-no e-con e-parent\" data-id=\"dbd1340\" data-element_type=\"container\" data-e-type=\"container\" data-settings=\"{&quot;_ha_eqh_enable&quot;:false}\">\n\t\t\t\t\t<div class=\"e-con-inner\">\n\t\t<div class=\"elementor-element elementor-element-68325d4 e-con-full e-flex wpr-particle-no wpr-jarallax-no wpr-parallax-no wpr-sticky-section-no wpr-equal-height-no e-con e-child\" data-id=\"68325d4\" data-element_type=\"container\" data-e-type=\"container\" data-settings=\"{&quot;_ha_eqh_enable&quot;:false}\">\n\t\t\t\t<div class=\"elementor-element elementor-element-c36a2ed elementor-widget elementor-widget-image\" data-id=\"c36a2ed\" data-element_type=\"widget\" data-e-type=\"widget\" data-widget_type=\"image.default\">\n\t\t\t\t\t\t\t\t\t\t\t\t\t\t\t<img fetchpriority=\"high\" decoding=\"async\" width=\"590\" height=\"786\" src=\"https:\/\/www.dte-international.com\/wp-content\/uploads\/2025\/12\/Resim1-1.webp\" class=\"attachment-large size-large wp-image-653\" alt=\"\" srcset=\"https:\/\/www.dte-international.com\/wp-content\/uploads\/2025\/12\/Resim1-1.webp 590w, https:\/\/www.dte-international.com\/wp-content\/uploads\/2025\/12\/Resim1-1-225x300.png 225w, https:\/\/www.dte-international.com\/wp-content\/uploads\/2025\/12\/Resim1-1-9x12.png 9w\" sizes=\"(max-width: 590px) 100vw, 590px\" \/>\t\t\t\t\t\t\t\t\t\t\t\t\t\t\t<\/div>\n\t\t\t\t<\/div>\n\t\t<div class=\"elementor-element elementor-element-37660cc e-con-full e-flex wpr-particle-no wpr-jarallax-no wpr-parallax-no wpr-sticky-section-no wpr-equal-height-no e-con e-child\" data-id=\"37660cc\" data-element_type=\"container\" data-e-type=\"container\" data-settings=\"{&quot;_ha_eqh_enable&quot;:false}\">\n\t\t\t\t<div class=\"elementor-element elementor-element-a540768 elementor-widget elementor-widget-image\" data-id=\"a540768\" data-element_type=\"widget\" data-e-type=\"widget\" data-widget_type=\"image.default\">\n\t\t\t\t\t\t\t\t\t\t\t\t\t\t\t<img decoding=\"async\" width=\"648\" height=\"486\" data-src=\"https:\/\/www.dte-international.com\/wp-content\/uploads\/2025\/12\/Resim2-1.webp\" class=\"attachment-large size-large wp-image-654 lazyload\" alt=\"\" data-srcset=\"https:\/\/www.dte-international.com\/wp-content\/uploads\/2025\/12\/Resim2-1.webp 648w, https:\/\/www.dte-international.com\/wp-content\/uploads\/2025\/12\/Resim2-1-300x225.webp 300w, https:\/\/www.dte-international.com\/wp-content\/uploads\/2025\/12\/Resim2-1-16x12.webp 16w\" data-sizes=\"(max-width: 648px) 100vw, 648px\" src=\"data:image\/svg+xml;base64,PHN2ZyB3aWR0aD0iMSIgaGVpZ2h0PSIxIiB4bWxucz0iaHR0cDovL3d3dy53My5vcmcvMjAwMC9zdmciPjwvc3ZnPg==\" style=\"--smush-placeholder-width: 648px; --smush-placeholder-aspect-ratio: 648\/486;\" \/>\t\t\t\t\t\t\t\t\t\t\t\t\t\t\t<\/div>\n\t\t\t\t<\/div>\n\t\t<div class=\"elementor-element elementor-element-c7d1c35 e-con-full e-flex wpr-particle-no wpr-jarallax-no wpr-parallax-no wpr-sticky-section-no wpr-equal-height-no e-con e-child\" data-id=\"c7d1c35\" data-element_type=\"container\" data-e-type=\"container\" data-settings=\"{&quot;_ha_eqh_enable&quot;:false}\">\n\t\t\t\t<div class=\"elementor-element elementor-element-f1b366b elementor-widget elementor-widget-image\" data-id=\"f1b366b\" data-element_type=\"widget\" data-e-type=\"widget\" data-widget_type=\"image.default\">\n\t\t\t\t\t\t\t\t\t\t\t\t\t\t\t<img decoding=\"async\" width=\"498\" height=\"656\" data-src=\"https:\/\/www.dte-international.com\/wp-content\/uploads\/2025\/12\/Resim3-1.webp\" class=\"attachment-large size-large wp-image-655 lazyload\" alt=\"\" data-srcset=\"https:\/\/www.dte-international.com\/wp-content\/uploads\/2025\/12\/Resim3-1.webp 498w, https:\/\/www.dte-international.com\/wp-content\/uploads\/2025\/12\/Resim3-1-228x300.webp 228w, https:\/\/www.dte-international.com\/wp-content\/uploads\/2025\/12\/Resim3-1-9x12.webp 9w\" data-sizes=\"(max-width: 498px) 100vw, 498px\" src=\"data:image\/svg+xml;base64,PHN2ZyB3aWR0aD0iMSIgaGVpZ2h0PSIxIiB4bWxucz0iaHR0cDovL3d3dy53My5vcmcvMjAwMC9zdmciPjwvc3ZnPg==\" style=\"--smush-placeholder-width: 498px; --smush-placeholder-aspect-ratio: 498\/656;\" \/>\t\t\t\t\t\t\t\t\t\t\t\t\t\t\t<\/div>\n\t\t\t\t<\/div>\n\t\t\t\t\t<\/div>\n\t\t\t\t<\/div>\n\t\t<div class=\"elementor-element elementor-element-6b9d4e6 e-flex e-con-boxed wpr-particle-no wpr-jarallax-no wpr-parallax-no wpr-sticky-section-no wpr-equal-height-no e-con e-parent\" data-id=\"6b9d4e6\" data-element_type=\"container\" data-e-type=\"container\" data-settings=\"{&quot;_ha_eqh_enable&quot;:false}\">\n\t\t\t\t\t<div class=\"e-con-inner\">\n\t\t\t\t<div class=\"elementor-element elementor-element-405cf92 elementor-widget elementor-widget-text-editor\" data-id=\"405cf92\" data-element_type=\"widget\" data-e-type=\"widget\" data-widget_type=\"text-editor.default\">\n\t\t\t\t\t\t\t\t\t<p>Flux feeder; al\u00fcminyum prosesinde kullan\u0131lan ve ergimi\u015f metal i\u00e7erisine kontroll\u00fc ve homojen \u015fekilde azot ve flux ilavesi yap\u0131lmas\u0131n\u0131 sa\u011flayan bir ekipmand\u0131r. Bu sistem sayesinde oksitler daha etkin bi\u00e7imde temizlenerek gaz giderme ve c\u00fcruf temizli\u011fi ile metal kalitesi ve proses verimlili\u011fi art\u0131r\u0131l\u0131r.<\/p>\t\t\t\t\t\t\t\t<\/div>\n\t\t\t\t\t<\/div>\n\t\t\t\t<\/div>\n\t\t<div class=\"elementor-element elementor-element-bd2c67f e-flex e-con-boxed wpr-particle-no wpr-jarallax-no wpr-parallax-no wpr-sticky-section-no wpr-equal-height-no e-con e-parent\" data-id=\"bd2c67f\" data-element_type=\"container\" data-e-type=\"container\" data-settings=\"{&quot;_ha_eqh_enable&quot;:false}\">\n\t\t\t\t\t<div class=\"e-con-inner\">\n\t\t\t\t<div class=\"elementor-element elementor-element-40eac30 elementor-widget elementor-widget-text-editor\" data-id=\"40eac30\" data-element_type=\"widget\" data-e-type=\"widget\" data-widget_type=\"text-editor.default\">\n\t\t\t\t\t\t\t\t\t<p data-start=\"1277\" data-end=\"1476\">DTE International olarak, al\u00fcminyum sekt\u00f6r\u00fcne y\u00f6nelik sundu\u011fumuz sarf malzemeleri ve teknik \u00e7\u00f6z\u00fcmleri; grup firmam\u0131z\u00a0<strong data-start=\"1394\" data-end=\"1408\">TME Teknik<\/strong>\u00a0taraf\u0131ndan geli\u015ftirilen \u00f6zel makine ve sistemlerle destekliyoruz.<\/p><p data-start=\"1478\" data-end=\"1607\">\u00dcretim s\u00fcre\u00e7lerinize \u00f6zel makine \u00e7\u00f6z\u00fcmleri hakk\u0131nda detayl\u0131 bilgi almak i\u00e7in\u00a0<strong data-start=\"1555\" data-end=\"1569\">TME Teknik<\/strong>\u00a0web sitesini ziyaret edebilirsiniz.<\/p><p data-start=\"1609\" data-end=\"1633\"><img decoding=\"async\" class=\"emoji lazyload\" role=\"img\" draggable=\"false\" data-src=\"https:\/\/s.w.org\/images\/core\/emoji\/17.0.2\/svg\/1f517.svg\" alt=\"\ud83d\udd17\" src=\"data:image\/svg+xml;base64,PHN2ZyB3aWR0aD0iMSIgaGVpZ2h0PSIxIiB4bWxucz0iaHR0cDovL3d3dy53My5vcmcvMjAwMC9zdmciPjwvc3ZnPg==\" \/>\u00a0<strong data-start=\"1612\" data-end=\"1633\"><a class=\"decorated-link\" href=\"http:\/\/www.tmeteknik.com\/\" target=\"_new\" rel=\"noopener\" data-start=\"1614\" data-end=\"1631\">www.tmeteknik.com<\/a><\/strong><\/p>\t\t\t\t\t\t\t\t<\/div>\n\t\t\t\t\t<\/div>\n\t\t\t\t<\/div>\n\t\t\t\t<\/div>","protected":false},"excerpt":{"rendered":"<p>FLUX FEEDER Flux feeder; al\u00fcminyum prosesinde kullan\u0131lan ve ergimi\u015f metal i\u00e7erisine kontroll\u00fc ve [&hellip;]<\/p>\n","protected":false},"author":1,"featured_media":0,"parent":0,"menu_order":0,"comment_status":"closed","ping_status":"closed","template":"","meta":{"_acf_changed":false,"_eb_attr":"","om_disable_all_campaigns":false,"_monsterinsights_skip_tracking":false,"_monsterinsights_sitenote_active":false,"_monsterinsights_sitenote_note":"","_monsterinsights_sitenote_category":0,"footnotes":""},"class_list":["post-651","page","type-page","status-publish","hentry"],"acf":[],"aioseo_notices":[],"_links":{"self":[{"href":"https:\/\/www.dte-international.com\/en\/wp-json\/wp\/v2\/pages\/651","targetHints":{"allow":["GET"]}}],"collection":[{"href":"https:\/\/www.dte-international.com\/en\/wp-json\/wp\/v2\/pages"}],"about":[{"href":"https:\/\/www.dte-international.com\/en\/wp-json\/wp\/v2\/types\/page"}],"author":[{"embeddable":true,"href":"https:\/\/www.dte-international.com\/en\/wp-json\/wp\/v2\/users\/1"}],"replies":[{"embeddable":true,"href":"https:\/\/www.dte-international.com\/en\/wp-json\/wp\/v2\/comments?post=651"}],"version-history":[{"count":11,"href":"https:\/\/www.dte-international.com\/en\/wp-json\/wp\/v2\/pages\/651\/revisions"}],"predecessor-version":[{"id":665,"href":"https:\/\/www.dte-international.com\/en\/wp-json\/wp\/v2\/pages\/651\/revisions\/665"}],"wp:attachment":[{"href":"https:\/\/www.dte-international.com\/en\/wp-json\/wp\/v2\/media?parent=651"}],"curies":[{"name":"wp","href":"https:\/\/api.w.org\/{rel}","templated":true}]}}