{"id":627,"date":"2025-12-30T10:06:30","date_gmt":"2025-12-30T10:06:30","guid":{"rendered":"https:\/\/www.dte-international.com\/?page_id=627"},"modified":"2025-12-30T13:46:46","modified_gmt":"2025-12-30T13:46:46","slug":"vakum-yogunluk-ve-test-cihazlari","status":"publish","type":"page","link":"https:\/\/www.dte-international.com\/en\/vakum-yogunluk-ve-test-cihazlari\/","title":{"rendered":"Vacuum Density Tester"},"content":{"rendered":"<div data-elementor-type=\"wp-page\" data-elementor-id=\"627\" class=\"elementor elementor-627\" data-elementor-settings=\"{&quot;ha_cmc_init_switcher&quot;:&quot;no&quot;}\">\n\t\t\t\t<div class=\"elementor-element elementor-element-f5d0a8d e-flex e-con-boxed wpr-particle-no wpr-jarallax-no wpr-parallax-no wpr-sticky-section-no wpr-equal-height-no e-con e-parent\" data-id=\"f5d0a8d\" data-element_type=\"container\" data-e-type=\"container\" data-settings=\"{&quot;_ha_eqh_enable&quot;:false}\">\n\t\t\t\t\t<div class=\"e-con-inner\">\n\t\t\t\t<div class=\"elementor-element elementor-element-ea476db elementor-widget elementor-widget-heading\" data-id=\"ea476db\" data-element_type=\"widget\" data-e-type=\"widget\" data-widget_type=\"heading.default\">\n\t\t\t\t\t<h3 class=\"elementor-heading-title elementor-size-default\">Vacuum Density Tester<\/h3>\t\t\t\t<\/div>\n\t\t\t\t\t<\/div>\n\t\t\t\t<\/div>\n\t\t<div class=\"elementor-element elementor-element-8f37a24 e-flex e-con-boxed wpr-particle-no wpr-jarallax-no wpr-parallax-no wpr-sticky-section-no wpr-equal-height-no e-con e-parent\" data-id=\"8f37a24\" data-element_type=\"container\" data-e-type=\"container\" data-settings=\"{&quot;_ha_eqh_enable&quot;:false}\">\n\t\t\t\t\t<div class=\"e-con-inner\">\n\t\t<div class=\"elementor-element elementor-element-80ffc9a e-con-full e-flex wpr-particle-no wpr-jarallax-no wpr-parallax-no wpr-sticky-section-no wpr-equal-height-no e-con e-child\" data-id=\"80ffc9a\" data-element_type=\"container\" data-e-type=\"container\" data-settings=\"{&quot;_ha_eqh_enable&quot;:false}\">\n\t\t\t\t<div class=\"elementor-element elementor-element-4c932d6 elementor-widget elementor-widget-image\" data-id=\"4c932d6\" data-element_type=\"widget\" data-e-type=\"widget\" data-widget_type=\"image.default\">\n\t\t\t\t\t\t\t\t\t\t\t\t\t\t\t<img fetchpriority=\"high\" decoding=\"async\" width=\"720\" height=\"540\" src=\"https:\/\/www.dte-international.com\/wp-content\/uploads\/2025\/12\/Resim2.webp\" class=\"attachment-large size-large wp-image-634\" alt=\"\" srcset=\"https:\/\/www.dte-international.com\/wp-content\/uploads\/2025\/12\/Resim2.webp 720w, https:\/\/www.dte-international.com\/wp-content\/uploads\/2025\/12\/Resim2-300x225.webp 300w, https:\/\/www.dte-international.com\/wp-content\/uploads\/2025\/12\/Resim2-16x12.webp 16w\" sizes=\"(max-width: 720px) 100vw, 720px\" \/>\t\t\t\t\t\t\t\t\t\t\t\t\t\t\t<\/div>\n\t\t\t\t<\/div>\n\t\t<div class=\"elementor-element elementor-element-868d769 e-con-full e-flex wpr-particle-no wpr-jarallax-no wpr-parallax-no wpr-sticky-section-no wpr-equal-height-no e-con e-child\" data-id=\"868d769\" data-element_type=\"container\" data-e-type=\"container\" data-settings=\"{&quot;_ha_eqh_enable&quot;:false}\">\n\t\t\t\t<div class=\"elementor-element elementor-element-df4d6b0 elementor-widget elementor-widget-image\" data-id=\"df4d6b0\" data-element_type=\"widget\" data-e-type=\"widget\" data-widget_type=\"image.default\">\n\t\t\t\t\t\t\t\t\t\t\t\t\t\t\t<img decoding=\"async\" width=\"566\" height=\"1024\" data-src=\"https:\/\/www.dte-international.com\/wp-content\/uploads\/2025\/12\/VYI80MD_R2-566x1024.webp\" class=\"attachment-large size-large wp-image-632 lazyload\" alt=\"\" data-srcset=\"https:\/\/www.dte-international.com\/wp-content\/uploads\/2025\/12\/VYI80MD_R2-566x1024.webp 566w, https:\/\/www.dte-international.com\/wp-content\/uploads\/2025\/12\/VYI80MD_R2-166x300.webp 166w, https:\/\/www.dte-international.com\/wp-content\/uploads\/2025\/12\/VYI80MD_R2-768x1390.webp 768w, https:\/\/www.dte-international.com\/wp-content\/uploads\/2025\/12\/VYI80MD_R2-849x1536.webp 849w, https:\/\/www.dte-international.com\/wp-content\/uploads\/2025\/12\/VYI80MD_R2-7x12.webp 7w, https:\/\/www.dte-international.com\/wp-content\/uploads\/2025\/12\/VYI80MD_R2.webp 1023w\" data-sizes=\"(max-width: 566px) 100vw, 566px\" src=\"data:image\/svg+xml;base64,PHN2ZyB3aWR0aD0iMSIgaGVpZ2h0PSIxIiB4bWxucz0iaHR0cDovL3d3dy53My5vcmcvMjAwMC9zdmciPjwvc3ZnPg==\" style=\"--smush-placeholder-width: 566px; --smush-placeholder-aspect-ratio: 566\/1024;\" \/>\t\t\t\t\t\t\t\t\t\t\t\t\t\t\t<\/div>\n\t\t\t\t<\/div>\n\t\t<div class=\"elementor-element elementor-element-d30d0f2 e-con-full e-flex wpr-particle-no wpr-jarallax-no wpr-parallax-no wpr-sticky-section-no wpr-equal-height-no e-con e-child\" data-id=\"d30d0f2\" data-element_type=\"container\" data-e-type=\"container\" data-settings=\"{&quot;_ha_eqh_enable&quot;:false}\">\n\t\t\t\t<div class=\"elementor-element elementor-element-d28c7aa elementor-widget elementor-widget-image\" data-id=\"d28c7aa\" data-element_type=\"widget\" data-e-type=\"widget\" data-widget_type=\"image.default\">\n\t\t\t\t\t\t\t\t\t\t\t\t\t\t\t<img decoding=\"async\" width=\"597\" height=\"744\" data-src=\"https:\/\/www.dte-international.com\/wp-content\/uploads\/2025\/12\/Resim1.webp\" class=\"attachment-large size-large wp-image-633 lazyload\" alt=\"\" data-srcset=\"https:\/\/www.dte-international.com\/wp-content\/uploads\/2025\/12\/Resim1.webp 597w, https:\/\/www.dte-international.com\/wp-content\/uploads\/2025\/12\/Resim1-241x300.webp 241w, https:\/\/www.dte-international.com\/wp-content\/uploads\/2025\/12\/Resim1-10x12.webp 10w\" data-sizes=\"(max-width: 597px) 100vw, 597px\" src=\"data:image\/svg+xml;base64,PHN2ZyB3aWR0aD0iMSIgaGVpZ2h0PSIxIiB4bWxucz0iaHR0cDovL3d3dy53My5vcmcvMjAwMC9zdmciPjwvc3ZnPg==\" style=\"--smush-placeholder-width: 597px; --smush-placeholder-aspect-ratio: 597\/744;\" \/>\t\t\t\t\t\t\t\t\t\t\t\t\t\t\t<\/div>\n\t\t\t\t<\/div>\n\t\t\t\t\t<\/div>\n\t\t\t\t<\/div>\n\t\t<div class=\"elementor-element elementor-element-a9cc363 e-flex e-con-boxed wpr-particle-no wpr-jarallax-no wpr-parallax-no wpr-sticky-section-no wpr-equal-height-no e-con e-parent\" data-id=\"a9cc363\" data-element_type=\"container\" data-e-type=\"container\" data-settings=\"{&quot;_ha_eqh_enable&quot;:false}\">\n\t\t\t\t\t<div class=\"e-con-inner\">\n\t\t\t\t<div class=\"elementor-element elementor-element-364bc78 elementor-widget elementor-widget-text-editor\" data-id=\"364bc78\" data-element_type=\"widget\" data-e-type=\"widget\" data-widget_type=\"text-editor.default\">\n\t\t\t\t\t\t\t\t\t<p><span class=\"a_GcMg font-feature-liga-off font-feature-clig-off font-feature-calt-off text-decoration-none text-strikethrough-none\">A vacuum density tester is a testing equipment used to determine the gas content and porosity level of molten aluminum. This test, performed under vacuum, reliably evaluates the casting quality and internal structural integrity of the metal.<\/span><\/p>\t\t\t\t\t\t\t\t<\/div>\n\t\t\t\t\t<\/div>\n\t\t\t\t<\/div>\n\t\t<div class=\"elementor-element elementor-element-d57d962 e-flex e-con-boxed wpr-particle-no wpr-jarallax-no wpr-parallax-no wpr-sticky-section-no wpr-equal-height-no e-con e-parent\" data-id=\"d57d962\" data-element_type=\"container\" data-e-type=\"container\" data-settings=\"{&quot;_ha_eqh_enable&quot;:false}\">\n\t\t\t\t\t<div class=\"e-con-inner\">\n\t\t\t\t<div class=\"elementor-element elementor-element-6f631a6 elementor-widget elementor-widget-text-editor\" data-id=\"6f631a6\" data-element_type=\"widget\" data-e-type=\"widget\" data-widget_type=\"text-editor.default\">\n\t\t\t\t\t\t\t\t\t<p data-start=\"1277\" data-end=\"1476\" class=\"translation-block\">At DTE International, we support the consumables and technical solutions we offer to the aluminum industry with specialized machinery and systems developed by our group company, TME Teknik.<\/p><p data-start=\"1478\" data-end=\"1607\" class=\"translation-block\">For detailed information about machine solutions tailored to your production processes, please visit the TME Teknik website.<\/p><p data-start=\"1609\" data-end=\"1633\">\ud83d\udd17 <strong data-start=\"1612\" data-end=\"1633\"><a class=\"decorated-link\" href=\"http:\/\/www.tmeteknik.com\" target=\"_new\" rel=\"noopener\" data-start=\"1614\" data-end=\"1631\">www.tmeteknik.com<\/a><\/strong><\/p>\t\t\t\t\t\t\t\t<\/div>\n\t\t\t\t\t<\/div>\n\t\t\t\t<\/div>\n\t\t\t\t<\/div>","protected":false},"excerpt":{"rendered":"<p>Vakum Yo\u011funluk Test Cihaz\u0131 Vakum yo\u011funluk test cihaz\u0131; ergimi\u015f al\u00fcminyumun gaz i\u00e7eri\u011fini ve [&hellip;]<\/p>\n","protected":false},"author":1,"featured_media":0,"parent":0,"menu_order":0,"comment_status":"closed","ping_status":"closed","template":"","meta":{"_acf_changed":false,"_eb_attr":"","om_disable_all_campaigns":false,"_monsterinsights_skip_tracking":false,"_monsterinsights_sitenote_active":false,"_monsterinsights_sitenote_note":"","_monsterinsights_sitenote_category":0,"footnotes":""},"class_list":["post-627","page","type-page","status-publish","hentry"],"acf":[],"aioseo_notices":[],"_links":{"self":[{"href":"https:\/\/www.dte-international.com\/en\/wp-json\/wp\/v2\/pages\/627","targetHints":{"allow":["GET"]}}],"collection":[{"href":"https:\/\/www.dte-international.com\/en\/wp-json\/wp\/v2\/pages"}],"about":[{"href":"https:\/\/www.dte-international.com\/en\/wp-json\/wp\/v2\/types\/page"}],"author":[{"embeddable":true,"href":"https:\/\/www.dte-international.com\/en\/wp-json\/wp\/v2\/users\/1"}],"replies":[{"embeddable":true,"href":"https:\/\/www.dte-international.com\/en\/wp-json\/wp\/v2\/comments?post=627"}],"version-history":[{"count":13,"href":"https:\/\/www.dte-international.com\/en\/wp-json\/wp\/v2\/pages\/627\/revisions"}],"predecessor-version":[{"id":650,"href":"https:\/\/www.dte-international.com\/en\/wp-json\/wp\/v2\/pages\/627\/revisions\/650"}],"wp:attachment":[{"href":"https:\/\/www.dte-international.com\/en\/wp-json\/wp\/v2\/media?parent=627"}],"curies":[{"name":"wp","href":"https:\/\/api.w.org\/{rel}","templated":true}]}}