{"id":605,"date":"2025-12-29T16:15:13","date_gmt":"2025-12-29T16:15:13","guid":{"rendered":"https:\/\/www.dte-international.com\/?page_id=605"},"modified":"2025-12-30T13:46:19","modified_gmt":"2025-12-30T13:46:19","slug":"gaz-giderme-cihaz-ve-ekipmanlari","status":"publish","type":"page","link":"https:\/\/www.dte-international.com\/en\/gaz-giderme-cihaz-ve-ekipmanlari\/","title":{"rendered":"Degassing Machine"},"content":{"rendered":"<div data-elementor-type=\"wp-page\" data-elementor-id=\"605\" class=\"elementor elementor-605\" data-elementor-settings=\"{&quot;ha_cmc_init_switcher&quot;:&quot;no&quot;}\">\n\t\t\t\t<div class=\"elementor-element elementor-element-b0a011e e-flex e-con-boxed wpr-particle-no wpr-jarallax-no wpr-parallax-no wpr-sticky-section-no wpr-equal-height-no e-con e-parent\" data-id=\"b0a011e\" data-element_type=\"container\" data-e-type=\"container\" data-settings=\"{&quot;_ha_eqh_enable&quot;:false}\">\n\t\t\t\t\t<div class=\"e-con-inner\">\n\t\t\t\t<div class=\"elementor-element elementor-element-7553630 elementor-widget elementor-widget-heading\" data-id=\"7553630\" data-element_type=\"widget\" data-e-type=\"widget\" data-widget_type=\"heading.default\">\n\t\t\t\t\t<h3 class=\"elementor-heading-title elementor-size-default\"><a href=\"https:\/\/www.dte-international.com\/en\/urunler\/yuksek-basincli-dokum\/\">Degassing Machine<\/a><\/h3>\t\t\t\t<\/div>\n\t\t\t\t\t<\/div>\n\t\t\t\t<\/div>\n\t\t<div class=\"elementor-element elementor-element-8898cf4 e-flex e-con-boxed wpr-particle-no wpr-jarallax-no wpr-parallax-no wpr-sticky-section-no wpr-equal-height-no e-con e-parent\" data-id=\"8898cf4\" data-element_type=\"container\" data-e-type=\"container\" data-settings=\"{&quot;_ha_eqh_enable&quot;:false}\">\n\t\t\t\t\t<div class=\"e-con-inner\">\n\t\t\t\t<div class=\"elementor-element elementor-element-649cc3a elementor-widget elementor-widget-image\" data-id=\"649cc3a\" data-element_type=\"widget\" data-e-type=\"widget\" data-widget_type=\"image.default\">\n\t\t\t\t\t\t\t\t\t\t\t\t\t\t\t<img fetchpriority=\"high\" decoding=\"async\" width=\"366\" height=\"593\" src=\"https:\/\/www.dte-international.com\/wp-content\/uploads\/2025\/12\/Resim4.webp\" class=\"attachment-large size-large wp-image-318\" alt=\"\" srcset=\"https:\/\/www.dte-international.com\/wp-content\/uploads\/2025\/12\/Resim4.webp 366w, https:\/\/www.dte-international.com\/wp-content\/uploads\/2025\/12\/Resim4-185x300.webp 185w\" sizes=\"(max-width: 366px) 100vw, 366px\" \/>\t\t\t\t\t\t\t\t\t\t\t\t\t\t\t<\/div>\n\t\t\t\t\t<\/div>\n\t\t\t\t<\/div>\n\t\t<div class=\"elementor-element elementor-element-14ca4fb e-flex e-con-boxed wpr-particle-no wpr-jarallax-no wpr-parallax-no wpr-sticky-section-no wpr-equal-height-no e-con e-parent\" data-id=\"14ca4fb\" data-element_type=\"container\" data-e-type=\"container\" data-settings=\"{&quot;_ha_eqh_enable&quot;:false}\">\n\t\t\t\t\t<div class=\"e-con-inner\">\n\t\t\t\t<div class=\"elementor-element elementor-element-28695e2 elementor-widget elementor-widget-text-editor\" data-id=\"28695e2\" data-element_type=\"widget\" data-e-type=\"widget\" data-widget_type=\"text-editor.default\">\n\t\t\t\t\t\t\t\t\t<p class=\"translation-block\">Degassing devices are critical equipment used in aluminum melting and casting processes to remove hydrogen gas and oxides from molten metal. These systems directly affect aluminum casting quality, reducing porosity and resulting in more robust and defect-free castings.<\/p>\t\t\t\t\t\t\t\t<\/div>\n\t\t\t\t\t<\/div>\n\t\t\t\t<\/div>\n\t\t<div class=\"elementor-element elementor-element-b80e488 e-flex e-con-boxed wpr-particle-no wpr-jarallax-no wpr-parallax-no wpr-sticky-section-no wpr-equal-height-no e-con e-parent\" data-id=\"b80e488\" data-element_type=\"container\" data-e-type=\"container\" data-settings=\"{&quot;_ha_eqh_enable&quot;:false}\">\n\t\t\t\t\t<div class=\"e-con-inner\">\n\t\t\t\t<div class=\"elementor-element elementor-element-347b60a elementor-widget elementor-widget-text-editor\" data-id=\"347b60a\" data-element_type=\"widget\" data-e-type=\"widget\" data-widget_type=\"text-editor.default\">\n\t\t\t\t\t\t\t\t\t<p data-start=\"1277\" data-end=\"1476\" class=\"translation-block\">At DTE International, we support the consumables and technical solutions we offer to the aluminum industry with specialized machinery and systems developed by our group company, TME Teknik.<\/p><p data-start=\"1478\" data-end=\"1607\" class=\"translation-block\">For detailed information about machine solutions tailored to your production processes, please visit the TME Teknik website.<\/p><p data-start=\"1609\" data-end=\"1633\">\ud83d\udd17 <strong data-start=\"1612\" data-end=\"1633\"><a class=\"decorated-link\" href=\"http:\/\/www.tmeteknik.com\" target=\"_new\" rel=\"noopener\" data-start=\"1614\" data-end=\"1631\">www.tmeteknik.com<\/a><\/strong><\/p>\t\t\t\t\t\t\t\t<\/div>\n\t\t\t\t\t<\/div>\n\t\t\t\t<\/div>\n\t\t\t\t<\/div>","protected":false},"excerpt":{"rendered":"<p>Gaz Giderme Cihazlar\u0131 ve Ekipmanlar\u0131 Gaz alma cihaz\u0131, al\u00fcminyum eritme ve d\u00f6k\u00fcm proseslerinde [&hellip;]<\/p>\n","protected":false},"author":1,"featured_media":0,"parent":0,"menu_order":0,"comment_status":"closed","ping_status":"closed","template":"","meta":{"_acf_changed":false,"_eb_attr":"","om_disable_all_campaigns":false,"_monsterinsights_skip_tracking":false,"_monsterinsights_sitenote_active":false,"_monsterinsights_sitenote_note":"","_monsterinsights_sitenote_category":0,"footnotes":""},"class_list":["post-605","page","type-page","status-publish","hentry"],"acf":[],"aioseo_notices":[],"_links":{"self":[{"href":"https:\/\/www.dte-international.com\/en\/wp-json\/wp\/v2\/pages\/605","targetHints":{"allow":["GET"]}}],"collection":[{"href":"https:\/\/www.dte-international.com\/en\/wp-json\/wp\/v2\/pages"}],"about":[{"href":"https:\/\/www.dte-international.com\/en\/wp-json\/wp\/v2\/types\/page"}],"author":[{"embeddable":true,"href":"https:\/\/www.dte-international.com\/en\/wp-json\/wp\/v2\/users\/1"}],"replies":[{"embeddable":true,"href":"https:\/\/www.dte-international.com\/en\/wp-json\/wp\/v2\/comments?post=605"}],"version-history":[{"count":9,"href":"https:\/\/www.dte-international.com\/en\/wp-json\/wp\/v2\/pages\/605\/revisions"}],"predecessor-version":[{"id":647,"href":"https:\/\/www.dte-international.com\/en\/wp-json\/wp\/v2\/pages\/605\/revisions\/647"}],"wp:attachment":[{"href":"https:\/\/www.dte-international.com\/en\/wp-json\/wp\/v2\/media?parent=605"}],"curies":[{"name":"wp","href":"https:\/\/api.w.org\/{rel}","templated":true}]}}