{"id":571,"date":"2025-12-29T15:37:57","date_gmt":"2025-12-29T15:37:57","guid":{"rendered":"https:\/\/www.dte-international.com\/?page_id=571"},"modified":"2026-04-08T13:50:00","modified_gmt":"2026-04-08T13:50:00","slug":"grafit-rotor-saft","status":"publish","type":"page","link":"https:\/\/www.dte-international.com\/en\/grafit-rotor-saft\/","title":{"rendered":"Graphite Rotor \u2013 Shaft"},"content":{"rendered":"<div data-elementor-type=\"wp-page\" data-elementor-id=\"571\" class=\"elementor elementor-571\" data-elementor-settings=\"{&quot;ha_cmc_init_switcher&quot;:&quot;no&quot;}\">\n\t\t\t\t<div class=\"elementor-element elementor-element-f0b67a5 e-flex e-con-boxed wpr-particle-no wpr-jarallax-no wpr-parallax-no wpr-sticky-section-no wpr-equal-height-no e-con e-parent\" data-id=\"f0b67a5\" data-element_type=\"container\" data-e-type=\"container\" data-settings=\"{&quot;_ha_eqh_enable&quot;:false}\">\n\t\t\t\t\t<div class=\"e-con-inner\">\n\t\t\t\t<div class=\"elementor-element elementor-element-af3c10a elementor-widget elementor-widget-heading\" data-id=\"af3c10a\" data-element_type=\"widget\" data-e-type=\"widget\" data-widget_type=\"heading.default\">\n\t\t\t\t\t<h2 class=\"elementor-heading-title elementor-size-default\">Graphite Rotor \u2013 Shaft <\/h2>\t\t\t\t<\/div>\n\t\t\t\t\t<\/div>\n\t\t\t\t<\/div>\n\t\t<div class=\"elementor-element elementor-element-270c1ba e-flex e-con-boxed wpr-particle-no wpr-jarallax-no wpr-parallax-no wpr-sticky-section-no wpr-equal-height-no e-con e-parent\" data-id=\"270c1ba\" data-element_type=\"container\" data-e-type=\"container\" data-settings=\"{&quot;_ha_eqh_enable&quot;:false}\">\n\t\t\t\t\t<div class=\"e-con-inner\">\n\t\t<div class=\"elementor-element elementor-element-cb0c59d e-con-full e-flex wpr-particle-no wpr-jarallax-no wpr-parallax-no wpr-sticky-section-no wpr-equal-height-no e-con e-child\" data-id=\"cb0c59d\" data-element_type=\"container\" data-e-type=\"container\" data-settings=\"{&quot;_ha_eqh_enable&quot;:false}\">\n\t\t\t\t<div class=\"elementor-element elementor-element-1fb8a4c elementor-widget elementor-widget-image\" data-id=\"1fb8a4c\" data-element_type=\"widget\" data-e-type=\"widget\" data-widget_type=\"image.default\">\n\t\t\t\t\t\t\t\t\t\t\t\t\t\t\t<img fetchpriority=\"high\" decoding=\"async\" width=\"1024\" height=\"763\" src=\"https:\/\/www.dte-international.com\/wp-content\/uploads\/2026\/02\/d749da7a-df4b-4b5c-8365-84f5bb711e14.png\" class=\"attachment-large size-large wp-image-1070\" alt=\"\" srcset=\"https:\/\/www.dte-international.com\/wp-content\/uploads\/2026\/02\/d749da7a-df4b-4b5c-8365-84f5bb711e14.png 1024w, https:\/\/www.dte-international.com\/wp-content\/uploads\/2026\/02\/d749da7a-df4b-4b5c-8365-84f5bb711e14-300x224.png 300w, https:\/\/www.dte-international.com\/wp-content\/uploads\/2026\/02\/d749da7a-df4b-4b5c-8365-84f5bb711e14-768x572.png 768w, https:\/\/www.dte-international.com\/wp-content\/uploads\/2026\/02\/d749da7a-df4b-4b5c-8365-84f5bb711e14-16x12.png 16w\" sizes=\"(max-width: 1024px) 100vw, 1024px\" \/>\t\t\t\t\t\t\t\t\t\t\t\t\t\t\t<\/div>\n\t\t\t\t<\/div>\n\t\t<div class=\"elementor-element elementor-element-3905779 e-con-full e-flex wpr-particle-no wpr-jarallax-no wpr-parallax-no wpr-sticky-section-no wpr-equal-height-no e-con e-child\" data-id=\"3905779\" data-element_type=\"container\" data-e-type=\"container\" data-settings=\"{&quot;_ha_eqh_enable&quot;:false}\">\n\t\t\t\t<div class=\"elementor-element elementor-element-c70b70a elementor-widget elementor-widget-image\" data-id=\"c70b70a\" data-element_type=\"widget\" data-e-type=\"widget\" data-widget_type=\"image.default\">\n\t\t\t\t\t\t\t\t\t\t\t\t\t\t\t<img decoding=\"async\" width=\"1024\" height=\"683\" data-src=\"https:\/\/www.dte-international.com\/wp-content\/uploads\/2026\/02\/fc65f96f-2765-4be9-b169-2a1feb0e93d4-1024x683.png\" class=\"attachment-large size-large wp-image-1071 lazyload\" alt=\"\" data-srcset=\"https:\/\/www.dte-international.com\/wp-content\/uploads\/2026\/02\/fc65f96f-2765-4be9-b169-2a1feb0e93d4-1024x683.png 1024w, https:\/\/www.dte-international.com\/wp-content\/uploads\/2026\/02\/fc65f96f-2765-4be9-b169-2a1feb0e93d4-300x200.png 300w, https:\/\/www.dte-international.com\/wp-content\/uploads\/2026\/02\/fc65f96f-2765-4be9-b169-2a1feb0e93d4-768x512.png 768w, https:\/\/www.dte-international.com\/wp-content\/uploads\/2026\/02\/fc65f96f-2765-4be9-b169-2a1feb0e93d4-1536x1024.png 1536w, https:\/\/www.dte-international.com\/wp-content\/uploads\/2026\/02\/fc65f96f-2765-4be9-b169-2a1feb0e93d4-18x12.png 18w, https:\/\/www.dte-international.com\/wp-content\/uploads\/2026\/02\/fc65f96f-2765-4be9-b169-2a1feb0e93d4.png 1920w\" data-sizes=\"(max-width: 1024px) 100vw, 1024px\" src=\"data:image\/svg+xml;base64,PHN2ZyB3aWR0aD0iMSIgaGVpZ2h0PSIxIiB4bWxucz0iaHR0cDovL3d3dy53My5vcmcvMjAwMC9zdmciPjwvc3ZnPg==\" style=\"--smush-placeholder-width: 1024px; --smush-placeholder-aspect-ratio: 1024\/683;\" \/>\t\t\t\t\t\t\t\t\t\t\t\t\t\t\t<\/div>\n\t\t\t\t<\/div>\n\t\t\t\t\t<\/div>\n\t\t\t\t<\/div>\n\t\t<div class=\"elementor-element elementor-element-4728c21 e-flex e-con-boxed wpr-particle-no wpr-jarallax-no wpr-parallax-no wpr-sticky-section-no wpr-equal-height-no e-con e-parent\" data-id=\"4728c21\" data-element_type=\"container\" data-e-type=\"container\" data-settings=\"{&quot;_ha_eqh_enable&quot;:false}\">\n\t\t\t\t\t<div class=\"e-con-inner\">\n\t\t\t\t<div class=\"elementor-element elementor-element-0a54b58 elementor-widget elementor-widget-text-editor\" data-id=\"0a54b58\" data-element_type=\"widget\" data-e-type=\"widget\" data-widget_type=\"text-editor.default\">\n\t\t\t\t\t\t\t\t\t<p data-start=\"325\" data-end=\"638\" class=\"translation-block\">Graphite rotor and shaft systems are critical equipment used in aluminum melting and casting processes for degassing and improving metal purity. They offer high performance and long service life, particularly in aluminum melting furnaces, for removing hydrogen and oxides from the metal.<\/p><p data-start=\"640\" data-end=\"828\" class=\"translation-block\">The graphite rotor and shaft solutions offered by DTE International provide high efficiency, low consumption, and stable process control thanks to their structures designed to withstand demanding industrial conditions.<\/p>\t\t\t\t\t\t\t\t<\/div>\n\t\t\t\t\t<\/div>\n\t\t\t\t<\/div>\n\t\t<div class=\"elementor-element elementor-element-0c1bb9c e-flex e-con-boxed wpr-particle-no wpr-jarallax-no wpr-parallax-no wpr-sticky-section-no wpr-equal-height-no e-con e-parent\" data-id=\"0c1bb9c\" data-element_type=\"container\" data-e-type=\"container\" data-settings=\"{&quot;_ha_eqh_enable&quot;:false}\">\n\t\t\t\t\t<div class=\"e-con-inner\">\n\t\t\t\t<div class=\"elementor-element elementor-element-50d784c elementor-widget elementor-widget-heading\" data-id=\"50d784c\" data-element_type=\"widget\" data-e-type=\"widget\" data-widget_type=\"heading.default\">\n\t\t\t\t\t<h3 class=\"elementor-heading-title elementor-size-default\"><a href=\"https:\/\/www.dte-international.com\/en\/urunler\/\">Graphite Rotor<\/a><\/h3>\t\t\t\t<\/div>\n\t\t\t\t<div class=\"elementor-element elementor-element-cc7ff96 elementor-widget elementor-widget-image\" data-id=\"cc7ff96\" data-element_type=\"widget\" data-e-type=\"widget\" data-widget_type=\"image.default\">\n\t\t\t\t\t\t\t\t\t\t\t\t\t\t\t<img decoding=\"async\" width=\"555\" height=\"634\" data-src=\"https:\/\/www.dte-international.com\/wp-content\/uploads\/2025\/12\/ROTOR-e1767022440462.webp\" class=\"attachment-large size-large wp-image-573 lazyload\" alt=\"\" data-srcset=\"https:\/\/www.dte-international.com\/wp-content\/uploads\/2025\/12\/ROTOR-e1767022440462.webp 555w, https:\/\/www.dte-international.com\/wp-content\/uploads\/2025\/12\/ROTOR-e1767022440462-263x300.webp 263w, https:\/\/www.dte-international.com\/wp-content\/uploads\/2025\/12\/ROTOR-e1767022440462-11x12.webp 11w\" data-sizes=\"(max-width: 555px) 100vw, 555px\" src=\"data:image\/svg+xml;base64,PHN2ZyB3aWR0aD0iMSIgaGVpZ2h0PSIxIiB4bWxucz0iaHR0cDovL3d3dy53My5vcmcvMjAwMC9zdmciPjwvc3ZnPg==\" style=\"--smush-placeholder-width: 555px; --smush-placeholder-aspect-ratio: 555\/634;\" \/>\t\t\t\t\t\t\t\t\t\t\t\t\t\t\t<\/div>\n\t\t\t\t\t<\/div>\n\t\t\t\t<\/div>\n\t\t<div class=\"elementor-element elementor-element-4199e7e e-flex e-con-boxed wpr-particle-no wpr-jarallax-no wpr-parallax-no wpr-sticky-section-no wpr-equal-height-no e-con e-parent\" data-id=\"4199e7e\" data-element_type=\"container\" data-e-type=\"container\" data-settings=\"{&quot;_ha_eqh_enable&quot;:false}\">\n\t\t\t\t\t<div class=\"e-con-inner\">\n\t\t\t\t<div class=\"elementor-element elementor-element-bc3c1a5 elementor-widget elementor-widget-heading\" data-id=\"bc3c1a5\" data-element_type=\"widget\" data-e-type=\"widget\" data-widget_type=\"heading.default\">\n\t\t\t\t\t<h3 class=\"elementor-heading-title elementor-size-default\"><a href=\"https:\/\/www.dte-international.com\/en\/urunler\/\">Graphite Shaft<\/a><\/h3>\t\t\t\t<\/div>\n\t\t\t\t\t<\/div>\n\t\t\t\t<\/div>\n\t\t<div class=\"elementor-element elementor-element-5b476a0 e-flex e-con-boxed wpr-particle-no wpr-jarallax-no wpr-parallax-no wpr-sticky-section-no wpr-equal-height-no e-con e-parent\" data-id=\"5b476a0\" data-element_type=\"container\" data-e-type=\"container\" data-settings=\"{&quot;_ha_eqh_enable&quot;:false}\">\n\t\t\t\t\t<div class=\"e-con-inner\">\n\t\t\t\t<div class=\"elementor-element elementor-element-d212d23 elementor-widget elementor-widget-image\" data-id=\"d212d23\" data-element_type=\"widget\" data-e-type=\"widget\" data-widget_type=\"image.default\">\n\t\t\t\t\t\t\t\t\t\t\t\t\t\t\t<img decoding=\"async\" width=\"1024\" height=\"412\" data-src=\"https:\/\/www.dte-international.com\/wp-content\/uploads\/2025\/12\/saft-1024x412.webp\" class=\"attachment-large size-large wp-image-575 lazyload\" alt=\"\" data-srcset=\"https:\/\/www.dte-international.com\/wp-content\/uploads\/2025\/12\/saft-1024x412.webp 1024w, https:\/\/www.dte-international.com\/wp-content\/uploads\/2025\/12\/saft-300x121.webp 300w, https:\/\/www.dte-international.com\/wp-content\/uploads\/2025\/12\/saft-768x309.webp 768w, https:\/\/www.dte-international.com\/wp-content\/uploads\/2025\/12\/saft-18x7.webp 18w, https:\/\/www.dte-international.com\/wp-content\/uploads\/2025\/12\/saft.webp 1092w\" data-sizes=\"(max-width: 1024px) 100vw, 1024px\" src=\"data:image\/svg+xml;base64,PHN2ZyB3aWR0aD0iMSIgaGVpZ2h0PSIxIiB4bWxucz0iaHR0cDovL3d3dy53My5vcmcvMjAwMC9zdmciPjwvc3ZnPg==\" style=\"--smush-placeholder-width: 1024px; --smush-placeholder-aspect-ratio: 1024\/412;\" \/>\t\t\t\t\t\t\t\t\t\t\t\t\t\t\t<\/div>\n\t\t\t\t\t<\/div>\n\t\t\t\t<\/div>\n\t\t\t\t<\/div>","protected":false},"excerpt":{"rendered":"<p>Grafit Rotor &#8211; \u015eaft Grafit rotor ve \u015faft sistemleri, al\u00fcminyum eritme ve d\u00f6k\u00fcm [&hellip;]<\/p>\n","protected":false},"author":1,"featured_media":0,"parent":0,"menu_order":0,"comment_status":"closed","ping_status":"closed","template":"","meta":{"_acf_changed":false,"_eb_attr":"","om_disable_all_campaigns":false,"_monsterinsights_skip_tracking":false,"_monsterinsights_sitenote_active":false,"_monsterinsights_sitenote_note":"","_monsterinsights_sitenote_category":0,"footnotes":""},"class_list":["post-571","page","type-page","status-publish","hentry"],"acf":[],"aioseo_notices":[],"_links":{"self":[{"href":"https:\/\/www.dte-international.com\/en\/wp-json\/wp\/v2\/pages\/571","targetHints":{"allow":["GET"]}}],"collection":[{"href":"https:\/\/www.dte-international.com\/en\/wp-json\/wp\/v2\/pages"}],"about":[{"href":"https:\/\/www.dte-international.com\/en\/wp-json\/wp\/v2\/types\/page"}],"author":[{"embeddable":true,"href":"https:\/\/www.dte-international.com\/en\/wp-json\/wp\/v2\/users\/1"}],"replies":[{"embeddable":true,"href":"https:\/\/www.dte-international.com\/en\/wp-json\/wp\/v2\/comments?post=571"}],"version-history":[{"count":20,"href":"https:\/\/www.dte-international.com\/en\/wp-json\/wp\/v2\/pages\/571\/revisions"}],"predecessor-version":[{"id":1406,"href":"https:\/\/www.dte-international.com\/en\/wp-json\/wp\/v2\/pages\/571\/revisions\/1406"}],"wp:attachment":[{"href":"https:\/\/www.dte-international.com\/en\/wp-json\/wp\/v2\/media?parent=571"}],"curies":[{"name":"wp","href":"https:\/\/api.w.org\/{rel}","templated":true}]}}