{"id":441,"date":"2025-12-27T10:22:41","date_gmt":"2025-12-27T10:22:41","guid":{"rendered":"https:\/\/www.dte-international.com\/?page_id=441"},"modified":"2025-12-27T10:24:24","modified_gmt":"2025-12-27T10:24:24","slug":"misyonumuz","status":"publish","type":"page","link":"https:\/\/www.dte-international.com\/en\/misyonumuz\/","title":{"rendered":"Our Mission"},"content":{"rendered":"<div data-elementor-type=\"wp-page\" data-elementor-id=\"441\" class=\"elementor elementor-441\" data-elementor-settings=\"{&quot;ha_cmc_init_switcher&quot;:&quot;no&quot;}\">\n\t\t\t\t<div class=\"elementor-element elementor-element-a01f43a e-flex e-con-boxed wpr-particle-no wpr-jarallax-no wpr-parallax-no wpr-sticky-section-no wpr-equal-height-no e-con e-parent\" data-id=\"a01f43a\" data-element_type=\"container\" data-e-type=\"container\" data-settings=\"{&quot;_ha_eqh_enable&quot;:false}\">\n\t\t\t\t\t<div class=\"e-con-inner\">\n\t\t\t\t<div class=\"elementor-element elementor-element-d3eae06 elementor-widget elementor-widget-heading\" data-id=\"d3eae06\" data-element_type=\"widget\" data-e-type=\"widget\" data-widget_type=\"heading.default\">\n\t\t\t\t\t<h3 class=\"elementor-heading-title elementor-size-default\"><a href=\"https:\/\/www.dte-international.com\/en\/home\/\">Our Mission<\/a><\/h3>\t\t\t\t<\/div>\n\t\t\t\t\t<\/div>\n\t\t\t\t<\/div>\n\t\t<div class=\"elementor-element elementor-element-54ed68d e-flex e-con-boxed wpr-particle-no wpr-jarallax-no wpr-parallax-no wpr-sticky-section-no wpr-equal-height-no e-con e-parent\" data-id=\"54ed68d\" data-element_type=\"container\" data-e-type=\"container\" data-settings=\"{&quot;_ha_eqh_enable&quot;:false}\">\n\t\t\t\t\t<div class=\"e-con-inner\">\n\t\t\t\t<div class=\"elementor-element elementor-element-6158ad5 elementor-widget elementor-widget-text-editor\" data-id=\"6158ad5\" data-element_type=\"widget\" data-e-type=\"widget\" data-widget_type=\"text-editor.default\">\n\t\t\t\t\t\t\t\t\t<p data-start=\"151\" data-end=\"559\" class=\"translation-block\">As DTE International, our mission is to deliver reliable and sustainable solutions with high quality standards in the field of aluminum melting and casting technologies by accurately analyzing customer needs. Across all our areas of operation, we aim to create measurable added value in production processes through our technical expertise and engineering-driven approach.<\/p><p data-start=\"561\" data-end=\"977\" class=\"translation-block\">We aim to be a strategic business partner by developing solutions that enhance our customers\u2019 production efficiency, support process safety, and ensure consistent quality addressing not only today\u2019s requirements but also the needs of the future. In line with this vision, we operate with an innovative mindset focused on continuous improvement, closely following technological advancements in the industry.<\/p><p data-start=\"979\" data-end=\"1339\" class=\"translation-block\">DTE International\u2019s mission goes beyond delivering products and services by acting as a solution partner that provides pre-sales engineering consultancy, accurate product and system selection, and long-term technical support. In every project, the company is committed to maintaining the highest level of customer satisfaction without compromising on transparency, quality, and sustainability principles.<\/p><p>\n\n\n<\/p><p data-start=\"1341\" data-end=\"1769\" class=\"translation-block\">By delivering solutions that support environmentally responsible manufacturing, enhance energy efficiency, and prioritize occupational safety, we see it as our responsibility to contribute to a more efficient, responsible, and sustainable non-ferrous metal industry. Guided by these values, DTE International is committed to being a trusted, solution-oriented brand that builds long-term partnerships.<\/p>\t\t\t\t\t\t\t\t<\/div>\n\t\t\t\t\t<\/div>\n\t\t\t\t<\/div>\n\t\t\t\t<\/div>","protected":false},"excerpt":{"rendered":"<p>Misyonumuz DTE International olarak misyonumuz; al\u00fcminyum eritme ve d\u00f6k\u00fcm teknolojileri alan\u0131nda, m\u00fc\u015fteri ihtiya\u00e7lar\u0131n\u0131 [&hellip;]<\/p>\n","protected":false},"author":1,"featured_media":0,"parent":0,"menu_order":0,"comment_status":"closed","ping_status":"closed","template":"","meta":{"_acf_changed":false,"_eb_attr":"","om_disable_all_campaigns":false,"_monsterinsights_skip_tracking":false,"_monsterinsights_sitenote_active":false,"_monsterinsights_sitenote_note":"","_monsterinsights_sitenote_category":0,"footnotes":""},"class_list":["post-441","page","type-page","status-publish","hentry"],"acf":[],"aioseo_notices":[],"_links":{"self":[{"href":"https:\/\/www.dte-international.com\/en\/wp-json\/wp\/v2\/pages\/441","targetHints":{"allow":["GET"]}}],"collection":[{"href":"https:\/\/www.dte-international.com\/en\/wp-json\/wp\/v2\/pages"}],"about":[{"href":"https:\/\/www.dte-international.com\/en\/wp-json\/wp\/v2\/types\/page"}],"author":[{"embeddable":true,"href":"https:\/\/www.dte-international.com\/en\/wp-json\/wp\/v2\/users\/1"}],"replies":[{"embeddable":true,"href":"https:\/\/www.dte-international.com\/en\/wp-json\/wp\/v2\/comments?post=441"}],"version-history":[{"count":5,"href":"https:\/\/www.dte-international.com\/en\/wp-json\/wp\/v2\/pages\/441\/revisions"}],"predecessor-version":[{"id":446,"href":"https:\/\/www.dte-international.com\/en\/wp-json\/wp\/v2\/pages\/441\/revisions\/446"}],"wp:attachment":[{"href":"https:\/\/www.dte-international.com\/en\/wp-json\/wp\/v2\/media?parent=441"}],"curies":[{"name":"wp","href":"https:\/\/api.w.org\/{rel}","templated":true}]}}