{"id":434,"date":"2025-12-27T10:18:26","date_gmt":"2025-12-27T10:18:26","guid":{"rendered":"https:\/\/www.dte-international.com\/?page_id=434"},"modified":"2025-12-31T12:26:23","modified_gmt":"2025-12-31T12:26:23","slug":"vizyonumuz","status":"publish","type":"page","link":"https:\/\/www.dte-international.com\/en\/vizyonumuz\/","title":{"rendered":"Our Vision"},"content":{"rendered":"<div data-elementor-type=\"wp-page\" data-elementor-id=\"434\" class=\"elementor elementor-434\" data-elementor-settings=\"{&quot;ha_cmc_init_switcher&quot;:&quot;no&quot;}\">\n\t\t\t\t<div class=\"elementor-element elementor-element-9e67e4a e-flex e-con-boxed wpr-particle-no wpr-jarallax-no wpr-parallax-no wpr-sticky-section-no wpr-equal-height-no e-con e-parent\" data-id=\"9e67e4a\" data-element_type=\"container\" data-e-type=\"container\" data-settings=\"{&quot;_ha_eqh_enable&quot;:false}\">\n\t\t\t\t\t<div class=\"e-con-inner\">\n\t\t\t\t<div class=\"elementor-element elementor-element-11ea6a4 elementor-widget elementor-widget-heading\" data-id=\"11ea6a4\" data-element_type=\"widget\" data-e-type=\"widget\" data-widget_type=\"heading.default\">\n\t\t\t\t\t<h3 class=\"elementor-heading-title elementor-size-default\"><a href=\"https:\/\/www.dte-international.com\/en\/home\/\">Our Vision<\/a><\/h3>\t\t\t\t<\/div>\n\t\t\t\t\t<\/div>\n\t\t\t\t<\/div>\n\t\t<div class=\"elementor-element elementor-element-b5c7090 e-flex e-con-boxed wpr-particle-no wpr-jarallax-no wpr-parallax-no wpr-sticky-section-no wpr-equal-height-no e-con e-parent\" data-id=\"b5c7090\" data-element_type=\"container\" data-e-type=\"container\" data-settings=\"{&quot;_ha_eqh_enable&quot;:false}\">\n\t\t\t\t\t<div class=\"e-con-inner\">\n\t\t\t\t<div class=\"elementor-element elementor-element-65663bb elementor-widget elementor-widget-text-editor\" data-id=\"65663bb\" data-element_type=\"widget\" data-e-type=\"widget\" data-widget_type=\"text-editor.default\">\n\t\t\t\t\t\t\t\t\t<p data-start=\"151\" data-end=\"406\" class=\"translation-block\">To become a strong and trusted brand in aluminum melting and casting technologies, creating value for the industry through innovative solutions, an engineering-driven approach, and high technical expertise, and being the preferred choice in both domestic and international markets.<\/p><p data-start=\"408\" data-end=\"859\" class=\"translation-block\">As DTE International, our vision is to strengthen our customers\u2019 long-term competitiveness by delivering solutions that increase production efficiency, elevate quality standards, and support sustainable manufacturing within the non-ferrous metal industry. By closely following continuously evolving technologies and adopting an engineering-driven approach, we aim to deliver projects that create a clear and lasting impact in the industry.<\/p><p data-start=\"861\" data-end=\"1326\" class=\"translation-block\">In all markets where we operate, we go beyond being a supplier of products and equipment by acting as a true solution partner, directly contributing to our customers\u2019 production processes through trust-based and sustainable partnerships. In line with this approach, we continue to develop innovative solutions that address both current and future industry needs, with a strong focus on quality, efficiency, environmental responsibility, and occupational safety.<\/p><p>\n\n\n<\/p><p data-start=\"1328\" data-end=\"1543\" class=\"translation-block\">With the goal of becoming a globally recognized brand in aluminum technologies\u2014renowned for its engineering strength and value creation\u2014DTE International continues to move forward with confidence toward the future.<\/p>\t\t\t\t\t\t\t\t<\/div>\n\t\t\t\t\t<\/div>\n\t\t\t\t<\/div>\n\t\t\t\t<\/div>","protected":false},"excerpt":{"rendered":"<p>Vizyonumuz Al\u00fcminyum eritme ve d\u00f6k\u00fcm teknolojileri alan\u0131nda; yenilik\u00e7i \u00e7\u00f6z\u00fcmleri, m\u00fchendislik odakl\u0131 yakla\u015f\u0131m\u0131 ve [&hellip;]<\/p>\n","protected":false},"author":1,"featured_media":0,"parent":0,"menu_order":0,"comment_status":"closed","ping_status":"closed","template":"","meta":{"_acf_changed":false,"_eb_attr":"","om_disable_all_campaigns":false,"_monsterinsights_skip_tracking":false,"_monsterinsights_sitenote_active":false,"_monsterinsights_sitenote_note":"","_monsterinsights_sitenote_category":0,"footnotes":""},"class_list":["post-434","page","type-page","status-publish","hentry"],"acf":[],"aioseo_notices":[],"_links":{"self":[{"href":"https:\/\/www.dte-international.com\/en\/wp-json\/wp\/v2\/pages\/434","targetHints":{"allow":["GET"]}}],"collection":[{"href":"https:\/\/www.dte-international.com\/en\/wp-json\/wp\/v2\/pages"}],"about":[{"href":"https:\/\/www.dte-international.com\/en\/wp-json\/wp\/v2\/types\/page"}],"author":[{"embeddable":true,"href":"https:\/\/www.dte-international.com\/en\/wp-json\/wp\/v2\/users\/1"}],"replies":[{"embeddable":true,"href":"https:\/\/www.dte-international.com\/en\/wp-json\/wp\/v2\/comments?post=434"}],"version-history":[{"count":7,"href":"https:\/\/www.dte-international.com\/en\/wp-json\/wp\/v2\/pages\/434\/revisions"}],"predecessor-version":[{"id":684,"href":"https:\/\/www.dte-international.com\/en\/wp-json\/wp\/v2\/pages\/434\/revisions\/684"}],"wp:attachment":[{"href":"https:\/\/www.dte-international.com\/en\/wp-json\/wp\/v2\/media?parent=434"}],"curies":[{"name":"wp","href":"https:\/\/api.w.org\/{rel}","templated":true}]}}