{"id":417,"date":"2025-12-27T09:16:36","date_gmt":"2025-12-27T09:16:36","guid":{"rendered":"https:\/\/www.dte-international.com\/?page_id=417"},"modified":"2026-04-08T13:37:00","modified_gmt":"2026-04-08T13:37:00","slug":"gri-pasta-silcadur-al-sn","status":"publish","type":"page","link":"https:\/\/www.dte-international.com\/en\/gri-pasta-silcadur-al-sn\/","title":{"rendered":"Grey Paste \u2013 Silcadur AL-SN"},"content":{"rendered":"<div data-elementor-type=\"wp-page\" data-elementor-id=\"417\" class=\"elementor elementor-417\" data-elementor-settings=\"{&quot;ha_cmc_init_switcher&quot;:&quot;no&quot;}\">\n\t\t\t\t<div class=\"elementor-element elementor-element-7afc088 e-flex e-con-boxed wpr-particle-no wpr-jarallax-no wpr-parallax-no wpr-sticky-section-no wpr-equal-height-no e-con e-parent\" data-id=\"7afc088\" data-element_type=\"container\" data-e-type=\"container\" data-settings=\"{&quot;_ha_eqh_enable&quot;:false}\">\n\t\t\t\t\t<div class=\"e-con-inner\">\n\t\t\t\t<div class=\"elementor-element elementor-element-038c1de elementor-widget elementor-widget-heading\" data-id=\"038c1de\" data-element_type=\"widget\" data-e-type=\"widget\" data-widget_type=\"heading.default\">\n\t\t\t\t\t<h2 class=\"elementor-heading-title elementor-size-default\"><a href=\"https:\/\/www.dte-international.com\/en\/urunler\/yuksek-basincli-dokum\/\">Grey Paste \u2013 Silcadur AL-SN<\/a><\/h2>\t\t\t\t<\/div>\n\t\t\t\t\t<\/div>\n\t\t\t\t<\/div>\n\t\t<div class=\"elementor-element elementor-element-2723f1a e-flex e-con-boxed wpr-particle-no wpr-jarallax-no wpr-parallax-no wpr-sticky-section-no wpr-equal-height-no e-con e-parent\" data-id=\"2723f1a\" data-element_type=\"container\" data-e-type=\"container\" data-settings=\"{&quot;_ha_eqh_enable&quot;:false}\">\n\t\t\t\t\t<div class=\"e-con-inner\">\n\t\t\t\t<div class=\"elementor-element elementor-element-901319a elementor-widget elementor-widget-image\" data-id=\"901319a\" data-element_type=\"widget\" data-e-type=\"widget\" data-widget_type=\"image.default\">\n\t\t\t\t\t\t\t\t\t\t\t\t\t\t\t<img fetchpriority=\"high\" decoding=\"async\" width=\"300\" height=\"300\" src=\"https:\/\/www.dte-international.com\/wp-content\/uploads\/2026\/04\/b62de60a-9068-4cdd-af43-d7e34b592ca1-300x300.png\" class=\"attachment-medium size-medium wp-image-1355\" alt=\"\" srcset=\"https:\/\/www.dte-international.com\/wp-content\/uploads\/2026\/04\/b62de60a-9068-4cdd-af43-d7e34b592ca1-300x300.png 300w, https:\/\/www.dte-international.com\/wp-content\/uploads\/2026\/04\/b62de60a-9068-4cdd-af43-d7e34b592ca1-1024x1024.png 1024w, https:\/\/www.dte-international.com\/wp-content\/uploads\/2026\/04\/b62de60a-9068-4cdd-af43-d7e34b592ca1-150x150.png 150w, https:\/\/www.dte-international.com\/wp-content\/uploads\/2026\/04\/b62de60a-9068-4cdd-af43-d7e34b592ca1-768x768.png 768w, https:\/\/www.dte-international.com\/wp-content\/uploads\/2026\/04\/b62de60a-9068-4cdd-af43-d7e34b592ca1-1536x1536.png 1536w, https:\/\/www.dte-international.com\/wp-content\/uploads\/2026\/04\/b62de60a-9068-4cdd-af43-d7e34b592ca1-12x12.png 12w, https:\/\/www.dte-international.com\/wp-content\/uploads\/2026\/04\/b62de60a-9068-4cdd-af43-d7e34b592ca1.png 2048w\" sizes=\"(max-width: 300px) 100vw, 300px\" \/>\t\t\t\t\t\t\t\t\t\t\t\t\t\t\t<\/div>\n\t\t\t\t\t<\/div>\n\t\t\t\t<\/div>\n\t\t<div class=\"elementor-element elementor-element-f6a6193 e-flex e-con-boxed wpr-particle-no wpr-jarallax-no wpr-parallax-no wpr-sticky-section-no wpr-equal-height-no e-con e-parent\" data-id=\"f6a6193\" data-element_type=\"container\" data-e-type=\"container\" data-settings=\"{&quot;_ha_eqh_enable&quot;:false}\">\n\t\t\t\t\t<div class=\"e-con-inner\">\n\t\t\t\t<div class=\"elementor-element elementor-element-67e26c0 elementor-widget elementor-widget-text-editor\" data-id=\"67e26c0\" data-element_type=\"widget\" data-e-type=\"widget\" data-widget_type=\"text-editor.default\">\n\t\t\t\t\t\t\t\t\t<p>Silcadur AL-SN is a special gray paste used in high-pressure die casting (HPDC) processes of aluminum alloys, designed to prevent sticking (seizing). This product prevents molten aluminum from adhering to piston, shot sleeve, and metal contact surfaces, ensuring a more stable, safe, and efficient casting process.<\/p>\t\t\t\t\t\t\t\t<\/div>\n\t\t\t\t\t<\/div>\n\t\t\t\t<\/div>\n\t\t<div class=\"elementor-element elementor-element-f41f8e2 e-flex e-con-boxed wpr-particle-no wpr-jarallax-no wpr-parallax-no wpr-sticky-section-no wpr-equal-height-no e-con e-parent\" data-id=\"f41f8e2\" data-element_type=\"container\" data-e-type=\"container\" data-settings=\"{&quot;_ha_eqh_enable&quot;:false}\">\n\t\t\t\t\t<div class=\"e-con-inner\">\n\t\t\t\t<div class=\"elementor-element elementor-element-fd40831 elementor-widget elementor-widget-text-editor\" data-id=\"fd40831\" data-element_type=\"widget\" data-e-type=\"widget\" data-widget_type=\"text-editor.default\">\n\t\t\t\t\t\t\t\t\t<ul><li data-start=\"506\" data-end=\"589\"><p data-start=\"508\" data-end=\"589\" class=\"translation-block\">To prevent aluminum from welding to the piston and shot sleeve surfaces.<\/p><\/li><li data-start=\"590\" data-end=\"653\"><p data-start=\"592\" data-end=\"653\" class=\"translation-block\">Improving metal flow to ensure more homogeneous filling.<\/p><\/li><li data-start=\"654\" data-end=\"720\"><p data-start=\"656\" data-end=\"720\" class=\"translation-block\">To obtain castings with high surface quality, bright and clean.<\/p><\/li><li data-start=\"721\" data-end=\"788\"><p data-start=\"723\" data-end=\"788\" class=\"translation-block\">Extending mold and equipment life by reducing carbon buildup.<\/p><\/li><li data-start=\"789\" data-end=\"844\"><p data-start=\"791\" data-end=\"844\" class=\"translation-block\">To provide stable performance at high temperatures.<\/p><\/li><li data-start=\"789\" data-end=\"844\"><p data-start=\"791\" data-end=\"844\">Excellent mold release and metal flow.<\/p><p data-start=\"791\" data-end=\"844\">\u27a2 Bright cast surfaces<\/p><p data-start=\"791\" data-end=\"844\">\u27a2 Exceptional appearance without carbon buildup<\/p><p data-start=\"791\" data-end=\"844\">\u27a2 High temperature resistance<\/p><p data-start=\"791\" data-end=\"844\">\u27a2 Extremely user-friendly<\/p><\/li><li data-start=\"789\" data-end=\"844\"><p data-start=\"791\" data-end=\"844\"><strong>Colour:<\/strong> Silver Grey<\/p><\/li><li data-start=\"789\" data-end=\"844\"><p data-start=\"791\" data-end=\"844\"><strong>Density:<\/strong> 0.95g\/cm\u00b3<\/p><\/li><li data-start=\"789\" data-end=\"844\"><p data-start=\"791\" data-end=\"844\"><strong>Carrier:<\/strong> Mineral Oil<\/p><\/li><\/ul>\t\t\t\t\t\t\t\t<\/div>\n\t\t\t\t\t<\/div>\n\t\t\t\t<\/div>\n\t\t<div class=\"elementor-element elementor-element-dde5ba3 e-flex e-con-boxed wpr-particle-no wpr-jarallax-no wpr-parallax-no wpr-sticky-section-no wpr-equal-height-no e-con e-parent\" data-id=\"dde5ba3\" data-element_type=\"container\" data-e-type=\"container\" data-settings=\"{&quot;_ha_eqh_enable&quot;:false}\">\n\t\t\t\t\t<div class=\"e-con-inner\">\n\t\t\t\t<div class=\"elementor-element elementor-element-c75980c wpr-button-icon-style-inline wpr-button-icon-position-right elementor-widget elementor-widget-wpr-button\" data-id=\"c75980c\" data-element_type=\"widget\" data-e-type=\"widget\" data-widget_type=\"wpr-button.default\">\n\t\t\t\t\t\t\n\t\t\t\n\t\t\n\t\t<div class=\"wpr-button-wrap elementor-clearfix\">\n\t\t<a class=\"wpr-button wpr-button-effect wpr-button-none\" data-text=\"\" href=\"https:\/\/www.dte-international.com\/wp-content\/uploads\/2026\/04\/SILCA-TDS-Silcadur-AL-SN.pdf\" target=\"_blank\">\n\t\t\t\n\t\t\t<span class=\"wpr-button-content\">\n\t\t\t\t\t\t\t\t\t<span class=\"wpr-button-text\">Teknik D\u00f6k\u00fcman \u0130ndir<\/span>\n\t\t\t\t\t\t\t\t\n\t\t\t\t\t\t\t\t\t<span class=\"wpr-button-icon\"><i class=\"icon icon-download-button\"><\/i><\/span>\n\t\t\t\t\t\t\t<\/span>\n\t\t<\/a>\n\n\t\t\t\t<\/div>\n\t\n\t\n\t\t\t\t\t<\/div>\n\t\t\t\t\t<\/div>\n\t\t\t\t<\/div>\n\t\t\t\t<\/div>","protected":false},"excerpt":{"rendered":"<p>Gri Pasta &#8211; Silcadur AL-SN Silcadur AL-SN, al\u00fcminyum ala\u015f\u0131mlar\u0131n\u0131n y\u00fcksek bas\u0131n\u00e7l\u0131 d\u00f6k\u00fcm (HPDC) [&hellip;]<\/p>\n","protected":false},"author":1,"featured_media":0,"parent":0,"menu_order":0,"comment_status":"closed","ping_status":"closed","template":"","meta":{"_acf_changed":false,"_eb_attr":"","om_disable_all_campaigns":false,"_monsterinsights_skip_tracking":false,"_monsterinsights_sitenote_active":false,"_monsterinsights_sitenote_note":"","_monsterinsights_sitenote_category":0,"footnotes":""},"class_list":["post-417","page","type-page","status-publish","hentry"],"acf":[],"aioseo_notices":[],"_links":{"self":[{"href":"https:\/\/www.dte-international.com\/en\/wp-json\/wp\/v2\/pages\/417","targetHints":{"allow":["GET"]}}],"collection":[{"href":"https:\/\/www.dte-international.com\/en\/wp-json\/wp\/v2\/pages"}],"about":[{"href":"https:\/\/www.dte-international.com\/en\/wp-json\/wp\/v2\/types\/page"}],"author":[{"embeddable":true,"href":"https:\/\/www.dte-international.com\/en\/wp-json\/wp\/v2\/users\/1"}],"replies":[{"embeddable":true,"href":"https:\/\/www.dte-international.com\/en\/wp-json\/wp\/v2\/comments?post=417"}],"version-history":[{"count":57,"href":"https:\/\/www.dte-international.com\/en\/wp-json\/wp\/v2\/pages\/417\/revisions"}],"predecessor-version":[{"id":1373,"href":"https:\/\/www.dte-international.com\/en\/wp-json\/wp\/v2\/pages\/417\/revisions\/1373"}],"wp:attachment":[{"href":"https:\/\/www.dte-international.com\/en\/wp-json\/wp\/v2\/media?parent=417"}],"curies":[{"name":"wp","href":"https:\/\/api.w.org\/{rel}","templated":true}]}}