{"id":405,"date":"2025-12-27T08:26:32","date_gmt":"2025-12-27T08:26:32","guid":{"rendered":"https:\/\/www.dte-international.com\/?page_id=405"},"modified":"2026-04-07T15:06:32","modified_gmt":"2026-04-07T15:06:32","slug":"granul-piston-yagi-silcadur-plg-100","status":"publish","type":"page","link":"https:\/\/www.dte-international.com\/en\/granul-piston-yagi-silcadur-plg-100\/","title":{"rendered":"Granular Piston Oil - Silcadur PLG 100"},"content":{"rendered":"<div data-elementor-type=\"wp-page\" data-elementor-id=\"405\" class=\"elementor elementor-405\" data-elementor-settings=\"{&quot;ha_cmc_init_switcher&quot;:&quot;no&quot;}\">\n\t\t\t\t<div class=\"elementor-element elementor-element-0d89f5c e-flex e-con-boxed wpr-particle-no wpr-jarallax-no wpr-parallax-no wpr-sticky-section-no wpr-equal-height-no e-con e-parent\" data-id=\"0d89f5c\" data-element_type=\"container\" data-e-type=\"container\" data-settings=\"{&quot;_ha_eqh_enable&quot;:false}\">\n\t\t\t\t\t<div class=\"e-con-inner\">\n\t\t\t\t<div class=\"elementor-element elementor-element-fb377b4 elementor-widget elementor-widget-heading\" data-id=\"fb377b4\" data-element_type=\"widget\" data-e-type=\"widget\" data-widget_type=\"heading.default\">\n\t\t\t\t\t<h3 class=\"elementor-heading-title elementor-size-default\"><a href=\"https:\/\/www.dte-international.com\/en\/urunler\/yuksek-basincli-dokum\/\">Granular Piston Oil - Silcadur PLG 100<\/a><\/h3>\t\t\t\t<\/div>\n\t\t\t\t\t<\/div>\n\t\t\t\t<\/div>\n\t\t<div class=\"elementor-element elementor-element-976e3ef e-flex e-con-boxed wpr-particle-no wpr-jarallax-no wpr-parallax-no wpr-sticky-section-no wpr-equal-height-no e-con e-parent\" data-id=\"976e3ef\" data-element_type=\"container\" data-e-type=\"container\" data-settings=\"{&quot;_ha_eqh_enable&quot;:false}\">\n\t\t\t\t\t<div class=\"e-con-inner\">\n\t\t\t\t<div class=\"elementor-element elementor-element-13c1798 elementor-position-top elementor-widget elementor-widget-image-box\" data-id=\"13c1798\" data-element_type=\"widget\" data-e-type=\"widget\" data-widget_type=\"image-box.default\">\n\t\t\t\t\t<div class=\"elementor-image-box-wrapper\"><figure class=\"elementor-image-box-img\"><a href=\"https:\/\/www.dte-international.com\/en\/urunler\/yuksek-basincli-dokum\/\" tabindex=\"-1\"><img fetchpriority=\"high\" decoding=\"async\" width=\"855\" height=\"634\" src=\"https:\/\/www.dte-international.com\/wp-content\/uploads\/2025\/12\/1656946060904-e1766821245741.webp\" class=\"attachment-full size-full wp-image-383\" alt=\"\" srcset=\"https:\/\/www.dte-international.com\/wp-content\/uploads\/2025\/12\/1656946060904-e1766821245741.webp 855w, https:\/\/www.dte-international.com\/wp-content\/uploads\/2025\/12\/1656946060904-e1766821245741-300x222.webp 300w, https:\/\/www.dte-international.com\/wp-content\/uploads\/2025\/12\/1656946060904-e1766821245741-768x569.webp 768w\" sizes=\"(max-width: 855px) 100vw, 855px\" \/><\/a><\/figure><div class=\"elementor-image-box-content\"><h3 class=\"elementor-image-box-title\"><a href=\"https:\/\/www.dte-international.com\/en\/urunler\/yuksek-basincli-dokum\/\">Granular Piston Oil - Silcadur PLG 100<\/a><\/h3><p class=\"elementor-image-box-description\">Silcadur PLG 100 is a dry-type lubricant specifically developed for the piston (plunger) and shot sleeve lubrication in high-pressure aluminum die casting machines.<\/p><\/div><\/div>\t\t\t\t<\/div>\n\t\t\t\t\t<\/div>\n\t\t\t\t<\/div>\n\t\t<div class=\"elementor-element elementor-element-73366fd e-flex e-con-boxed wpr-particle-no wpr-jarallax-no wpr-parallax-no wpr-sticky-section-no wpr-equal-height-no e-con e-parent\" data-id=\"73366fd\" data-element_type=\"container\" data-e-type=\"container\" data-settings=\"{&quot;_ha_eqh_enable&quot;:false}\">\n\t\t\t\t\t<div class=\"e-con-inner\">\n\t\t\t\t<div class=\"elementor-element elementor-element-0341526 elementor-widget elementor-widget-text-editor\" data-id=\"0341526\" data-element_type=\"widget\" data-e-type=\"widget\" data-widget_type=\"text-editor.default\">\n\t\t\t\t\t\t\t\t\t<p data-start=\"239\" data-end=\"258\"><strong data-start=\"239\" data-end=\"258\">Features<\/strong><\/p>\n<ul data-start=\"259\" data-end=\"566\">\n<li data-start=\"259\" data-end=\"345\">\n<p data-start=\"261\" data-end=\"345\">It reduces porosity in castings because it is used in very small quantities.<\/p>\n<\/li>\n<li data-start=\"346\" data-end=\"433\">\n<p data-start=\"348\" data-end=\"433\">Its free-flowing and dust-free granular structure makes it suitable for automated applications.<\/p>\n<\/li>\n<li data-start=\"434\" data-end=\"513\">\n<p data-start=\"436\" data-end=\"513\">It extends the lifespan of the shot sleeve and piston thanks to the capillary action.<\/p>\n<\/li>\n<li data-start=\"514\" data-end=\"566\">\n<p data-start=\"516\" data-end=\"566\">No flames are generated during the application process.<\/p>\n<\/li>\n<li data-start=\"514\" data-end=\"566\">\n<p data-start=\"516\" data-end=\"566\"><strong>Congealing point: <\/strong>98 &#8211; 105 \u00b0C<\/p>\n<\/li>\n<li data-start=\"514\" data-end=\"566\">\n<p data-start=\"516\" data-end=\"566\"><strong>Graphite Content<\/strong> 18 &#8211; 23 %<\/p>\n<\/li>\n<li data-start=\"514\" data-end=\"566\">\n<p data-start=\"516\" data-end=\"566\"><strong>Solid Lubricant: <\/strong>High-purity graphite is combined with a synergistic mixture of white solid lubricants.<\/p>\n<\/li>\n<li data-start=\"514\" data-end=\"566\">\n<p data-start=\"516\" data-end=\"566\"><strong>Size:<\/strong> 450 &#8211; 950 \u00b5m, 950 &#8211; 1550 \u00b5m, 1550 &#8211; 1850 \u00b5m,\u00a0<\/p>\n<\/li>\n<li data-start=\"514\" data-end=\"566\"><strong>Aplication:<\/strong> Silcadur PLG 100 is applied to the spray can using automatic dosing equipment. Manual dosing is also possible, but not recommended.<\/li>\n<\/ul>\t\t\t\t\t\t\t\t<\/div>\n\t\t\t\t\t<\/div>\n\t\t\t\t<\/div>\n\t\t<div class=\"elementor-element elementor-element-7dec179 e-flex e-con-boxed wpr-particle-no wpr-jarallax-no wpr-parallax-no wpr-sticky-section-no wpr-equal-height-no e-con e-parent\" data-id=\"7dec179\" data-element_type=\"container\" data-e-type=\"container\" data-settings=\"{&quot;_ha_eqh_enable&quot;:false}\">\n\t\t\t\t\t<div class=\"e-con-inner\">\n\t\t\t\t<div class=\"elementor-element elementor-element-f440d77 wpr-button-icon-style-inline wpr-button-icon-position-right elementor-widget elementor-widget-wpr-button\" data-id=\"f440d77\" data-element_type=\"widget\" data-e-type=\"widget\" data-widget_type=\"wpr-button.default\">\n\t\t\t\t\t\t\n\t\t\t\n\t\t\n\t\t<div class=\"wpr-button-wrap elementor-clearfix\">\n\t\t<a class=\"wpr-button wpr-button-effect wpr-button-none\" data-text=\"\" href=\"https:\/\/www.dte-international.com\/wp-content\/uploads\/2026\/04\/SIlcadur-PLG-100-TDS.pdf\" target=\"_blank\">\n\t\t\t\n\t\t\t<span class=\"wpr-button-content\">\n\t\t\t\t\t\t\t\t\t<span class=\"wpr-button-text\">Teknik D\u00f6k\u00fcman \u0130ndir<\/span>\n\t\t\t\t\t\t\t\t\n\t\t\t\t\t\t\t\t\t<span class=\"wpr-button-icon\"><i class=\"icon icon-download-button\"><\/i><\/span>\n\t\t\t\t\t\t\t<\/span>\n\t\t<\/a>\n\n\t\t\t\t<\/div>\n\t\n\t\n\t\t\t\t\t<\/div>\n\t\t\t\t\t<\/div>\n\t\t\t\t<\/div>\n\t\t\t\t<\/div>","protected":false},"excerpt":{"rendered":"<p>Gran\u00fcl Piston Ya\u011f\u0131 &#8211; Silcadur PLG 100 Gran\u00fcl Piston Ya\u011f\u0131 &#8211; Silcadur PLG [&hellip;]<\/p>\n","protected":false},"author":1,"featured_media":0,"parent":0,"menu_order":0,"comment_status":"closed","ping_status":"closed","template":"","meta":{"_acf_changed":false,"_eb_attr":"","om_disable_all_campaigns":false,"_monsterinsights_skip_tracking":false,"_monsterinsights_sitenote_active":false,"_monsterinsights_sitenote_note":"","_monsterinsights_sitenote_category":0,"footnotes":""},"class_list":["post-405","page","type-page","status-publish","hentry"],"acf":[],"aioseo_notices":[],"_links":{"self":[{"href":"https:\/\/www.dte-international.com\/en\/wp-json\/wp\/v2\/pages\/405","targetHints":{"allow":["GET"]}}],"collection":[{"href":"https:\/\/www.dte-international.com\/en\/wp-json\/wp\/v2\/pages"}],"about":[{"href":"https:\/\/www.dte-international.com\/en\/wp-json\/wp\/v2\/types\/page"}],"author":[{"embeddable":true,"href":"https:\/\/www.dte-international.com\/en\/wp-json\/wp\/v2\/users\/1"}],"replies":[{"embeddable":true,"href":"https:\/\/www.dte-international.com\/en\/wp-json\/wp\/v2\/comments?post=405"}],"version-history":[{"count":27,"href":"https:\/\/www.dte-international.com\/en\/wp-json\/wp\/v2\/pages\/405\/revisions"}],"predecessor-version":[{"id":1295,"href":"https:\/\/www.dte-international.com\/en\/wp-json\/wp\/v2\/pages\/405\/revisions\/1295"}],"wp:attachment":[{"href":"https:\/\/www.dte-international.com\/en\/wp-json\/wp\/v2\/media?parent=405"}],"curies":[{"name":"wp","href":"https:\/\/api.w.org\/{rel}","templated":true}]}}