{"id":387,"date":"2025-12-27T08:05:02","date_gmt":"2025-12-27T08:05:02","guid":{"rendered":"https:\/\/www.dte-international.com\/?page_id=387"},"modified":"2026-02-20T14:58:36","modified_gmt":"2026-02-20T14:58:36","slug":"yuksek-basincli-dokum","status":"publish","type":"page","link":"https:\/\/www.dte-international.com\/en\/urunler\/yuksek-basincli-dokum\/","title":{"rendered":"High Pressure Die Casting"},"content":{"rendered":"<div data-elementor-type=\"wp-page\" data-elementor-id=\"387\" class=\"elementor elementor-387\" data-elementor-settings=\"{&quot;ha_cmc_init_switcher&quot;:&quot;no&quot;}\">\n\t\t\t\t<div class=\"elementor-element elementor-element-1ba8e6a e-flex e-con-boxed wpr-particle-no wpr-jarallax-no wpr-parallax-no wpr-sticky-section-no wpr-equal-height-no e-con e-parent\" data-id=\"1ba8e6a\" data-element_type=\"container\" data-e-type=\"container\" data-settings=\"{&quot;_ha_eqh_enable&quot;:false}\">\n\t\t\t\t\t<div class=\"e-con-inner\">\n\t\t\t\t<div class=\"elementor-element elementor-element-0b3810f elementor-widget elementor-widget-heading\" data-id=\"0b3810f\" data-element_type=\"widget\" data-e-type=\"widget\" data-widget_type=\"heading.default\">\n\t\t\t\t\t<h3 class=\"elementor-heading-title elementor-size-default\"><a href=\"https:\/\/www.dte-international.com\/en\/urunler\/yuksek-basincli-dokum\/\">High Pressure Die Casting<\/a><\/h3>\t\t\t\t<\/div>\n\t\t\t\t\t<\/div>\n\t\t\t\t<\/div>\n\t\t<div class=\"elementor-element elementor-element-a0d2a51 e-flex e-con-boxed wpr-particle-no wpr-jarallax-no wpr-parallax-no wpr-sticky-section-no wpr-equal-height-no e-con e-parent\" data-id=\"a0d2a51\" data-element_type=\"container\" data-e-type=\"container\" data-settings=\"{&quot;_ha_eqh_enable&quot;:false}\">\n\t\t\t\t\t<div class=\"e-con-inner\">\n\t\t\t\t<div class=\"elementor-element elementor-element-c8126bf elementor-widget elementor-widget-text-editor\" data-id=\"c8126bf\" data-element_type=\"widget\" data-e-type=\"widget\" data-widget_type=\"text-editor.default\">\n\t\t\t\t\t\t\t\t\t<p data-start=\"133\" data-end=\"383\" class=\"translation-block\">High Pressure Die Casting (HPDC) is a casting process in which molten metal\u2014primarily aluminum, magnesium, or zinc\u2014is injected into a steel mold at very high pressure and speed.<\/p>\n<p data-start=\"385\" data-end=\"405\">Through this process;<\/p>\n<ul data-start=\"406\" data-end=\"562\">\n<li data-start=\"406\" data-end=\"442\">\n<p data-start=\"408\" data-end=\"442\"><strong data-start=\"408\" data-end=\"439\">Having complex geometries<\/strong>,<\/p>\n<\/li>\n<li data-start=\"443\" data-end=\"464\">\n<p data-start=\"445\" data-end=\"464\"><strong data-start=\"445\" data-end=\"461\">Thin-walled<\/strong>,<\/p>\n<\/li>\n<li data-start=\"465\" data-end=\"562\">\n<p data-start=\"467\" data-end=\"562\" class=\"translation-block\">Parts requiring high dimensional accuracy can be produced in series and repeatably.<\/p>\n<\/li>\n<\/ul>\n<p data-start=\"564\" data-end=\"876\" class=\"translation-block\">In high pressure die casting, the metal is transferred into the mold with the help of a shot sleeve and piston (plunger). The high pressure applied ensures that the metal completely fills the mold cavity, resulting in a smooth surface finish. For this reason, HPDC is widely used in the automotive, home appliance, electronics, and defense industries.<\/p>\n<p data-start=\"878\" data-end=\"893\"><strong data-start=\"878\" data-end=\"893\">Advantages<\/strong><\/p>\n<ul data-start=\"894\" data-end=\"1041\">\n<li data-start=\"894\" data-end=\"914\">\n<p data-start=\"896\" data-end=\"914\">High production speed<\/p>\n<\/li>\n<li data-start=\"915\" data-end=\"940\">\n<p data-start=\"917\" data-end=\"940\">Excellent surface quality<\/p>\n<\/li>\n<li data-start=\"941\" data-end=\"983\">\n<p data-start=\"943\" data-end=\"983\">Tight tolerances and high dimensional accuracy.<\/p>\n<\/li>\n<li data-start=\"984\" data-end=\"1017\">\n<p data-start=\"986\" data-end=\"1017\">Minimum machining requirement<\/p>\n<\/li>\n<li data-start=\"1018\" data-end=\"1041\">\n<p data-start=\"1020\" data-end=\"1041\">Suitable for mass production<\/p>\n<\/li>\n<\/ul>\t\t\t\t\t\t\t\t<\/div>\n\t\t\t\t\t<\/div>\n\t\t\t\t<\/div>\n\t\t\t\t<\/div>","protected":false},"excerpt":{"rendered":"<p>Y\u00fcksek Bas\u0131n\u00e7l\u0131 D\u00f6k\u00fcm Y\u00fcksek bas\u0131n\u00e7l\u0131 d\u00f6k\u00fcm (High Pressure Die Casting \u2013 HPDC), erimi\u015f [&hellip;]<\/p>\n","protected":false},"author":1,"featured_media":0,"parent":244,"menu_order":0,"comment_status":"closed","ping_status":"closed","template":"","meta":{"_acf_changed":false,"_eb_attr":"","om_disable_all_campaigns":false,"_monsterinsights_skip_tracking":false,"_monsterinsights_sitenote_active":false,"_monsterinsights_sitenote_note":"","_monsterinsights_sitenote_category":0,"footnotes":""},"class_list":["post-387","page","type-page","status-publish","hentry"],"acf":[],"aioseo_notices":[],"_links":{"self":[{"href":"https:\/\/www.dte-international.com\/en\/wp-json\/wp\/v2\/pages\/387","targetHints":{"allow":["GET"]}}],"collection":[{"href":"https:\/\/www.dte-international.com\/en\/wp-json\/wp\/v2\/pages"}],"about":[{"href":"https:\/\/www.dte-international.com\/en\/wp-json\/wp\/v2\/types\/page"}],"author":[{"embeddable":true,"href":"https:\/\/www.dte-international.com\/en\/wp-json\/wp\/v2\/users\/1"}],"replies":[{"embeddable":true,"href":"https:\/\/www.dte-international.com\/en\/wp-json\/wp\/v2\/comments?post=387"}],"version-history":[{"count":17,"href":"https:\/\/www.dte-international.com\/en\/wp-json\/wp\/v2\/pages\/387\/revisions"}],"predecessor-version":[{"id":1103,"href":"https:\/\/www.dte-international.com\/en\/wp-json\/wp\/v2\/pages\/387\/revisions\/1103"}],"up":[{"embeddable":true,"href":"https:\/\/www.dte-international.com\/en\/wp-json\/wp\/v2\/pages\/244"}],"wp:attachment":[{"href":"https:\/\/www.dte-international.com\/en\/wp-json\/wp\/v2\/media?parent=387"}],"curies":[{"name":"wp","href":"https:\/\/api.w.org\/{rel}","templated":true}]}}