{"id":28,"date":"2025-12-25T16:38:20","date_gmt":"2025-12-25T16:38:20","guid":{"rendered":"https:\/\/www.dte-international.com\/?page_id=28"},"modified":"2026-01-02T14:42:59","modified_gmt":"2026-01-02T14:42:59","slug":"home","status":"publish","type":"page","link":"https:\/\/www.dte-international.com\/en\/home\/","title":{"rendered":"Company"},"content":{"rendered":"<div data-elementor-type=\"wp-page\" data-elementor-id=\"28\" class=\"elementor elementor-28\" data-elementor-settings=\"{&quot;ha_cmc_init_switcher&quot;:&quot;no&quot;}\">\n\t\t\t\t<div class=\"elementor-element elementor-element-de7553f e-flex e-con-boxed wpr-particle-no wpr-jarallax-no wpr-parallax-no wpr-sticky-section-no wpr-equal-height-no e-con e-parent\" data-id=\"de7553f\" data-element_type=\"container\" data-e-type=\"container\" data-settings=\"{&quot;_ha_eqh_enable&quot;:false}\">\n\t\t\t\t\t<div class=\"e-con-inner\">\n\t\t<div class=\"elementor-element elementor-element-8d689dc e-con-full e-flex wpr-particle-no wpr-jarallax-no wpr-parallax-no wpr-sticky-section-no wpr-equal-height-no e-con e-child\" data-id=\"8d689dc\" data-element_type=\"container\" data-e-type=\"container\" data-settings=\"{&quot;_ha_eqh_enable&quot;:false}\">\n\t\t\t\t<div class=\"elementor-element elementor-element-b99a8ce elementor-position-top elementor-widget elementor-widget-image-box\" data-id=\"b99a8ce\" data-element_type=\"widget\" data-e-type=\"widget\" data-widget_type=\"image-box.default\">\n\t\t\t\t\t<div class=\"elementor-image-box-wrapper\"><figure class=\"elementor-image-box-img\"><img fetchpriority=\"high\" decoding=\"async\" width=\"768\" height=\"768\" src=\"https:\/\/www.dte-international.com\/wp-content\/uploads\/2025\/12\/Coskun-Duzenlendi.webp\" class=\"attachment-full size-full wp-image-491\" alt=\"\" srcset=\"https:\/\/www.dte-international.com\/wp-content\/uploads\/2025\/12\/Coskun-Duzenlendi.webp 768w, https:\/\/www.dte-international.com\/wp-content\/uploads\/2025\/12\/Coskun-Duzenlendi-300x300.webp 300w, https:\/\/www.dte-international.com\/wp-content\/uploads\/2025\/12\/Coskun-Duzenlendi-150x150.webp 150w, https:\/\/www.dte-international.com\/wp-content\/uploads\/2025\/12\/Coskun-Duzenlendi-12x12.webp 12w\" sizes=\"(max-width: 768px) 100vw, 768px\" \/><\/figure><div class=\"elementor-image-box-content\"><h4 class=\"elementor-image-box-title\">Co\u015fkun Kele\u015f<\/h4><p class=\"elementor-image-box-description\">General Manager<\/p><\/div><\/div>\t\t\t\t<\/div>\n\t\t\t\t<\/div>\n\t\t<div class=\"elementor-element elementor-element-41a0c62 e-con-full e-flex wpr-particle-no wpr-jarallax-no wpr-parallax-no wpr-sticky-section-no wpr-equal-height-no e-con e-child\" data-id=\"41a0c62\" data-element_type=\"container\" data-e-type=\"container\" data-settings=\"{&quot;_ha_eqh_enable&quot;:false}\">\n\t\t\t\t<div class=\"elementor-element elementor-element-63cb1b4 elementor-position-top elementor-widget elementor-widget-image-box\" data-id=\"63cb1b4\" data-element_type=\"widget\" data-e-type=\"widget\" data-widget_type=\"image-box.default\">\n\t\t\t\t\t<div class=\"elementor-image-box-wrapper\"><figure class=\"elementor-image-box-img\"><img decoding=\"async\" width=\"1536\" height=\"1536\" data-src=\"https:\/\/www.dte-international.com\/wp-content\/uploads\/2025\/12\/Kutan-duzenlendi.webp\" class=\"attachment-full size-full wp-image-499 lazyload\" alt=\"\" data-srcset=\"https:\/\/www.dte-international.com\/wp-content\/uploads\/2025\/12\/Kutan-duzenlendi.webp 1536w, https:\/\/www.dte-international.com\/wp-content\/uploads\/2025\/12\/Kutan-duzenlendi-300x300.webp 300w, https:\/\/www.dte-international.com\/wp-content\/uploads\/2025\/12\/Kutan-duzenlendi-1024x1024.webp 1024w, https:\/\/www.dte-international.com\/wp-content\/uploads\/2025\/12\/Kutan-duzenlendi-150x150.webp 150w, https:\/\/www.dte-international.com\/wp-content\/uploads\/2025\/12\/Kutan-duzenlendi-768x768.webp 768w, https:\/\/www.dte-international.com\/wp-content\/uploads\/2025\/12\/Kutan-duzenlendi-12x12.webp 12w\" data-sizes=\"(max-width: 1536px) 100vw, 1536px\" src=\"data:image\/svg+xml;base64,PHN2ZyB3aWR0aD0iMSIgaGVpZ2h0PSIxIiB4bWxucz0iaHR0cDovL3d3dy53My5vcmcvMjAwMC9zdmciPjwvc3ZnPg==\" style=\"--smush-placeholder-width: 1536px; --smush-placeholder-aspect-ratio: 1536\/1536;\" \/><\/figure><div class=\"elementor-image-box-content\"><h4 class=\"elementor-image-box-title\">Kutan Kele\u015f<\/h4><p class=\"elementor-image-box-description\">Sales Director<\/p><\/div><\/div>\t\t\t\t<\/div>\n\t\t\t\t<\/div>\n\t\t\t\t\t<\/div>\n\t\t\t\t<\/div>\n\t\t<div class=\"elementor-element elementor-element-50c854f e-flex e-con-boxed wpr-particle-no wpr-jarallax-no wpr-parallax-no wpr-sticky-section-no wpr-equal-height-no e-con e-parent\" data-id=\"50c854f\" data-element_type=\"container\" data-e-type=\"container\" data-settings=\"{&quot;_ha_eqh_enable&quot;:false}\">\n\t\t\t\t\t<div class=\"e-con-inner\">\n\t\t\t\t\t<\/div>\n\t\t\t\t<\/div>\n\t\t<div class=\"elementor-element elementor-element-4e94dca e-flex e-con-boxed wpr-particle-no wpr-jarallax-no wpr-parallax-no wpr-sticky-section-no wpr-equal-height-no e-con e-parent\" data-id=\"4e94dca\" data-element_type=\"container\" data-e-type=\"container\" data-settings=\"{&quot;_ha_eqh_enable&quot;:false}\">\n\t\t\t\t\t<div class=\"e-con-inner\">\n\t\t\t\t<div class=\"elementor-element elementor-element-2118d9e elementor-widget elementor-widget-heading\" data-id=\"2118d9e\" data-element_type=\"widget\" data-e-type=\"widget\" data-widget_type=\"heading.default\">\n\t\t\t\t\t<h2 class=\"elementor-heading-title elementor-size-default\"><a href=\"https:\/\/www.dte-international.com\/en\/home\/\">About Us<\/a><\/h2>\t\t\t\t<\/div>\n\t\t\t\t\t<\/div>\n\t\t\t\t<\/div>\n\t\t<div class=\"elementor-element elementor-element-f17781d e-flex e-con-boxed wpr-particle-no wpr-jarallax-no wpr-parallax-no wpr-sticky-section-no wpr-equal-height-no e-con e-parent\" data-id=\"f17781d\" data-element_type=\"container\" data-e-type=\"container\" data-settings=\"{&quot;_ha_eqh_enable&quot;:false}\">\n\t\t\t\t\t<div class=\"e-con-inner\">\n\t\t\t\t<div class=\"elementor-element elementor-element-109a18e elementor-position-top elementor-widget elementor-widget-image-box\" data-id=\"109a18e\" data-element_type=\"widget\" data-e-type=\"widget\" data-widget_type=\"image-box.default\">\n\t\t\t\t\t<div class=\"elementor-image-box-wrapper\"><figure class=\"elementor-image-box-img\"><img decoding=\"async\" width=\"1140\" height=\"497\" data-src=\"https:\/\/www.dte-international.com\/wp-content\/uploads\/2025\/12\/236122_tuzla-ticaret-merkezi_1.webp\" class=\"attachment-full size-full wp-image-504 lazyload\" alt=\"\" data-srcset=\"https:\/\/www.dte-international.com\/wp-content\/uploads\/2025\/12\/236122_tuzla-ticaret-merkezi_1.webp 1140w, https:\/\/www.dte-international.com\/wp-content\/uploads\/2025\/12\/236122_tuzla-ticaret-merkezi_1-300x131.webp 300w, https:\/\/www.dte-international.com\/wp-content\/uploads\/2025\/12\/236122_tuzla-ticaret-merkezi_1-1024x446.webp 1024w, https:\/\/www.dte-international.com\/wp-content\/uploads\/2025\/12\/236122_tuzla-ticaret-merkezi_1-768x335.webp 768w, https:\/\/www.dte-international.com\/wp-content\/uploads\/2025\/12\/236122_tuzla-ticaret-merkezi_1-18x8.webp 18w\" data-sizes=\"(max-width: 1140px) 100vw, 1140px\" src=\"data:image\/svg+xml;base64,PHN2ZyB3aWR0aD0iMSIgaGVpZ2h0PSIxIiB4bWxucz0iaHR0cDovL3d3dy53My5vcmcvMjAwMC9zdmciPjwvc3ZnPg==\" style=\"--smush-placeholder-width: 1140px; --smush-placeholder-aspect-ratio: 1140\/497;\" \/><\/figure><div class=\"elementor-image-box-content\"><h5 class=\"elementor-image-box-title\">DTE INTERNATIONAL<\/h5><\/div><\/div>\t\t\t\t<\/div>\n\t\t\t\t\t<\/div>\n\t\t\t\t<\/div>\n\t\t<div class=\"elementor-element elementor-element-faf1b3d e-flex e-con-boxed wpr-particle-no wpr-jarallax-no wpr-parallax-no wpr-sticky-section-no wpr-equal-height-no e-con e-parent\" data-id=\"faf1b3d\" data-element_type=\"container\" data-e-type=\"container\" data-settings=\"{&quot;_ha_eqh_enable&quot;:false}\">\n\t\t\t\t\t<div class=\"e-con-inner\">\n\t\t\t\t<div class=\"elementor-element elementor-element-8810834 elementor-widget elementor-widget-text-editor\" data-id=\"8810834\" data-element_type=\"widget\" data-e-type=\"widget\" data-widget_type=\"text-editor.default\">\n\t\t\t\t\t\t\t\t\t<p data-start=\"115\" data-end=\"445\" class=\"translation-block\">Founded in Istanbul in 2019, DTE International has established a strong position in the aluminum casting industry through its continuously growing and evolving structure. With a team that brings over 20 years of industry experience and a dynamic organizational approach, the company has quickly become a trusted solution partner in aluminum casting technologies.<\/p><p data-start=\"447\" data-end=\"771\" class=\"translation-block\">Through collaborations with many of Europe\u2019s leading companies, DTE International supplies high-quality products to aluminum casting manufacturers. In addition, the company successfully designs and manufactures high-technology machines and systems specifically developed for foundries.<\/p><p data-start=\"773\" data-end=\"1170\" class=\"translation-block\">DTE International\u2019s product portfolio includes a wide range of innovative machines and projects such as vacuum density testing equipment, degassing and dross removal systems, flux feeders, jet cooling systems, and many other advanced solutions. By delivering tailor-made solutions based on customer needs, the company provides not only casting consumables but also intelligent engineering solutions that enhance efficiency, improve processes, and create added value.<\/p><p>\n\n\n<\/p><p data-start=\"1172\" data-end=\"1344\" class=\"translation-block\">With a strong focus on innovation, quality, and sustainable development, DTE International strives to be a leading global player in aluminum casting technologies.<\/p>\t\t\t\t\t\t\t\t<\/div>\n\t\t\t\t\t<\/div>\n\t\t\t\t<\/div>\n\t\t\t\t<\/div>","protected":false},"excerpt":{"rendered":"<p>Hakk\u0131m\u0131zda 2019 y\u0131l\u0131nda \u0130stanbul&#8217;da kurulan ve kuruldu\u011fu g\u00fcnden itibaren s\u00fcrekli b\u00fcy\u00fcmeye ve geli\u015fmeye [&hellip;]<\/p>\n","protected":false},"author":1,"featured_media":0,"parent":0,"menu_order":0,"comment_status":"closed","ping_status":"closed","template":"page-templates\/full-width-page.php","meta":{"_acf_changed":false,"_eb_attr":"","om_disable_all_campaigns":false,"_monsterinsights_skip_tracking":false,"_monsterinsights_sitenote_active":false,"_monsterinsights_sitenote_note":"","_monsterinsights_sitenote_category":0,"footnotes":""},"class_list":["post-28","page","type-page","status-publish","hentry"],"acf":[],"aioseo_notices":[],"_links":{"self":[{"href":"https:\/\/www.dte-international.com\/en\/wp-json\/wp\/v2\/pages\/28","targetHints":{"allow":["GET"]}}],"collection":[{"href":"https:\/\/www.dte-international.com\/en\/wp-json\/wp\/v2\/pages"}],"about":[{"href":"https:\/\/www.dte-international.com\/en\/wp-json\/wp\/v2\/types\/page"}],"author":[{"embeddable":true,"href":"https:\/\/www.dte-international.com\/en\/wp-json\/wp\/v2\/users\/1"}],"replies":[{"embeddable":true,"href":"https:\/\/www.dte-international.com\/en\/wp-json\/wp\/v2\/comments?post=28"}],"version-history":[{"count":20,"href":"https:\/\/www.dte-international.com\/en\/wp-json\/wp\/v2\/pages\/28\/revisions"}],"predecessor-version":[{"id":892,"href":"https:\/\/www.dte-international.com\/en\/wp-json\/wp\/v2\/pages\/28\/revisions\/892"}],"wp:attachment":[{"href":"https:\/\/www.dte-international.com\/en\/wp-json\/wp\/v2\/media?parent=28"}],"curies":[{"name":"wp","href":"https:\/\/api.w.org\/{rel}","templated":true}]}}