{"id":1309,"date":"2026-04-08T07:56:30","date_gmt":"2026-04-08T07:56:30","guid":{"rendered":"https:\/\/www.dte-international.com\/?page_id=1309"},"modified":"2026-04-08T13:52:54","modified_gmt":"2026-04-08T13:52:54","slug":"kepce-boyasi-silcadur-htp","status":"publish","type":"page","link":"https:\/\/www.dte-international.com\/en\/kepce-boyasi-silcadur-htp\/","title":{"rendered":"Ladle Coating \u2013 Silcadur HTP"},"content":{"rendered":"<div data-elementor-type=\"wp-page\" data-elementor-id=\"1309\" class=\"elementor elementor-1309\" data-elementor-settings=\"{&quot;ha_cmc_init_switcher&quot;:&quot;no&quot;}\">\n\t\t\t\t<div class=\"elementor-element elementor-element-ff5d838 e-flex e-con-boxed wpr-particle-no wpr-jarallax-no wpr-parallax-no wpr-sticky-section-no wpr-equal-height-no e-con e-parent\" data-id=\"ff5d838\" data-element_type=\"container\" data-e-type=\"container\" data-settings=\"{&quot;_ha_eqh_enable&quot;:false}\">\n\t\t\t\t\t<div class=\"e-con-inner\">\n\t\t\t\t<div class=\"elementor-element elementor-element-30a0751 elementor-widget elementor-widget-heading\" data-id=\"30a0751\" data-element_type=\"widget\" data-e-type=\"widget\" data-widget_type=\"heading.default\">\n\t\t\t\t\t<h2 class=\"elementor-heading-title elementor-size-default\">Ladle Coating - Silcadur HTP<\/h2>\t\t\t\t<\/div>\n\t\t\t\t\t<\/div>\n\t\t\t\t<\/div>\n\t\t<div class=\"elementor-element elementor-element-c95e625 e-flex e-con-boxed wpr-particle-no wpr-jarallax-no wpr-parallax-no wpr-sticky-section-no wpr-equal-height-no e-con e-parent\" data-id=\"c95e625\" data-element_type=\"container\" data-e-type=\"container\" data-settings=\"{&quot;_ha_eqh_enable&quot;:false}\">\n\t\t\t\t\t<div class=\"e-con-inner\">\n\t\t\t\t<div class=\"elementor-element elementor-element-a46a7fe elementor-widget elementor-widget-image\" data-id=\"a46a7fe\" data-element_type=\"widget\" data-e-type=\"widget\" data-widget_type=\"image.default\">\n\t\t\t\t\t\t\t\t\t\t\t\t\t\t\t<img fetchpriority=\"high\" decoding=\"async\" width=\"300\" height=\"300\" src=\"https:\/\/www.dte-international.com\/wp-content\/uploads\/2026\/04\/b62de60a-9068-4cdd-af43-d7e34b592ca1-300x300.png\" class=\"attachment-medium size-medium wp-image-1355\" alt=\"\" srcset=\"https:\/\/www.dte-international.com\/wp-content\/uploads\/2026\/04\/b62de60a-9068-4cdd-af43-d7e34b592ca1-300x300.png 300w, https:\/\/www.dte-international.com\/wp-content\/uploads\/2026\/04\/b62de60a-9068-4cdd-af43-d7e34b592ca1-1024x1024.png 1024w, https:\/\/www.dte-international.com\/wp-content\/uploads\/2026\/04\/b62de60a-9068-4cdd-af43-d7e34b592ca1-150x150.png 150w, https:\/\/www.dte-international.com\/wp-content\/uploads\/2026\/04\/b62de60a-9068-4cdd-af43-d7e34b592ca1-768x768.png 768w, https:\/\/www.dte-international.com\/wp-content\/uploads\/2026\/04\/b62de60a-9068-4cdd-af43-d7e34b592ca1-1536x1536.png 1536w, https:\/\/www.dte-international.com\/wp-content\/uploads\/2026\/04\/b62de60a-9068-4cdd-af43-d7e34b592ca1-12x12.png 12w, https:\/\/www.dte-international.com\/wp-content\/uploads\/2026\/04\/b62de60a-9068-4cdd-af43-d7e34b592ca1.png 2048w\" sizes=\"(max-width: 300px) 100vw, 300px\" \/>\t\t\t\t\t\t\t\t\t\t\t\t\t\t\t<\/div>\n\t\t\t\t\t<\/div>\n\t\t\t\t<\/div>\n\t\t<div class=\"elementor-element elementor-element-c6db853 e-flex e-con-boxed wpr-particle-no wpr-jarallax-no wpr-parallax-no wpr-sticky-section-no wpr-equal-height-no e-con e-parent\" data-id=\"c6db853\" data-element_type=\"container\" data-e-type=\"container\" data-settings=\"{&quot;_ha_eqh_enable&quot;:false}\">\n\t\t\t\t\t<div class=\"e-con-inner\">\n\t\t\t\t<div class=\"elementor-element elementor-element-c778f51 elementor-widget elementor-widget-text-editor\" data-id=\"c778f51\" data-element_type=\"widget\" data-e-type=\"widget\" data-widget_type=\"text-editor.default\">\n\t\t\t\t\t\t\t\t\t<h3 data-section-id=\"17xfzga\" data-start=\"157\" data-end=\"217\"><span role=\"text\"><strong data-start=\"160\" data-end=\"217\">Silcadur HTP \u2013 High Temperature Resistant Ladle Coating<\/strong><\/span><\/h3><p data-start=\"219\" data-end=\"493\" class=\"translation-block\">Silcadur HTP is a high-temperature resistant protective coating paint specifically developed for ladles used in aluminum casting and melting processes. It provides superior adhesion to metal surfaces, extending the service life of the ladles and increasing operational efficiency.<\/p><p data-start=\"495\" data-end=\"777\">Silcadur HTP, resistant to high temperatures, thermal shocks, and mechanical wear, offers reliable performance, especially in melting and transfer ladles. By forming a homogeneous protective layer on the applied surface, it minimizes the adhesion of molten aluminum to the metal in contact with it.<\/p><p><span role=\"text\"><strong data-start=\"783\" data-end=\"807\">Features<\/strong><\/span><\/p><ul data-start=\"808\" data-end=\"1008\"><li data-section-id=\"1sbzpso\" data-start=\"808\" data-end=\"836\">High temperature resistance<\/li><li data-section-id=\"kimfqj\" data-start=\"837\" data-end=\"868\">Resistance to thermal shocks<\/li><li data-section-id=\"e4k5co\" data-start=\"869\" data-end=\"893\">Strong surface adhesion.<\/li><li data-section-id=\"zyxth6\" data-start=\"894\" data-end=\"939\">Reduces metal penetration and adhesion.<\/li><li data-section-id=\"1izhfs5\" data-start=\"940\" data-end=\"963\">Extending the life of the ladle<\/li><li data-section-id=\"108lp3c\" data-start=\"964\" data-end=\"1008\">Savings in labor and maintenance costs<\/li><\/ul><h3 data-section-id=\"7tanp1\" data-start=\"1010\" data-end=\"1035\"><span role=\"text\"><strong data-start=\"1014\" data-end=\"1035\">Application Areas<\/strong><\/span><\/h3><ul data-start=\"1036\" data-end=\"1157\"><li data-section-id=\"clrhbt\" data-start=\"1036\" data-end=\"1067\">Aluminum melting ladles<\/li><li data-section-id=\"1sa7371\" data-start=\"1068\" data-end=\"1090\">Transfer ladles<\/li><li data-section-id=\"1veevnf\" data-start=\"1091\" data-end=\"1112\">Casting equipment<\/li><li data-section-id=\"15ca24x\" data-start=\"1113\" data-end=\"1157\">Metal surfaces that operate at high temperatures.<\/li><\/ul><p data-start=\"1159\" data-end=\"1308\">With regular and correct application, Silcadur HTP optimizes ladle maintenance intervals, contributes to production continuity, and increases process safety.<\/p><p data-start=\"1310\" data-end=\"1389\">For detailed technical information and application support, please contact us.<\/p>\t\t\t\t\t\t\t\t<\/div>\n\t\t\t\t\t<\/div>\n\t\t\t\t<\/div>\n\t\t<div class=\"elementor-element elementor-element-c5d4b2f e-flex e-con-boxed wpr-particle-no wpr-jarallax-no wpr-parallax-no wpr-sticky-section-no wpr-equal-height-no e-con e-parent\" data-id=\"c5d4b2f\" data-element_type=\"container\" data-e-type=\"container\" data-settings=\"{&quot;_ha_eqh_enable&quot;:false}\">\n\t\t\t\t\t<div class=\"e-con-inner\">\n\t\t\t\t<div class=\"elementor-element elementor-element-76fecf8 wpr-button-icon-style-inline wpr-button-icon-position-right elementor-widget elementor-widget-wpr-button\" data-id=\"76fecf8\" data-element_type=\"widget\" data-e-type=\"widget\" data-widget_type=\"wpr-button.default\">\n\t\t\t\t\t\t\n\t\t\t\n\t\t\n\t\t<div class=\"wpr-button-wrap elementor-clearfix\">\n\t\t<a class=\"wpr-button wpr-button-effect wpr-button-none\" data-text=\"\" href=\"https:\/\/www.dte-international.com\/wp-content\/uploads\/2026\/04\/SILCADUR-HTP.pdf\" target=\"_blank\">\n\t\t\t\n\t\t\t<span class=\"wpr-button-content\">\n\t\t\t\t\t\t\t\t\t<span class=\"wpr-button-text\">Teknik D\u00f6k\u00fcman \u0130ndir<\/span>\n\t\t\t\t\t\t\t\t\n\t\t\t\t\t\t\t\t\t<span class=\"wpr-button-icon\"><i class=\"icon icon-download-button\"><\/i><\/span>\n\t\t\t\t\t\t\t<\/span>\n\t\t<\/a>\n\n\t\t\t\t<\/div>\n\t\n\t\n\t\t\t\t\t<\/div>\n\t\t\t\t\t<\/div>\n\t\t\t\t<\/div>\n\t\t\t\t<\/div>","protected":false},"excerpt":{"rendered":"<p>Kep\u00e7e Boyas\u0131 &#8211; Silcadur HTP Silcadur HTP \u2013 Y\u00fcksek S\u0131cakl\u0131k Dayan\u0131ml\u0131 Kep\u00e7e Boyas\u0131 [&hellip;]<\/p>\n","protected":false},"author":1,"featured_media":0,"parent":0,"menu_order":0,"comment_status":"closed","ping_status":"closed","template":"","meta":{"_acf_changed":false,"_eb_attr":"","om_disable_all_campaigns":false,"_monsterinsights_skip_tracking":false,"_monsterinsights_sitenote_active":false,"_monsterinsights_sitenote_note":"","_monsterinsights_sitenote_category":0,"footnotes":""},"class_list":["post-1309","page","type-page","status-publish","hentry"],"acf":[],"aioseo_notices":[],"_links":{"self":[{"href":"https:\/\/www.dte-international.com\/en\/wp-json\/wp\/v2\/pages\/1309","targetHints":{"allow":["GET"]}}],"collection":[{"href":"https:\/\/www.dte-international.com\/en\/wp-json\/wp\/v2\/pages"}],"about":[{"href":"https:\/\/www.dte-international.com\/en\/wp-json\/wp\/v2\/types\/page"}],"author":[{"embeddable":true,"href":"https:\/\/www.dte-international.com\/en\/wp-json\/wp\/v2\/users\/1"}],"replies":[{"embeddable":true,"href":"https:\/\/www.dte-international.com\/en\/wp-json\/wp\/v2\/comments?post=1309"}],"version-history":[{"count":8,"href":"https:\/\/www.dte-international.com\/en\/wp-json\/wp\/v2\/pages\/1309\/revisions"}],"predecessor-version":[{"id":1415,"href":"https:\/\/www.dte-international.com\/en\/wp-json\/wp\/v2\/pages\/1309\/revisions\/1415"}],"wp:attachment":[{"href":"https:\/\/www.dte-international.com\/en\/wp-json\/wp\/v2\/media?parent=1309"}],"curies":[{"name":"wp","href":"https:\/\/api.w.org\/{rel}","templated":true}]}}