{"id":1041,"date":"2026-02-20T14:17:10","date_gmt":"2026-02-20T14:17:10","guid":{"rendered":"https:\/\/www.dte-international.com\/?page_id=1041"},"modified":"2026-04-08T13:42:53","modified_gmt":"2026-04-08T13:42:53","slug":"alti-stopper-nozzle","status":"publish","type":"page","link":"https:\/\/www.dte-international.com\/en\/alti-stopper-nozzle\/","title":{"rendered":"AlTi Stopper &#8211; Nozzle"},"content":{"rendered":"<div data-elementor-type=\"wp-page\" data-elementor-id=\"1041\" class=\"elementor elementor-1041\" data-elementor-settings=\"{&quot;ha_cmc_init_switcher&quot;:&quot;no&quot;}\">\n\t\t\t\t<div class=\"elementor-element elementor-element-5255368 e-flex e-con-boxed wpr-particle-no wpr-jarallax-no wpr-parallax-no wpr-sticky-section-no wpr-equal-height-no e-con e-parent\" data-id=\"5255368\" data-element_type=\"container\" data-e-type=\"container\" data-settings=\"{&quot;_ha_eqh_enable&quot;:false}\">\n\t\t\t\t\t<div class=\"e-con-inner\">\n\t\t\t\t<div class=\"elementor-element elementor-element-c888aa2 elementor-widget elementor-widget-heading\" data-id=\"c888aa2\" data-element_type=\"widget\" data-e-type=\"widget\" data-widget_type=\"heading.default\">\n\t\t\t\t\t<h2 class=\"elementor-heading-title elementor-size-default\">AlTi Stopper - Nozzle <\/h2>\t\t\t\t<\/div>\n\t\t\t\t\t<\/div>\n\t\t\t\t<\/div>\n\t\t<div class=\"elementor-element elementor-element-beb63d4 e-flex e-con-boxed wpr-particle-no wpr-jarallax-no wpr-parallax-no wpr-sticky-section-no wpr-equal-height-no e-con e-parent\" data-id=\"beb63d4\" data-element_type=\"container\" data-e-type=\"container\" data-settings=\"{&quot;_ha_eqh_enable&quot;:false}\">\n\t\t\t\t\t<div class=\"e-con-inner\">\n\t\t\t\t<div class=\"elementor-element elementor-element-1ecdcfd elementor-widget elementor-widget-image\" data-id=\"1ecdcfd\" data-element_type=\"widget\" data-e-type=\"widget\" data-widget_type=\"image.default\">\n\t\t\t\t\t\t\t\t\t\t\t\t\t\t\t<img fetchpriority=\"high\" decoding=\"async\" width=\"804\" height=\"675\" src=\"https:\/\/www.dte-international.com\/wp-content\/uploads\/2026\/02\/613d21cc-c44d-44bc-bf71-57dcbe7be392.png\" class=\"attachment-large size-large wp-image-1043\" alt=\"\" srcset=\"https:\/\/www.dte-international.com\/wp-content\/uploads\/2026\/02\/613d21cc-c44d-44bc-bf71-57dcbe7be392.png 804w, https:\/\/www.dte-international.com\/wp-content\/uploads\/2026\/02\/613d21cc-c44d-44bc-bf71-57dcbe7be392-300x252.png 300w, https:\/\/www.dte-international.com\/wp-content\/uploads\/2026\/02\/613d21cc-c44d-44bc-bf71-57dcbe7be392-768x645.png 768w, https:\/\/www.dte-international.com\/wp-content\/uploads\/2026\/02\/613d21cc-c44d-44bc-bf71-57dcbe7be392-14x12.png 14w\" sizes=\"(max-width: 804px) 100vw, 804px\" \/>\t\t\t\t\t\t\t\t\t\t\t\t\t\t\t<\/div>\n\t\t\t\t\t<\/div>\n\t\t\t\t<\/div>\n\t\t<div class=\"elementor-element elementor-element-ddfc764 e-flex e-con-boxed wpr-particle-no wpr-jarallax-no wpr-parallax-no wpr-sticky-section-no wpr-equal-height-no e-con e-parent\" data-id=\"ddfc764\" data-element_type=\"container\" data-e-type=\"container\" data-settings=\"{&quot;_ha_eqh_enable&quot;:false}\">\n\t\t\t\t\t<div class=\"e-con-inner\">\n\t\t\t\t<div class=\"elementor-element elementor-element-7145d72 elementor-widget elementor-widget-text-editor\" data-id=\"7145d72\" data-element_type=\"widget\" data-e-type=\"widget\" data-widget_type=\"text-editor.default\">\n\t\t\t\t\t\t\t\t\t<p data-start=\"409\" data-end=\"606\">The AlTi Stopper\u2013Nozzle system is a high-performance flow control component that enables precise and controlled management of liquid metal flow in low-pressure aluminum casting (LPDC) processes.<\/p><p data-start=\"608\" data-end=\"765\">It regulates the safe and stable transfer of liquid metal from the crucible to the mold, ensuring leak-proofness and process reliability during flow interruption and start-up operations.<\/p><hr data-start=\"767\" data-end=\"770\" \/><h3 data-start=\"772\" data-end=\"792\">Process Function<\/h3><p data-start=\"794\" data-end=\"881\">In LPDC systems, metal flow is controlled by pressure. Stopper-nozzle system:<\/p><ul data-start=\"883\" data-end=\"1085\"><li data-start=\"883\" data-end=\"918\"><p data-start=\"885\" data-end=\"918\">It starts and stops the flow of metal.<\/p><\/li><li data-start=\"919\" data-end=\"971\"><p data-start=\"921\" data-end=\"971\">It contributes to the controlled progression of the flow rate.<\/p><\/li><li data-start=\"972\" data-end=\"1000\"><p data-start=\"974\" data-end=\"1000\">Minimizes turbulence.<\/p><\/li><li data-start=\"1001\" data-end=\"1047\"><p data-start=\"1003\" data-end=\"1047\">Reduces the risk of oxidation and air mixing.<\/p><\/li><li data-start=\"1048\" data-end=\"1085\"><p data-start=\"1050\" data-end=\"1085\">It directly affects casting quality.<\/p><\/li><\/ul><hr data-start=\"1087\" data-end=\"1090\" \/><h3 data-start=\"1092\" data-end=\"1112\">Technical Advantages<\/h3><ul data-start=\"1114\" data-end=\"1268\"><li data-start=\"1114\" data-end=\"1142\"><p data-start=\"1116\" data-end=\"1142\">High temperature resistance<\/p><\/li><li data-start=\"1143\" data-end=\"1165\"><p data-start=\"1145\" data-end=\"1165\">Thermal shock resistance<\/p><\/li><li data-start=\"1166\" data-end=\"1204\"><p data-start=\"1168\" data-end=\"1204\">Abrasion-resistant reinforced structure.<\/p><\/li><li data-start=\"1205\" data-end=\"1247\"><p data-start=\"1207\" data-end=\"1247\">Leakproof and precision tolerance design.<\/p><\/li><li data-start=\"1248\" data-end=\"1268\"><p data-start=\"1250\" data-end=\"1268\">Long service life<\/p><\/li><\/ul><hr data-start=\"1270\" data-end=\"1273\" \/><h3 data-start=\"1275\" data-end=\"1294\">Process Additives<\/h3><ul data-start=\"1296\" data-end=\"1447\"><li data-start=\"1296\" data-end=\"1325\"><p data-start=\"1298\" data-end=\"1325\">Stable and controlled filling.<\/p><\/li><li data-start=\"1326\" data-end=\"1350\"><p data-start=\"1328\" data-end=\"1350\">Low porosity risk<\/p><\/li><li data-start=\"1351\" data-end=\"1379\"><p data-start=\"1353\" data-end=\"1379\">More homogeneous metal flow.<\/p><\/li><li data-start=\"1380\" data-end=\"1416\"><p data-start=\"1382\" data-end=\"1416\">Reduced maintenance and downtime.<\/p><\/li><li data-start=\"1417\" data-end=\"1447\"><p data-start=\"1419\" data-end=\"1447\">Increased system reliability<\/p><\/li><\/ul>\t\t\t\t\t\t\t\t<\/div>\n\t\t\t\t\t<\/div>\n\t\t\t\t<\/div>\n\t\t\t\t<\/div>","protected":false},"excerpt":{"rendered":"<p>AlTi Stopper &#8211; Nozzle AlTi Stopper\u2013Nozzle sistemi, al\u00e7ak bas\u0131n\u00e7l\u0131 al\u00fcminyum d\u00f6k\u00fcm (LPDC) proseslerinde [&hellip;]<\/p>\n","protected":false},"author":1,"featured_media":0,"parent":0,"menu_order":0,"comment_status":"closed","ping_status":"closed","template":"","meta":{"_acf_changed":false,"_eb_attr":"","om_disable_all_campaigns":false,"_monsterinsights_skip_tracking":false,"_monsterinsights_sitenote_active":false,"_monsterinsights_sitenote_note":"","_monsterinsights_sitenote_category":0,"footnotes":""},"class_list":["post-1041","page","type-page","status-publish","hentry"],"acf":[],"aioseo_notices":[],"_links":{"self":[{"href":"https:\/\/www.dte-international.com\/en\/wp-json\/wp\/v2\/pages\/1041","targetHints":{"allow":["GET"]}}],"collection":[{"href":"https:\/\/www.dte-international.com\/en\/wp-json\/wp\/v2\/pages"}],"about":[{"href":"https:\/\/www.dte-international.com\/en\/wp-json\/wp\/v2\/types\/page"}],"author":[{"embeddable":true,"href":"https:\/\/www.dte-international.com\/en\/wp-json\/wp\/v2\/users\/1"}],"replies":[{"embeddable":true,"href":"https:\/\/www.dte-international.com\/en\/wp-json\/wp\/v2\/comments?post=1041"}],"version-history":[{"count":8,"href":"https:\/\/www.dte-international.com\/en\/wp-json\/wp\/v2\/pages\/1041\/revisions"}],"predecessor-version":[{"id":1388,"href":"https:\/\/www.dte-international.com\/en\/wp-json\/wp\/v2\/pages\/1041\/revisions\/1388"}],"wp:attachment":[{"href":"https:\/\/www.dte-international.com\/en\/wp-json\/wp\/v2\/media?parent=1041"}],"curies":[{"name":"wp","href":"https:\/\/api.w.org\/{rel}","templated":true}]}}