{"id":1035,"date":"2026-02-20T14:11:33","date_gmt":"2026-02-20T14:11:33","guid":{"rendered":"https:\/\/www.dte-international.com\/?page_id=1035"},"modified":"2026-04-08T13:45:44","modified_gmt":"2026-04-08T13:45:44","slug":"bushing-tubes","status":"publish","type":"page","link":"https:\/\/www.dte-international.com\/en\/bushing-tubes\/","title":{"rendered":"Bushing Tubes"},"content":{"rendered":"<div data-elementor-type=\"wp-page\" data-elementor-id=\"1035\" class=\"elementor elementor-1035\" data-elementor-settings=\"{&quot;ha_cmc_init_switcher&quot;:&quot;no&quot;}\">\n\t\t\t\t<div class=\"elementor-element elementor-element-fa1950d e-flex e-con-boxed wpr-particle-no wpr-jarallax-no wpr-parallax-no wpr-sticky-section-no wpr-equal-height-no e-con e-parent\" data-id=\"fa1950d\" data-element_type=\"container\" data-e-type=\"container\" data-settings=\"{&quot;_ha_eqh_enable&quot;:false}\">\n\t\t\t\t\t<div class=\"e-con-inner\">\n\t\t\t\t<div class=\"elementor-element elementor-element-1913813 elementor-widget elementor-widget-heading\" data-id=\"1913813\" data-element_type=\"widget\" data-e-type=\"widget\" data-widget_type=\"heading.default\">\n\t\t\t\t\t<h2 class=\"elementor-heading-title elementor-size-default\">Bushing Tubes <\/h2>\t\t\t\t<\/div>\n\t\t\t\t\t<\/div>\n\t\t\t\t<\/div>\n\t\t<div class=\"elementor-element elementor-element-4e2336b e-flex e-con-boxed wpr-particle-no wpr-jarallax-no wpr-parallax-no wpr-sticky-section-no wpr-equal-height-no e-con e-parent\" data-id=\"4e2336b\" data-element_type=\"container\" data-e-type=\"container\" data-settings=\"{&quot;_ha_eqh_enable&quot;:false}\">\n\t\t\t\t\t<div class=\"e-con-inner\">\n\t\t\t\t<div class=\"elementor-element elementor-element-66f420c elementor-widget elementor-widget-image\" data-id=\"66f420c\" data-element_type=\"widget\" data-e-type=\"widget\" data-widget_type=\"image.default\">\n\t\t\t\t\t\t\t\t\t\t\t\t\t\t\t<img fetchpriority=\"high\" decoding=\"async\" width=\"610\" height=\"495\" src=\"https:\/\/www.dte-international.com\/wp-content\/uploads\/2026\/02\/92d36be7-7403-45e4-980b-306624b9e7a6.png\" class=\"attachment-large size-large wp-image-1037\" alt=\"\" srcset=\"https:\/\/www.dte-international.com\/wp-content\/uploads\/2026\/02\/92d36be7-7403-45e4-980b-306624b9e7a6.png 610w, https:\/\/www.dte-international.com\/wp-content\/uploads\/2026\/02\/92d36be7-7403-45e4-980b-306624b9e7a6-300x243.png 300w, https:\/\/www.dte-international.com\/wp-content\/uploads\/2026\/02\/92d36be7-7403-45e4-980b-306624b9e7a6-15x12.png 15w\" sizes=\"(max-width: 610px) 100vw, 610px\" \/>\t\t\t\t\t\t\t\t\t\t\t\t\t\t\t<\/div>\n\t\t\t\t\t<\/div>\n\t\t\t\t<\/div>\n\t\t<div class=\"elementor-element elementor-element-192a82e e-flex e-con-boxed wpr-particle-no wpr-jarallax-no wpr-parallax-no wpr-sticky-section-no wpr-equal-height-no e-con e-parent\" data-id=\"192a82e\" data-element_type=\"container\" data-e-type=\"container\" data-settings=\"{&quot;_ha_eqh_enable&quot;:false}\">\n\t\t\t\t\t<div class=\"e-con-inner\">\n\t\t\t\t<div class=\"elementor-element elementor-element-35122be elementor-widget elementor-widget-text-editor\" data-id=\"35122be\" data-element_type=\"widget\" data-e-type=\"widget\" data-widget_type=\"text-editor.default\">\n\t\t\t\t\t\t\t\t\t<p data-start=\"462\" data-end=\"666\">Bushing tubes are critical support components of the riser tube system in low-pressure aluminum casting (LPDC) systems, enabling the controlled transfer of molten metal from the ladle to the mold.<\/p>\n<p data-start=\"668\" data-end=\"844\">Designed to operate under high temperatures and continuous metal contact, it maintains system centering, minimizes wear, and supports sealing performance.<\/p>\n<hr data-start=\"846\" data-end=\"849\">\n<h3 data-start=\"851\" data-end=\"871\">Process Function<\/h3>\n<p data-start=\"873\" data-end=\"989\" class=\"translation-block\">In the LPDC process, liquid metal is conveyed to the mold via a bushing tube using controlled air pressure.<\/p>\n<ul data-start=\"991\" data-end=\"1171\">\n<li data-start=\"991\" data-end=\"1042\">\n<p data-start=\"993\" data-end=\"1042\">Ensures stable operation of the riser tube system.<\/p>\n<\/li>\n<li data-start=\"1043\" data-end=\"1104\">\n<p data-start=\"1045\" data-end=\"1104\">It contributes to a centered and controlled flow of metal.<\/p>\n<\/li>\n<li data-start=\"1105\" data-end=\"1146\">\n<p data-start=\"1107\" data-end=\"1146\">Reduces the risk of leakage due to wear.<\/p>\n<\/li>\n<li data-start=\"1147\" data-end=\"1171\">\n<p data-start=\"1149\" data-end=\"1171\">It extends the lifespan of the system.<\/p>\n<\/li>\n<\/ul>\n<hr data-start=\"1173\" data-end=\"1176\">\n<h3 data-start=\"1178\" data-end=\"1198\">Technical Advantages<\/h3>\n<ul data-start=\"1200\" data-end=\"1343\">\n<li data-start=\"1200\" data-end=\"1228\">\n<p data-start=\"1202\" data-end=\"1228\">High temperature resistance<\/p>\n<\/li>\n<li data-start=\"1229\" data-end=\"1251\">\n<p data-start=\"1231\" data-end=\"1251\">Thermal shock resistance<\/p>\n<\/li>\n<li data-start=\"1252\" data-end=\"1290\">\n<p data-start=\"1254\" data-end=\"1290\">Abrasion-resistant reinforced structure.<\/p>\n<\/li>\n<li data-start=\"1291\" data-end=\"1311\">\n<p data-start=\"1293\" data-end=\"1311\">Long service life<\/p><\/li>\n<\/ul>\n<hr data-start=\"1345\" data-end=\"1348\">\n<h3 data-start=\"1350\" data-end=\"1369\">Process Additives<\/h3>\n<ul data-start=\"1371\" data-end=\"1505\">\n<li data-start=\"1371\" data-end=\"1393\">\n<p data-start=\"1373\" data-end=\"1393\">Stable metal flow<\/p>\n<\/li>\n<li data-start=\"1394\" data-end=\"1416\">\n<p data-start=\"1396\" data-end=\"1416\">More homogeneous filling<\/p>\n<\/li>\n<li data-start=\"1417\" data-end=\"1448\">\n<p data-start=\"1419\" data-end=\"1448\">Reduced risk of oxidation.<\/p>\n<\/li>\n<li data-start=\"1449\" data-end=\"1473\">\n<p data-start=\"1451\" data-end=\"1473\">Low maintenance requirements<\/p>\n<\/li>\n<li data-start=\"1474\" data-end=\"1505\">\n<p data-start=\"1476\" data-end=\"1505\">Increased equipment reliability<\/p>\n<\/li>\n<\/ul>\t\t\t\t\t\t\t\t<\/div>\n\t\t\t\t\t<\/div>\n\t\t\t\t<\/div>\n\t\t\t\t<\/div>","protected":false},"excerpt":{"rendered":"<p>Bushing Tubes Bushing tube\u2019lar, al\u00e7ak bas\u0131n\u00e7l\u0131 al\u00fcminyum d\u00f6k\u00fcm (LPDC) sistemlerinde s\u0131v\u0131 metalin potadan [&hellip;]<\/p>\n","protected":false},"author":1,"featured_media":0,"parent":0,"menu_order":0,"comment_status":"closed","ping_status":"closed","template":"","meta":{"_acf_changed":false,"_eb_attr":"","om_disable_all_campaigns":false,"_monsterinsights_skip_tracking":false,"_monsterinsights_sitenote_active":false,"_monsterinsights_sitenote_note":"","_monsterinsights_sitenote_category":0,"footnotes":""},"class_list":["post-1035","page","type-page","status-publish","hentry"],"acf":[],"aioseo_notices":[],"_links":{"self":[{"href":"https:\/\/www.dte-international.com\/en\/wp-json\/wp\/v2\/pages\/1035","targetHints":{"allow":["GET"]}}],"collection":[{"href":"https:\/\/www.dte-international.com\/en\/wp-json\/wp\/v2\/pages"}],"about":[{"href":"https:\/\/www.dte-international.com\/en\/wp-json\/wp\/v2\/types\/page"}],"author":[{"embeddable":true,"href":"https:\/\/www.dte-international.com\/en\/wp-json\/wp\/v2\/users\/1"}],"replies":[{"embeddable":true,"href":"https:\/\/www.dte-international.com\/en\/wp-json\/wp\/v2\/comments?post=1035"}],"version-history":[{"count":8,"href":"https:\/\/www.dte-international.com\/en\/wp-json\/wp\/v2\/pages\/1035\/revisions"}],"predecessor-version":[{"id":1394,"href":"https:\/\/www.dte-international.com\/en\/wp-json\/wp\/v2\/pages\/1035\/revisions\/1394"}],"wp:attachment":[{"href":"https:\/\/www.dte-international.com\/en\/wp-json\/wp\/v2\/media?parent=1035"}],"curies":[{"name":"wp","href":"https:\/\/api.w.org\/{rel}","templated":true}]}}