{"id":1029,"date":"2026-02-20T14:05:43","date_gmt":"2026-02-20T14:05:43","guid":{"rendered":"https:\/\/www.dte-international.com\/?page_id=1029"},"modified":"2026-04-08T13:51:42","modified_gmt":"2026-04-08T13:51:42","slug":"kalip-yaglama-tabancalari","status":"publish","type":"page","link":"https:\/\/www.dte-international.com\/en\/kalip-yaglama-tabancalari\/","title":{"rendered":"Mold Lubrication Guns"},"content":{"rendered":"<div data-elementor-type=\"wp-page\" data-elementor-id=\"1029\" class=\"elementor elementor-1029\" data-elementor-settings=\"{&quot;ha_cmc_init_switcher&quot;:&quot;no&quot;}\">\n\t\t\t\t<div class=\"elementor-element elementor-element-e2ed6e5 e-flex e-con-boxed wpr-particle-no wpr-jarallax-no wpr-parallax-no wpr-sticky-section-no wpr-equal-height-no e-con e-parent\" data-id=\"e2ed6e5\" data-element_type=\"container\" data-e-type=\"container\" data-settings=\"{&quot;_ha_eqh_enable&quot;:false}\">\n\t\t\t\t\t<div class=\"e-con-inner\">\n\t\t\t\t<div class=\"elementor-element elementor-element-c4276e6 elementor-widget elementor-widget-heading\" data-id=\"c4276e6\" data-element_type=\"widget\" data-e-type=\"widget\" data-widget_type=\"heading.default\">\n\t\t\t\t\t<h2 class=\"elementor-heading-title elementor-size-default\">Mold Lubrication Guns <\/h2>\t\t\t\t<\/div>\n\t\t\t\t\t<\/div>\n\t\t\t\t<\/div>\n\t\t<div class=\"elementor-element elementor-element-5842829 e-flex e-con-boxed wpr-particle-no wpr-jarallax-no wpr-parallax-no wpr-sticky-section-no wpr-equal-height-no e-con e-parent\" data-id=\"5842829\" data-element_type=\"container\" data-e-type=\"container\" data-settings=\"{&quot;_ha_eqh_enable&quot;:false}\">\n\t\t\t\t\t<div class=\"e-con-inner\">\n\t\t\t\t<div class=\"elementor-element elementor-element-d10be7a elementor-widget elementor-widget-image\" data-id=\"d10be7a\" data-element_type=\"widget\" data-e-type=\"widget\" data-widget_type=\"image.default\">\n\t\t\t\t\t\t\t\t\t\t\t\t\t\t\t<img fetchpriority=\"high\" decoding=\"async\" width=\"219\" height=\"300\" src=\"https:\/\/www.dte-international.com\/wp-content\/uploads\/2026\/02\/5706541f-9a86-4c89-baaf-a7f357476f49-219x300.png\" class=\"attachment-medium size-medium wp-image-1031\" alt=\"\" srcset=\"https:\/\/www.dte-international.com\/wp-content\/uploads\/2026\/02\/5706541f-9a86-4c89-baaf-a7f357476f49-219x300.png 219w, https:\/\/www.dte-international.com\/wp-content\/uploads\/2026\/02\/5706541f-9a86-4c89-baaf-a7f357476f49-9x12.png 9w, https:\/\/www.dte-international.com\/wp-content\/uploads\/2026\/02\/5706541f-9a86-4c89-baaf-a7f357476f49.png 481w\" sizes=\"(max-width: 219px) 100vw, 219px\" \/>\t\t\t\t\t\t\t\t\t\t\t\t\t\t\t<\/div>\n\t\t\t\t\t<\/div>\n\t\t\t\t<\/div>\n\t\t<div class=\"elementor-element elementor-element-b6f75f8 e-flex e-con-boxed wpr-particle-no wpr-jarallax-no wpr-parallax-no wpr-sticky-section-no wpr-equal-height-no e-con e-parent\" data-id=\"b6f75f8\" data-element_type=\"container\" data-e-type=\"container\" data-settings=\"{&quot;_ha_eqh_enable&quot;:false}\">\n\t\t\t\t\t<div class=\"e-con-inner\">\n\t\t\t\t<div class=\"elementor-element elementor-element-ca4fda9 elementor-widget elementor-widget-text-editor\" data-id=\"ca4fda9\" data-element_type=\"widget\" data-e-type=\"widget\" data-widget_type=\"text-editor.default\">\n\t\t\t\t\t\t\t\t\t<p data-start=\"464\" data-end=\"633\">Bas\u0131n\u00e7l\u0131 al\u00fcminyum d\u00f6k\u00fcm proseslerinde kal\u0131p y\u00fczeyinin kontroll\u00fc \u015fekilde ya\u011flanmas\u0131 ve so\u011futulmas\u0131 amac\u0131yla tasarlanm\u0131\u015f y\u00fcksek performansl\u0131 kal\u0131p ya\u011flama tabancalar\u0131d\u0131r.<\/p><p data-start=\"635\" data-end=\"826\">Kal\u0131p ay\u0131r\u0131c\u0131 (release agent) uygulamas\u0131n\u0131n homojen ve dengeli \u015fekilde ger\u00e7ekle\u015ftirilmesini sa\u011flayarak par\u00e7a y\u00fczey kalitesini art\u0131r\u0131r, kal\u0131p \u00f6mr\u00fcn\u00fc uzat\u0131r ve proses stabilitesine katk\u0131 sunar.<\/p><hr data-start=\"828\" data-end=\"831\" \/><h3 data-start=\"833\" data-end=\"852\">Process Additives<\/h3><ul data-start=\"854\" data-end=\"1056\"><li data-start=\"854\" data-end=\"892\"><p data-start=\"856\" data-end=\"892\">Homojen ve kontroll\u00fc kal\u0131p ya\u011flama<\/p><\/li><li data-start=\"893\" data-end=\"929\"><p data-start=\"895\" data-end=\"929\">Par\u00e7a y\u00fczey kalitesinde iyile\u015fme<\/p><\/li><li data-start=\"930\" data-end=\"974\"><p data-start=\"932\" data-end=\"974\">Yap\u0131\u015fma (soldering) riskinin azalt\u0131lmas\u0131<\/p><\/li><li data-start=\"975\" data-end=\"1017\"><p data-start=\"977\" data-end=\"1017\">Kal\u0131p y\u00fczey s\u0131cakl\u0131k kontrol\u00fcne destek<\/p><\/li><li data-start=\"1018\" data-end=\"1056\"><p data-start=\"1020\" data-end=\"1056\">\u00c7evrim s\u00fcresinin optimize edilmesi<\/p><\/li><\/ul><hr data-start=\"1058\" data-end=\"1061\" \/><h3 data-start=\"1063\" data-end=\"1083\">Technical Advantages<\/h3><ul data-start=\"1085\" data-end=\"1284\"><li data-start=\"1085\" data-end=\"1114\"><p data-start=\"1087\" data-end=\"1114\">Hassas p\u00fcsk\u00fcrtme kontrol\u00fc<\/p><\/li><li data-start=\"1115\" data-end=\"1156\"><p data-start=\"1117\" data-end=\"1156\">Ayarlanabilir debi ve p\u00fcsk\u00fcrtme a\u00e7\u0131s\u0131<\/p><\/li><li data-start=\"1157\" data-end=\"1191\"><p data-start=\"1159\" data-end=\"1191\">Ergonomik ve dayan\u0131kl\u0131 tasar\u0131m<\/p><\/li><li data-start=\"1192\" data-end=\"1231\"><p data-start=\"1194\" data-end=\"1231\">Y\u00fcksek s\u0131cakl\u0131k ortam\u0131na uygun yap\u0131<\/p><\/li><li data-start=\"1232\" data-end=\"1284\"><p data-start=\"1234\" data-end=\"1284\">Manuel ve otomatik sistemlerle uyumlu se\u00e7enekler<\/p><\/li><\/ul>\t\t\t\t\t\t\t\t<\/div>\n\t\t\t\t\t<\/div>\n\t\t\t\t<\/div>\n\t\t\t\t<\/div>","protected":false},"excerpt":{"rendered":"<p>Kal\u0131p Ya\u011flama Tabancalar\u0131 Bas\u0131n\u00e7l\u0131 al\u00fcminyum d\u00f6k\u00fcm proseslerinde kal\u0131p y\u00fczeyinin kontroll\u00fc \u015fekilde ya\u011flanmas\u0131 ve [&hellip;]<\/p>\n","protected":false},"author":1,"featured_media":0,"parent":0,"menu_order":0,"comment_status":"closed","ping_status":"closed","template":"","meta":{"_acf_changed":false,"_eb_attr":"","om_disable_all_campaigns":false,"_monsterinsights_skip_tracking":false,"_monsterinsights_sitenote_active":false,"_monsterinsights_sitenote_note":"","_monsterinsights_sitenote_category":0,"footnotes":""},"class_list":["post-1029","page","type-page","status-publish","hentry"],"acf":[],"aioseo_notices":[],"_links":{"self":[{"href":"https:\/\/www.dte-international.com\/en\/wp-json\/wp\/v2\/pages\/1029","targetHints":{"allow":["GET"]}}],"collection":[{"href":"https:\/\/www.dte-international.com\/en\/wp-json\/wp\/v2\/pages"}],"about":[{"href":"https:\/\/www.dte-international.com\/en\/wp-json\/wp\/v2\/types\/page"}],"author":[{"embeddable":true,"href":"https:\/\/www.dte-international.com\/en\/wp-json\/wp\/v2\/users\/1"}],"replies":[{"embeddable":true,"href":"https:\/\/www.dte-international.com\/en\/wp-json\/wp\/v2\/comments?post=1029"}],"version-history":[{"count":11,"href":"https:\/\/www.dte-international.com\/en\/wp-json\/wp\/v2\/pages\/1029\/revisions"}],"predecessor-version":[{"id":1412,"href":"https:\/\/www.dte-international.com\/en\/wp-json\/wp\/v2\/pages\/1029\/revisions\/1412"}],"wp:attachment":[{"href":"https:\/\/www.dte-international.com\/en\/wp-json\/wp\/v2\/media?parent=1029"}],"curies":[{"name":"wp","href":"https:\/\/api.w.org\/{rel}","templated":true}]}}