{"id":1023,"date":"2026-02-20T14:04:54","date_gmt":"2026-02-20T14:04:54","guid":{"rendered":"https:\/\/www.dte-international.com\/?page_id=1023"},"modified":"2026-04-08T13:44:05","modified_gmt":"2026-04-08T13:44:05","slug":"bakir-piston","status":"publish","type":"page","link":"https:\/\/www.dte-international.com\/en\/bakir-piston\/","title":{"rendered":"Copper Piston"},"content":{"rendered":"<div data-elementor-type=\"wp-page\" data-elementor-id=\"1023\" class=\"elementor elementor-1023\" data-elementor-settings=\"{&quot;ha_cmc_init_switcher&quot;:&quot;no&quot;}\">\n\t\t\t\t<div class=\"elementor-element elementor-element-179ebac e-flex e-con-boxed wpr-particle-no wpr-jarallax-no wpr-parallax-no wpr-sticky-section-no wpr-equal-height-no e-con e-parent\" data-id=\"179ebac\" data-element_type=\"container\" data-e-type=\"container\" data-settings=\"{&quot;_ha_eqh_enable&quot;:false}\">\n\t\t\t\t\t<div class=\"e-con-inner\">\n\t\t\t\t<div class=\"elementor-element elementor-element-72508be elementor-widget elementor-widget-heading\" data-id=\"72508be\" data-element_type=\"widget\" data-e-type=\"widget\" data-widget_type=\"heading.default\">\n\t\t\t\t\t<h2 class=\"elementor-heading-title elementor-size-default\">Copper Piston <\/h2>\t\t\t\t<\/div>\n\t\t\t\t\t<\/div>\n\t\t\t\t<\/div>\n\t\t<div class=\"elementor-element elementor-element-66081b7 e-flex e-con-boxed wpr-particle-no wpr-jarallax-no wpr-parallax-no wpr-sticky-section-no wpr-equal-height-no e-con e-parent\" data-id=\"66081b7\" data-element_type=\"container\" data-e-type=\"container\" data-settings=\"{&quot;_ha_eqh_enable&quot;:false}\">\n\t\t\t\t\t<div class=\"e-con-inner\">\n\t\t\t\t<div class=\"elementor-element elementor-element-42d7512 elementor-widget elementor-widget-image\" data-id=\"42d7512\" data-element_type=\"widget\" data-e-type=\"widget\" data-widget_type=\"image.default\">\n\t\t\t\t\t\t\t\t\t\t\t\t\t\t\t<img fetchpriority=\"high\" decoding=\"async\" width=\"300\" height=\"182\" src=\"https:\/\/www.dte-international.com\/wp-content\/uploads\/2026\/02\/b8615f34-e6a3-48bf-a425-944b83cb7b70-300x182.png\" class=\"attachment-medium size-medium wp-image-1025\" alt=\"\" srcset=\"https:\/\/www.dte-international.com\/wp-content\/uploads\/2026\/02\/b8615f34-e6a3-48bf-a425-944b83cb7b70-300x182.png 300w, https:\/\/www.dte-international.com\/wp-content\/uploads\/2026\/02\/b8615f34-e6a3-48bf-a425-944b83cb7b70-18x12.png 18w, https:\/\/www.dte-international.com\/wp-content\/uploads\/2026\/02\/b8615f34-e6a3-48bf-a425-944b83cb7b70.png 747w\" sizes=\"(max-width: 300px) 100vw, 300px\" \/>\t\t\t\t\t\t\t\t\t\t\t\t\t\t\t<\/div>\n\t\t\t\t\t<\/div>\n\t\t\t\t<\/div>\n\t\t<div class=\"elementor-element elementor-element-ae9345d e-flex e-con-boxed wpr-particle-no wpr-jarallax-no wpr-parallax-no wpr-sticky-section-no wpr-equal-height-no e-con e-parent\" data-id=\"ae9345d\" data-element_type=\"container\" data-e-type=\"container\" data-settings=\"{&quot;_ha_eqh_enable&quot;:false}\">\n\t\t\t\t\t<div class=\"e-con-inner\">\n\t\t\t\t<div class=\"elementor-element elementor-element-f133288 elementor-widget elementor-widget-text-editor\" data-id=\"f133288\" data-element_type=\"widget\" data-e-type=\"widget\" data-widget_type=\"text-editor.default\">\n\t\t\t\t\t\t\t\t\t<p data-start=\"386\" data-end=\"567\" class=\"translation-block\">Copper pistons are a critical component of the injection system in pressure die casting (HPDC) machines, pushing molten metal through the shot sleeve into the mold cavity under high pressure.<\/p><p data-start=\"569\" data-end=\"590\">Plunger tip, metal:<\/p><ul data-start=\"592\" data-end=\"732\"><li data-start=\"592\" data-end=\"624\"><p data-start=\"594\" data-end=\"624\">Moving at a controlled speed<\/p><\/li><li data-start=\"625\" data-end=\"660\"><p data-start=\"627\" data-end=\"660\">Minimizing turbulence<\/p><\/li><li data-start=\"661\" data-end=\"701\"><p data-start=\"663\" data-end=\"701\">Removing air from the system<\/p><\/li><li data-start=\"702\" data-end=\"732\"><p data-start=\"704\" data-end=\"732\">Ensuring homogeneous filling.<\/p><\/li><\/ul><p data-start=\"734\" data-end=\"747\">makes it possible.<\/p><hr data-start=\"749\" data-end=\"752\" \/><h3 data-start=\"754\" data-end=\"772\">Why Copper?<\/h3><p data-start=\"774\" data-end=\"811\">Copper alloys are preferred because:<\/p><ul data-start=\"813\" data-end=\"1036\"><li data-start=\"813\" data-end=\"849\"><p data-start=\"815\" data-end=\"849\">\ud83d\udd39 Provides high thermal conductivity.<\/p><\/li><li data-start=\"850\" data-end=\"896\"><p data-start=\"852\" data-end=\"896\">\ud83d\udd39 It reduces sticking by dissipating heat quickly.<\/p><\/li><li data-start=\"897\" data-end=\"931\"><p data-start=\"899\" data-end=\"931\">\ud83d\udd39 Resistant to thermal shocks.<\/p><\/li><li data-start=\"932\" data-end=\"975\"><p data-start=\"934\" data-end=\"975\">\ud83d\udd39 Minimizes shot sleeve wear.<\/p><\/li><li data-start=\"976\" data-end=\"1036\"><p data-start=\"978\" data-end=\"1036\">\ud83d\udd39 Reduces metal spatter and soldering.<\/p><\/li><\/ul><p data-start=\"1038\" data-end=\"1106\">Bu sayede daha stabil enjeksiyon ve daha d\u00fc\u015f\u00fck porozite elde edilir.<\/p><hr data-start=\"1108\" data-end=\"1111\" \/><h3 data-start=\"1113\" data-end=\"1143\">Impact on the Process<\/h3><p data-start=\"1145\" data-end=\"1173\">Correct plunger tip usage:<\/p><ul data-start=\"1175\" data-end=\"1301\"><li data-start=\"1175\" data-end=\"1201\"><p data-start=\"1177\" data-end=\"1201\">Less gas porosity<\/p><\/li><li data-start=\"1202\" data-end=\"1223\"><p data-start=\"1204\" data-end=\"1223\">More even filling<\/p><\/li><li data-start=\"1224\" data-end=\"1245\"><p data-start=\"1226\" data-end=\"1245\">Reduced waste rate<\/p><\/li><li data-start=\"1246\" data-end=\"1271\"><p data-start=\"1248\" data-end=\"1271\">Long shot sleeve life<\/p><\/li><li data-start=\"1272\" data-end=\"1301\"><p data-start=\"1274\" data-end=\"1301\">More stable cycle time<\/p><\/li><\/ul>\t\t\t\t\t\t\t\t<\/div>\n\t\t\t\t\t<\/div>\n\t\t\t\t<\/div>\n\t\t\t\t<\/div>","protected":false},"excerpt":{"rendered":"<p>Bak\u0131r Piston Bak\u0131r pistonlar, bas\u0131n\u00e7l\u0131 al\u00fcminyum d\u00f6k\u00fcm (HPDC) makinelerinde s\u0131v\u0131 metali shot sleeve [&hellip;]<\/p>\n","protected":false},"author":1,"featured_media":0,"parent":0,"menu_order":0,"comment_status":"closed","ping_status":"closed","template":"","meta":{"_acf_changed":false,"_eb_attr":"","om_disable_all_campaigns":false,"_monsterinsights_skip_tracking":false,"_monsterinsights_sitenote_active":false,"_monsterinsights_sitenote_note":"","_monsterinsights_sitenote_category":0,"footnotes":""},"class_list":["post-1023","page","type-page","status-publish","hentry"],"acf":[],"aioseo_notices":[],"_links":{"self":[{"href":"https:\/\/www.dte-international.com\/en\/wp-json\/wp\/v2\/pages\/1023","targetHints":{"allow":["GET"]}}],"collection":[{"href":"https:\/\/www.dte-international.com\/en\/wp-json\/wp\/v2\/pages"}],"about":[{"href":"https:\/\/www.dte-international.com\/en\/wp-json\/wp\/v2\/types\/page"}],"author":[{"embeddable":true,"href":"https:\/\/www.dte-international.com\/en\/wp-json\/wp\/v2\/users\/1"}],"replies":[{"embeddable":true,"href":"https:\/\/www.dte-international.com\/en\/wp-json\/wp\/v2\/comments?post=1023"}],"version-history":[{"count":11,"href":"https:\/\/www.dte-international.com\/en\/wp-json\/wp\/v2\/pages\/1023\/revisions"}],"predecessor-version":[{"id":1391,"href":"https:\/\/www.dte-international.com\/en\/wp-json\/wp\/v2\/pages\/1023\/revisions\/1391"}],"wp:attachment":[{"href":"https:\/\/www.dte-international.com\/en\/wp-json\/wp\/v2\/media?parent=1023"}],"curies":[{"name":"wp","href":"https:\/\/api.w.org\/{rel}","templated":true}]}}