{"id":1011,"date":"2026-02-20T13:55:20","date_gmt":"2026-02-20T13:55:20","guid":{"rendered":"https:\/\/www.dte-international.com\/?page_id=1011"},"modified":"2026-04-08T13:47:33","modified_gmt":"2026-04-08T13:47:33","slug":"dokum-kepce-ve-kevgirleri","status":"publish","type":"page","link":"https:\/\/www.dte-international.com\/en\/dokum-kepce-ve-kevgirleri\/","title":{"rendered":"Cast Iron Ladles and Strainers"},"content":{"rendered":"<div data-elementor-type=\"wp-page\" data-elementor-id=\"1011\" class=\"elementor elementor-1011\" data-elementor-settings=\"{&quot;ha_cmc_init_switcher&quot;:&quot;no&quot;}\">\n\t\t\t\t<div class=\"elementor-element elementor-element-3d512f1 e-flex e-con-boxed wpr-particle-no wpr-jarallax-no wpr-parallax-no wpr-sticky-section-no wpr-equal-height-no e-con e-parent\" data-id=\"3d512f1\" data-element_type=\"container\" data-e-type=\"container\" data-settings=\"{&quot;_ha_eqh_enable&quot;:false}\">\n\t\t\t\t\t<div class=\"e-con-inner\">\n\t\t\t\t<div class=\"elementor-element elementor-element-a68ecc4 elementor-widget elementor-widget-heading\" data-id=\"a68ecc4\" data-element_type=\"widget\" data-e-type=\"widget\" data-widget_type=\"heading.default\">\n\t\t\t\t\t<h2 class=\"elementor-heading-title elementor-size-default\">Cast Iron Ladles and Strainers <\/h2>\t\t\t\t<\/div>\n\t\t\t\t\t<\/div>\n\t\t\t\t<\/div>\n\t\t<div class=\"elementor-element elementor-element-d3206d6 e-flex e-con-boxed wpr-particle-no wpr-jarallax-no wpr-parallax-no wpr-sticky-section-no wpr-equal-height-no e-con e-parent\" data-id=\"d3206d6\" data-element_type=\"container\" data-e-type=\"container\" data-settings=\"{&quot;_ha_eqh_enable&quot;:false}\">\n\t\t\t\t\t<div class=\"e-con-inner\">\n\t\t\t\t<div class=\"elementor-element elementor-element-0172a77 elementor-widget elementor-widget-image\" data-id=\"0172a77\" data-element_type=\"widget\" data-e-type=\"widget\" data-widget_type=\"image.default\">\n\t\t\t\t\t\t\t\t\t\t\t\t\t\t\t<img fetchpriority=\"high\" decoding=\"async\" width=\"691\" height=\"444\" src=\"https:\/\/www.dte-international.com\/wp-content\/uploads\/2026\/02\/5afbe8b0-dfe4-442e-9353-70a009445a6a.png\" class=\"attachment-large size-large wp-image-1013\" alt=\"\" srcset=\"https:\/\/www.dte-international.com\/wp-content\/uploads\/2026\/02\/5afbe8b0-dfe4-442e-9353-70a009445a6a.png 691w, https:\/\/www.dte-international.com\/wp-content\/uploads\/2026\/02\/5afbe8b0-dfe4-442e-9353-70a009445a6a-300x193.png 300w, https:\/\/www.dte-international.com\/wp-content\/uploads\/2026\/02\/5afbe8b0-dfe4-442e-9353-70a009445a6a-18x12.png 18w\" sizes=\"(max-width: 691px) 100vw, 691px\" \/>\t\t\t\t\t\t\t\t\t\t\t\t\t\t\t<\/div>\n\t\t\t\t\t<\/div>\n\t\t\t\t<\/div>\n\t\t<div class=\"elementor-element elementor-element-7ff8dca e-flex e-con-boxed wpr-particle-no wpr-jarallax-no wpr-parallax-no wpr-sticky-section-no wpr-equal-height-no e-con e-parent\" data-id=\"7ff8dca\" data-element_type=\"container\" data-e-type=\"container\" data-settings=\"{&quot;_ha_eqh_enable&quot;:false}\">\n\t\t\t\t\t<div class=\"e-con-inner\">\n\t\t\t\t<div class=\"elementor-element elementor-element-dd14965 elementor-widget elementor-widget-text-editor\" data-id=\"dd14965\" data-element_type=\"widget\" data-e-type=\"widget\" data-widget_type=\"text-editor.default\">\n\t\t\t\t\t\t\t\t\t<p data-start=\"491\" data-end=\"693\">These high-strength ladles and strainers are designed for the safe transfer of liquid metal and the controlled removal of slag formed on the surface during aluminum melting and casting processes.<\/p><p data-start=\"695\" data-end=\"846\">Its high temperature resistance, ergonomic design, and long service life enhance operational safety and minimize metal loss.<\/p><hr data-start=\"1085\" data-end=\"1088\" \/><h3 data-start=\"1090\" data-end=\"1110\">Technical Features<\/h3><ul data-start=\"1112\" data-end=\"1329\"><li data-start=\"1112\" data-end=\"1156\"><p data-start=\"1114\" data-end=\"1156\">High temperature resistant material structure<\/p><\/li><li data-start=\"1157\" data-end=\"1189\"><p data-start=\"1159\" data-end=\"1189\">Ergonomic and balanced design.<\/p><\/li><li data-start=\"1190\" data-end=\"1226\"><p data-start=\"1192\" data-end=\"1226\">Various volume and size options<\/p><\/li><li data-start=\"1227\" data-end=\"1282\"><p data-start=\"1229\" data-end=\"1282\">Durable construction for industrial use.<\/p><\/li><li data-start=\"1283\" data-end=\"1329\"><p data-start=\"1285\" data-end=\"1329\">Design suitable for aluminum casting processes.<\/p><\/li><\/ul>\t\t\t\t\t\t\t\t<\/div>\n\t\t\t\t\t<\/div>\n\t\t\t\t<\/div>\n\t\t\t\t<\/div>","protected":false},"excerpt":{"rendered":"<p>D\u00f6k\u00fcm Kep\u00e7e ve Kevgirleri Al\u00fcminyum ergitme ve d\u00f6k\u00fcm proseslerinde s\u0131v\u0131 metalin g\u00fcvenli transferi [&hellip;]<\/p>\n","protected":false},"author":1,"featured_media":0,"parent":0,"menu_order":0,"comment_status":"closed","ping_status":"closed","template":"","meta":{"_acf_changed":false,"_eb_attr":"","om_disable_all_campaigns":false,"_monsterinsights_skip_tracking":false,"_monsterinsights_sitenote_active":false,"_monsterinsights_sitenote_note":"","_monsterinsights_sitenote_category":0,"footnotes":""},"class_list":["post-1011","page","type-page","status-publish","hentry"],"acf":[],"aioseo_notices":[],"_links":{"self":[{"href":"https:\/\/www.dte-international.com\/en\/wp-json\/wp\/v2\/pages\/1011","targetHints":{"allow":["GET"]}}],"collection":[{"href":"https:\/\/www.dte-international.com\/en\/wp-json\/wp\/v2\/pages"}],"about":[{"href":"https:\/\/www.dte-international.com\/en\/wp-json\/wp\/v2\/types\/page"}],"author":[{"embeddable":true,"href":"https:\/\/www.dte-international.com\/en\/wp-json\/wp\/v2\/users\/1"}],"replies":[{"embeddable":true,"href":"https:\/\/www.dte-international.com\/en\/wp-json\/wp\/v2\/comments?post=1011"}],"version-history":[{"count":8,"href":"https:\/\/www.dte-international.com\/en\/wp-json\/wp\/v2\/pages\/1011\/revisions"}],"predecessor-version":[{"id":1400,"href":"https:\/\/www.dte-international.com\/en\/wp-json\/wp\/v2\/pages\/1011\/revisions\/1400"}],"wp:attachment":[{"href":"https:\/\/www.dte-international.com\/en\/wp-json\/wp\/v2\/media?parent=1011"}],"curies":[{"name":"wp","href":"https:\/\/api.w.org\/{rel}","templated":true}]}}